{"id":1278,"date":"2018-05-04T10:59:38","date_gmt":"2018-05-04T08:59:38","guid":{"rendered":"http:\/\/adearlimousin.com\/?page_id=1278"},"modified":"2026-03-27T12:25:37","modified_gmt":"2026-03-27T11:25:37","slug":"rencontres-collectives","status":"publish","type":"page","link":"https:\/\/adearlimousin.com\/index.php\/installation-agriculture-limousin\/rencontres-collectives\/","title":{"rendered":"Caf\u00e9s installation-transmission : RDVI et RDVA"},"content":{"rendered":"\n<h1 class=\"wp-block-heading\"><strong>Comment \u00e7a marche ?<\/strong><\/h1>\n\n\n\n<p>Les rencontres collectives sont<strong><span style=\"text-decoration: underline;\"> gratuites et ouverts \u00e0 tous<\/span><\/strong>\u00b7<strong><span style=\"text-decoration: underline;\">tes<\/span><\/strong> pour vous accompagner vers l<strong>&lsquo;installation agricole<\/strong> sur simple inscription.<\/p>\n\n\n\n<p>Nous organisons deux types de rencontres collectives :<\/p>\n\n\n\n<ul class=\"wp-block-list\">\n<li>Les <strong>Rendez-vous de l&rsquo;installation<\/strong> (RDVI) qui permettent de comprendre le parcours \u00e0 l&rsquo;installation, de conna\u00eetre le r\u00e9seau mais c&rsquo;est aussi la premi\u00e8re porte d&rsquo;entr\u00e9e pour en savoir plus sur notre accompagnement, notre fonctionnement et l&rsquo;<a href=\"https:\/\/adearlimousin.com\/index.php\/adear-limousin\/lagriculture-paysanne-cestquoi\/\">Agriculture paysanne<\/a>. Ces rencontres sont fortement recommand\u00e9es et\/ou un pr\u00e9-requis si vous \u00eates dans une d\u00e9marche de transmission, d&rsquo;association ou de cr\u00e9ation d&rsquo;entreprise.<\/li>\n<\/ul>\n\n\n\n<p><\/p>\n\n\n\n<ul class=\"wp-block-list\">\n<li>Les <strong>Rendez-vous des aides<\/strong> (RDVA) qui permettent de d\u00e9couvrir les dispositifs, les aides, la DNJA et le pr\u00eat d&rsquo;honneur tout en partageant vos questionnements. Ces rencontres sont un pr\u00e9-requis si vous souhaitez vous faire accompagner pour la demande de la DNJA.<\/li>\n<\/ul>\n\n\n\n<p><\/p>\n\n\n\n<h2 class=\"wp-block-heading\"><mark style=\"background-color:rgba(0, 0, 0, 0);color:#8cb110\" class=\"has-inline-color\"><strong>RDVI : programme et dates<\/strong><\/mark><\/h2>\n\n\n\n<p><em><strong>Pr\u00e9-requis<\/strong> pour demander \u00e0 \u00eatre accompagn\u00e9 individuellement<\/em><br><em><mark style=\"background-color:rgba(0, 0, 0, 0);color:#4066aa\" class=\"has-inline-color\">Recommand\u00e9 dans une <strong>d\u00e9marche de transmission ou d&rsquo;association<\/strong><\/mark><\/em><\/p>\n\n\n\n<p><strong>Au programme :<\/strong><\/p>\n\n\n\n<ul class=\"wp-block-list\">\n<li>Un <strong><span style=\"color: #99cc00;\"><span style=\"color:#bdcd00\" class=\"has-inline-color\">temps d&rsquo;\u00e9change sur vos projets<\/span><\/span><\/strong>, vos motivations et vos probl\u00e9matiques du moment<\/li>\n\n\n\n<li>Les <strong><span style=\"color: #99cc00;\"><span style=\"color:#bdcd00\" class=\"has-inline-color\">grandes \u00e9tapes d&rsquo;un parcours \u00e0 l&rsquo;installation<\/span><\/span><\/strong>, en fonction d&rsquo;o\u00f9 chacun se situe<\/li>\n\n\n\n<li>Des <strong><span style=\"color: #99cc00;\"><span style=\"color:#bdcd00\" class=\"has-inline-color\">premi\u00e8res r\u00e9ponses<\/span><\/span> <\/strong>\u00e0 vos besoins (statuts, foncier, etc.)<\/li>\n\n\n\n<li>Et bien sur, la pr\u00e9sentation de l&rsquo;Adear, du r\u00e9seau InPACT et de <span style=\"color: #99cc00;\"><strong><span style=\"color:#bdcd00\" class=\"has-inline-color\">nos outils pour vous accompagner.<\/span><\/strong><\/span><\/li>\n<\/ul>\n\n\n\n<p><\/p>\n\n\n\n<p><strong>Dates :<span style=\"text-decoration: underline;\"><\/span><\/strong><\/p>\n\n\n\n<figure class=\"wp-block-table is-style-stripes\"><table><tbody><tr><td>Mardi 21 Avril &#8211; 14h30<\/td><td>Tulle (19)<\/td><\/tr><tr><td>Mardi 28 Avril &#8211; 14h30<\/td><td>Limoges (87)<\/td><\/tr><tr><td>Mardi 19 Mai &#8211; 14h30<\/td><td>Ajain (23)<\/td><\/tr><tr><td>Mardi 16 Juin &#8211; 14h30<\/td><td>Tulle (19)<\/td><\/tr><tr><td>Mardi 23 Juin &#8211; 14h30<\/td><td>Limoges (87)<\/td><\/tr><tr><td>Mardi 30 Juin &#8211; 14h30<\/td><td>Valli\u00e8re (23)<\/td><\/tr><tr><td>Mardi 08 Septembre &#8211; 14h30<\/td><td>Limoges (87)<\/td><\/tr><tr><td>Mardi 15 Septembre &#8211; 14h30<\/td><td>Tulle (19)<\/td><\/tr><tr><td>Mardi 29 Septembre &#8211; 14h30<\/td><td>Ajain (23)<\/td><\/tr><tr><td>Mardi 20 Octobre &#8211; 14h30<\/td><td>Limoges (87)<\/td><\/tr><tr><td>Mardi 03 Novembre &#8211; 14h30<\/td><td>Tulle (19)<\/td><\/tr><tr><td>Mardi 17 Novembre &#8211; 14h30<\/td><td>Valli\u00e8re (23)<\/td><\/tr><tr><td>Mardi 01 D\u00e9cembre- 14h30<\/td><td>Limoges (87)<\/td><\/tr><\/tbody><\/table><\/figure>\n\n\n\n<h2 class=\"wp-block-heading\"><mark style=\"background-color:rgba(0, 0, 0, 0);color:#8cb110\" class=\"has-inline-color\"><strong>RDVA : programme et dates<\/strong><\/mark><\/h2>\n\n\n\n<p><em>Pr\u00e9-requis si on souhaite demander la DNJA ou le pr\u00eat d&rsquo;honneur<\/em>.<\/p>\n\n\n\n<p><strong>Au programme :<\/strong><\/p>\n\n\n\n<ul class=\"wp-block-list\">\n<li><mark style=\"background-color:rgba(0, 0, 0, 0)\" class=\"has-inline-color has-black-color\">D\u00e9couvrir<\/mark> les financements possibles pour son projet<\/li>\n\n\n\n<li>Savoir o\u00f9 chercher l&rsquo;information<\/li>\n\n\n\n<li>Comprendre un appel \u00e0 projet (ex: PCAE)<\/li>\n\n\n\n<li>Se positionner : est-ce le bon moment pour commencer mon chiffrage ? <\/li>\n\n\n\n<li>La DNJA : calendrier, crit\u00e8res et conditions. <\/li>\n<\/ul>\n\n\n\n<p><\/p>\n\n\n\n<p><strong>Dates <\/strong>:<span style=\"text-decoration: underline;\"><\/span><\/p>\n\n\n\n<figure class=\"wp-block-table is-style-stripes\"><table><tbody><tr><td>Jeudi 07 Mai &#8211; 14h30<\/td><td>Tulle (19)<\/td><\/tr><tr><td>Jeudi 28 Mai &#8211; 14h30<\/td><td>Limoges (87)<\/td><\/tr><tr><td>Jeudi 04 Juin &#8211; 14h30<\/td><td>Ajain (23)<\/td><\/tr><tr><td>Jeudi 1er Octobre &#8211; 14h30<\/td><td>Limoges (87)<\/td><\/tr><tr><td>Jeudi 22 Octobre &#8211; 14h30<\/td><td>Tulle (19)<\/td><\/tr><tr><td>Jeudi 26 Novembre &#8211; 14h30<\/td><td>Valli\u00e8re (23)<\/td><\/tr><tr><td>Jeudi 10 D\u00e9cembre &#8211; 14h30<\/td><td>Limoges (87)<\/td><\/tr><\/tbody><\/table><\/figure>\n\n\n\n<p class=\"has-text-align-center has-medium-font-size\"><strong><span style=\"color: #ff6600;\"><mark style=\"background-color:rgba(0, 0, 0, 0);color:#ff9900\" class=\"has-inline-color\">UNIQUEMENT SUR INSCRIPTION (places limit\u00e9es)<\/mark><\/span><\/strong><br><strong><span style=\"color: #ff6600;\"><mark style=\"background-color:rgba(0, 0, 0, 0);color:#ff9900\" class=\"has-inline-color\">&#8211; par mail : contact [at] adearlimousin.com<\/mark><\/span><\/strong><br><strong><span style=\"color: #ff6600;\"><mark style=\"background-color:rgba(0, 0, 0, 0);color:#ff9900\" class=\"has-inline-color\">&#8211; ou par t\u00e9l\u00e9phone au 05.87.50.41.03<\/mark><br><\/span><\/strong><\/p>\n\n\n\n<figure class=\"wp-block-image size-large is-resized\"><img loading=\"lazy\" decoding=\"async\" width=\"1024\" height=\"342\" src=\"https:\/\/adearlimousin.com\/wp-content\/uploads\/2021\/12\/Bas-de-page-site-internet-21-x-7-cm-1024x342.png\" alt=\"rencontres collectives\" class=\"wp-image-5995\" style=\"width:840px;height:auto\" srcset=\"https:\/\/adearlimousin.com\/wp-content\/uploads\/2021\/12\/Bas-de-page-site-internet-21-x-7-cm-1024x342.png 1024w, https:\/\/adearlimousin.com\/wp-content\/uploads\/2021\/12\/Bas-de-page-site-internet-21-x-7-cm-300x100.png 300w, https:\/\/adearlimousin.com\/wp-content\/uploads\/2021\/12\/Bas-de-page-site-internet-21-x-7-cm-768x256.png 768w, https:\/\/adearlimousin.com\/wp-content\/uploads\/2021\/12\/Bas-de-page-site-internet-21-x-7-cm-1536x512.png 1536w, https:\/\/adearlimousin.com\/wp-content\/uploads\/2021\/12\/Bas-de-page-site-internet-21-x-7-cm-1139x380.png 1139w, https:\/\/adearlimousin.com\/wp-content\/uploads\/2021\/12\/Bas-de-page-site-internet-21-x-7-cm-1320x440.png 1320w, https:\/\/adearlimousin.com\/wp-content\/uploads\/2021\/12\/Bas-de-page-site-internet-21-x-7-cm.png 2000w\" sizes=\"auto, (max-width: 1024px) 100vw, 1024px\" \/><\/figure>\n\n\n\n<p><\/p>\n","protected":false},"excerpt":{"rendered":"<p>Comment \u00e7a marche ? Les rencontres collectives sont gratuites et ouverts \u00e0 tous\u00b7tes pour vous accompagner vers l&lsquo;installation agricole sur simple inscription. Nous organisons deux types de rencontres collectives : &hellip; <a href=\"https:\/\/adearlimousin.com\/index.php\/installation-agriculture-limousin\/rencontres-collectives\/\" class=\"more-link\">Lire la suite <span class=\"screen-reader-text\">Caf\u00e9s installation-transmission : RDVI et RDVA<\/span><\/a><\/p>\n","protected":false},"author":1,"featured_media":0,"parent":19,"menu_order":0,"comment_status":"closed","ping_status":"closed","template":"","meta":{"_uag_custom_page_level_css":"","_EventAllDay":false,"_EventTimezone":"","_EventStartDate":"","_EventEndDate":"","_EventStartDateUTC":"","_EventEndDateUTC":"","_EventShowMap":false,"_EventShowMapLink":false,"_EventURL":"","_EventCost":"","_EventCostDescription":"","_EventCurrencySymbol":"","_EventCurrencyCode":"","_EventCurrencyPosition":"","_EventDateTimeSeparator":"","_EventTimeRangeSeparator":"","_EventOrganizerID":[],"_EventVenueID":[],"_OrganizerEmail":"","_OrganizerPhone":"","_OrganizerWebsite":"","_VenueAddress":"","_VenueCity":"","_VenueCountry":"","_VenueProvince":"","_VenueState":"","_VenueZip":"","_VenuePhone":"","_VenueURL":"","_VenueStateProvince":"","_VenueLat":"","_VenueLng":"","_VenueShowMap":false,"_VenueShowMapLink":false,"footnotes":""},"class_list":["post-1278","page","type-page","status-publish","hentry","without-featured-image"],"yoast_head":"<!-- This site is optimized with the Yoast SEO plugin v27.1.1 - https:\/\/yoast.com\/product\/yoast-seo-wordpress\/ -->\n<title>Caf\u00e9s installation-transmission : RDVI et RDVA - ADEAR Limousin<\/title>\n<meta name=\"description\" content=\"Les rencontres collectives sont gratuites et ouverts \u00e0 tous.tes pour vous accompagner vers l&#039;installation agricole\" \/>\n<meta name=\"robots\" content=\"index, follow, max-snippet:-1, max-image-preview:large, max-video-preview:-1\" \/>\n<link rel=\"canonical\" href=\"https:\/\/adearlimousin.com\/index.php\/installation-agriculture-limousin\/rencontres-collectives\/\" \/>\n<meta property=\"og:locale\" content=\"fr_FR\" \/>\n<meta property=\"og:type\" content=\"article\" \/>\n<meta property=\"og:title\" content=\"Accueils Collectifs des Porteurs de projet\" \/>\n<meta property=\"og:description\" content=\"Un projet agricole ? Venez nous en parler !\" \/>\n<meta property=\"og:url\" content=\"https:\/\/adearlimousin.com\/index.php\/installation-agriculture-limousin\/rencontres-collectives\/\" \/>\n<meta property=\"og:site_name\" content=\"ADEAR Limousin\" \/>\n<meta property=\"article:publisher\" content=\"https:\/\/www.facebook.com\/adearlimousin\" \/>\n<meta property=\"article:modified_time\" content=\"2026-03-27T11:25:37+00:00\" \/>\n<meta property=\"og:image\" content=\"https:\/\/adearlimousin.com\/wp-content\/uploads\/2019\/05\/Com_AccueilCo_Accpt-Instal-2019.jpg\" \/>\n\t<meta property=\"og:image:width\" content=\"1169\" \/>\n\t<meta property=\"og:image:height\" content=\"826\" \/>\n\t<meta property=\"og:image:type\" content=\"image\/jpeg\" \/>\n<meta name=\"twitter:card\" content=\"summary_large_image\" \/>\n<meta name=\"twitter:label1\" content=\"Dur\u00e9e de lecture estim\u00e9e\" \/>\n\t<meta name=\"twitter:data1\" content=\"3 minutes\" \/>\n<script type=\"application\/ld+json\" class=\"yoast-schema-graph\">{\"@context\":\"https:\/\/schema.org\",\"@graph\":[{\"@type\":\"WebPage\",\"@id\":\"https:\/\/adearlimousin.com\/index.php\/installation-agriculture-limousin\/rencontres-collectives\/\",\"url\":\"https:\/\/adearlimousin.com\/index.php\/installation-agriculture-limousin\/rencontres-collectives\/\",\"name\":\"Caf\u00e9s installation-transmission : RDVI et RDVA - ADEAR Limousin\",\"isPartOf\":{\"@id\":\"https:\/\/adearlimousin.com\/#website\"},\"primaryImageOfPage\":{\"@id\":\"https:\/\/adearlimousin.com\/index.php\/installation-agriculture-limousin\/rencontres-collectives\/#primaryimage\"},\"image\":{\"@id\":\"https:\/\/adearlimousin.com\/index.php\/installation-agriculture-limousin\/rencontres-collectives\/#primaryimage\"},\"thumbnailUrl\":\"https:\/\/adearlimousin.com\/wp-content\/uploads\/2021\/12\/Bas-de-page-site-internet-21-x-7-cm-1024x342.png\",\"datePublished\":\"2018-05-04T08:59:38+00:00\",\"dateModified\":\"2026-03-27T11:25:37+00:00\",\"description\":\"Les rencontres collectives sont gratuites et ouverts \u00e0 tous.tes pour vous accompagner vers l'installation agricole\",\"breadcrumb\":{\"@id\":\"https:\/\/adearlimousin.com\/index.php\/installation-agriculture-limousin\/rencontres-collectives\/#breadcrumb\"},\"inLanguage\":\"fr-FR\",\"potentialAction\":[{\"@type\":\"ReadAction\",\"target\":[\"https:\/\/adearlimousin.com\/index.php\/installation-agriculture-limousin\/rencontres-collectives\/\"]}]},{\"@type\":\"ImageObject\",\"inLanguage\":\"fr-FR\",\"@id\":\"https:\/\/adearlimousin.com\/index.php\/installation-agriculture-limousin\/rencontres-collectives\/#primaryimage\",\"url\":\"https:\/\/adearlimousin.com\/wp-content\/uploads\/2021\/12\/Bas-de-page-site-internet-21-x-7-cm.png\",\"contentUrl\":\"https:\/\/adearlimousin.com\/wp-content\/uploads\/2021\/12\/Bas-de-page-site-internet-21-x-7-cm.png\",\"width\":2000,\"height\":667},{\"@type\":\"BreadcrumbList\",\"@id\":\"https:\/\/adearlimousin.com\/index.php\/installation-agriculture-limousin\/rencontres-collectives\/#breadcrumb\",\"itemListElement\":[{\"@type\":\"ListItem\",\"position\":1,\"name\":\"Accueil\",\"item\":\"https:\/\/adearlimousin.com\/\"},{\"@type\":\"ListItem\",\"position\":2,\"name\":\"S&rsquo;installer paysan\u00b7ne\",\"item\":\"https:\/\/adearlimousin.com\/index.php\/installation-agriculture-limousin\/\"},{\"@type\":\"ListItem\",\"position\":3,\"name\":\"Caf\u00e9s installation-transmission : RDVI et RDVA\"}]},{\"@type\":\"WebSite\",\"@id\":\"https:\/\/adearlimousin.com\/#website\",\"url\":\"https:\/\/adearlimousin.com\/\",\"name\":\"ADEAR Limousin\",\"description\":\"\u00catre paysan\u00b7ne en Limousin\",\"publisher\":{\"@id\":\"https:\/\/adearlimousin.com\/#organization\"},\"potentialAction\":[{\"@type\":\"SearchAction\",\"target\":{\"@type\":\"EntryPoint\",\"urlTemplate\":\"https:\/\/adearlimousin.com\/?s={search_term_string}\"},\"query-input\":{\"@type\":\"PropertyValueSpecification\",\"valueRequired\":true,\"valueName\":\"search_term_string\"}}],\"inLanguage\":\"fr-FR\"},{\"@type\":\"Organization\",\"@id\":\"https:\/\/adearlimousin.com\/#organization\",\"name\":\"Adear Limousin\",\"url\":\"https:\/\/adearlimousin.com\/\",\"logo\":{\"@type\":\"ImageObject\",\"inLanguage\":\"fr-FR\",\"@id\":\"https:\/\/adearlimousin.com\/#\/schema\/logo\/image\/\",\"url\":\"https:\/\/adearlimousin.com\/wp-content\/uploads\/2017\/04\/ADEARLimousin-RAP_V14cm.jpg\",\"contentUrl\":\"https:\/\/adearlimousin.com\/wp-content\/uploads\/2017\/04\/ADEARLimousin-RAP_V14cm.jpg\",\"width\":142,\"height\":118,\"caption\":\"Adear Limousin\"},\"image\":{\"@id\":\"https:\/\/adearlimousin.com\/#\/schema\/logo\/image\/\"},\"sameAs\":[\"https:\/\/www.facebook.com\/adearlimousin\"]}]}<\/script>\n<!-- \/ Yoast SEO plugin. -->","yoast_head_json":{"title":"Caf\u00e9s installation-transmission : RDVI et RDVA - ADEAR Limousin","description":"Les rencontres collectives sont gratuites et ouverts \u00e0 tous.tes pour vous accompagner vers l'installation agricole","robots":{"index":"index","follow":"follow","max-snippet":"max-snippet:-1","max-image-preview":"max-image-preview:large","max-video-preview":"max-video-preview:-1"},"canonical":"https:\/\/adearlimousin.com\/index.php\/installation-agriculture-limousin\/rencontres-collectives\/","og_locale":"fr_FR","og_type":"article","og_title":"Accueils Collectifs des Porteurs de projet","og_description":"Un projet agricole ? Venez nous en parler !","og_url":"https:\/\/adearlimousin.com\/index.php\/installation-agriculture-limousin\/rencontres-collectives\/","og_site_name":"ADEAR Limousin","article_publisher":"https:\/\/www.facebook.com\/adearlimousin","article_modified_time":"2026-03-27T11:25:37+00:00","og_image":[{"width":1169,"height":826,"url":"https:\/\/adearlimousin.com\/wp-content\/uploads\/2019\/05\/Com_AccueilCo_Accpt-Instal-2019.jpg","type":"image\/jpeg"}],"twitter_card":"summary_large_image","twitter_misc":{"Dur\u00e9e de lecture estim\u00e9e":"3 minutes"},"schema":{"@context":"https:\/\/schema.org","@graph":[{"@type":"WebPage","@id":"https:\/\/adearlimousin.com\/index.php\/installation-agriculture-limousin\/rencontres-collectives\/","url":"https:\/\/adearlimousin.com\/index.php\/installation-agriculture-limousin\/rencontres-collectives\/","name":"Caf\u00e9s installation-transmission : RDVI et RDVA - ADEAR Limousin","isPartOf":{"@id":"https:\/\/adearlimousin.com\/#website"},"primaryImageOfPage":{"@id":"https:\/\/adearlimousin.com\/index.php\/installation-agriculture-limousin\/rencontres-collectives\/#primaryimage"},"image":{"@id":"https:\/\/adearlimousin.com\/index.php\/installation-agriculture-limousin\/rencontres-collectives\/#primaryimage"},"thumbnailUrl":"https:\/\/adearlimousin.com\/wp-content\/uploads\/2021\/12\/Bas-de-page-site-internet-21-x-7-cm-1024x342.png","datePublished":"2018-05-04T08:59:38+00:00","dateModified":"2026-03-27T11:25:37+00:00","description":"Les rencontres collectives sont gratuites et ouverts \u00e0 tous.tes pour vous accompagner vers l'installation agricole","breadcrumb":{"@id":"https:\/\/adearlimousin.com\/index.php\/installation-agriculture-limousin\/rencontres-collectives\/#breadcrumb"},"inLanguage":"fr-FR","potentialAction":[{"@type":"ReadAction","target":["https:\/\/adearlimousin.com\/index.php\/installation-agriculture-limousin\/rencontres-collectives\/"]}]},{"@type":"ImageObject","inLanguage":"fr-FR","@id":"https:\/\/adearlimousin.com\/index.php\/installation-agriculture-limousin\/rencontres-collectives\/#primaryimage","url":"https:\/\/adearlimousin.com\/wp-content\/uploads\/2021\/12\/Bas-de-page-site-internet-21-x-7-cm.png","contentUrl":"https:\/\/adearlimousin.com\/wp-content\/uploads\/2021\/12\/Bas-de-page-site-internet-21-x-7-cm.png","width":2000,"height":667},{"@type":"BreadcrumbList","@id":"https:\/\/adearlimousin.com\/index.php\/installation-agriculture-limousin\/rencontres-collectives\/#breadcrumb","itemListElement":[{"@type":"ListItem","position":1,"name":"Accueil","item":"https:\/\/adearlimousin.com\/"},{"@type":"ListItem","position":2,"name":"S&rsquo;installer paysan\u00b7ne","item":"https:\/\/adearlimousin.com\/index.php\/installation-agriculture-limousin\/"},{"@type":"ListItem","position":3,"name":"Caf\u00e9s installation-transmission : RDVI et RDVA"}]},{"@type":"WebSite","@id":"https:\/\/adearlimousin.com\/#website","url":"https:\/\/adearlimousin.com\/","name":"ADEAR Limousin","description":"\u00catre paysan\u00b7ne en Limousin","publisher":{"@id":"https:\/\/adearlimousin.com\/#organization"},"potentialAction":[{"@type":"SearchAction","target":{"@type":"EntryPoint","urlTemplate":"https:\/\/adearlimousin.com\/?s={search_term_string}"},"query-input":{"@type":"PropertyValueSpecification","valueRequired":true,"valueName":"search_term_string"}}],"inLanguage":"fr-FR"},{"@type":"Organization","@id":"https:\/\/adearlimousin.com\/#organization","name":"Adear Limousin","url":"https:\/\/adearlimousin.com\/","logo":{"@type":"ImageObject","inLanguage":"fr-FR","@id":"https:\/\/adearlimousin.com\/#\/schema\/logo\/image\/","url":"https:\/\/adearlimousin.com\/wp-content\/uploads\/2017\/04\/ADEARLimousin-RAP_V14cm.jpg","contentUrl":"https:\/\/adearlimousin.com\/wp-content\/uploads\/2017\/04\/ADEARLimousin-RAP_V14cm.jpg","width":142,"height":118,"caption":"Adear Limousin"},"image":{"@id":"https:\/\/adearlimousin.com\/#\/schema\/logo\/image\/"},"sameAs":["https:\/\/www.facebook.com\/adearlimousin"]}]}},"uagb_featured_image_src":{"full":false,"thumbnail":false,"medium":false,"medium_large":false,"large":false,"1536x1536":false,"2048x2048":false,"post-thumbnail":false,"sela-hero-thumbnail":false,"sela-page-thumbnail":false,"sela-grid-thumbnail":false,"sela-testimonial-thumbnail":false,"sela-logo":false},"uagb_author_info":{"display_name":"Adearlim","author_link":"https:\/\/adearlimousin.com\/index.php\/author\/admin3869\/"},"uagb_comment_info":0,"uagb_excerpt":"Comment \u00e7a marche ? Les rencontres collectives sont gratuites et ouverts \u00e0 tous\u00b7tes pour vous accompagner vers l&lsquo;installation agricole sur simple inscription. Nous organisons deux types de rencontres collectives : &hellip; Lire la suite Caf\u00e9s installation-transmission : RDVI et RDVA","jetpack_sharing_enabled":true,"jetpack_shortlink":"https:\/\/wp.me\/P8DPFj-kC","jetpack_likes_enabled":false,"_links":{"self":[{"href":"https:\/\/adearlimousin.com\/index.php\/wp-json\/wp\/v2\/pages\/1278","targetHints":{"allow":["GET"]}}],"collection":[{"href":"https:\/\/adearlimousin.com\/index.php\/wp-json\/wp\/v2\/pages"}],"about":[{"href":"https:\/\/adearlimousin.com\/index.php\/wp-json\/wp\/v2\/types\/page"}],"author":[{"embeddable":true,"href":"https:\/\/adearlimousin.com\/index.php\/wp-json\/wp\/v2\/users\/1"}],"replies":[{"embeddable":true,"href":"https:\/\/adearlimousin.com\/index.php\/wp-json\/wp\/v2\/comments?post=1278"}],"version-history":[{"count":113,"href":"https:\/\/adearlimousin.com\/index.php\/wp-json\/wp\/v2\/pages\/1278\/revisions"}],"predecessor-version":[{"id":8685,"href":"https:\/\/adearlimousin.com\/index.php\/wp-json\/wp\/v2\/pages\/1278\/revisions\/8685"}],"up":[{"embeddable":true,"href":"https:\/\/adearlimousin.com\/index.php\/wp-json\/wp\/v2\/pages\/19"}],"wp:attachment":[{"href":"https:\/\/adearlimousin.com\/index.php\/wp-json\/wp\/v2\/media?parent=1278"}],"curies":[{"name":"wp","href":"https:\/\/api.w.org\/{rel}","templated":true}]}}