{"id":1822,"date":"2018-11-30T11:00:53","date_gmt":"2018-11-30T10:00:53","guid":{"rendered":"http:\/\/adearlimousin.com\/?page_id=1822"},"modified":"2026-02-04T14:45:50","modified_gmt":"2026-02-04T13:45:50","slug":"accompagnement-individuel","status":"publish","type":"page","link":"https:\/\/adearlimousin.com\/index.php\/transmission\/accompagnement-individuel\/","title":{"rendered":"\u00catre accompagn\u00e9\u00b7e dans sa transmission"},"content":{"rendered":"<p>L\u2019ADEAR Limousin<strong> accompagne la transmission des fermes<\/strong> via :\u00a0<\/p>\n<ul>\n<li>Des <strong>conseils en amont de la transmission<\/strong> et des <strong>diagnostics <\/strong><strong>transmission individualis\u00e9s : <\/strong>l&rsquo;ADEAR est labellis\u00e9e par la DRAAF et la R\u00e9gion pour r\u00e9aliser des diagnostics et des accompagnements en amont de la transmission. Vous b\u00e9n\u00e9ficiez donc d&rsquo;une <strong>aide<\/strong> pour le financement de cette prestation.<\/li>\n<li>L\u2019aide \u00e0 la r\u00e9flexion et \u00e0 la <strong>diffusion de petites annonces.<\/strong><\/li>\n<li>La <strong>mise en lien c\u00e9da<\/strong><strong>nt-repreneur<\/strong> via les petites annonces et le r\u00e9seau.<\/li>\n<li>L&rsquo;organisation de <strong>visites de fermes \u00e0 transmettre.<\/strong><\/li>\n<li>L&rsquo;<strong>accompagnement c\u00e9dant-repreneur<\/strong> pour aborder les modalit\u00e9s de reprise d&rsquo;une ferme, les \u00e9ventuelles restructurations, les phases transitoires avant la reprise (stage parrainage, association, salariat, &#8230;)<\/li>\n<\/ul>\n<p><strong><em>Contactez nous pour en savoir plus ou pour prendre rendez-vous au 05 87 50 41 03<\/em> <em>\/ 06 38 04 72 19 \/ manonk [@] adearlimousin.com<\/em><\/strong><\/p>\n\n<p>\u00a0<\/p>\n<p><img loading=\"lazy\" decoding=\"async\" class=\"uag-image-8236 aligncenter\" title=\"DOCcomV4_Transmission_page-0001\" role=\"img\" src=\"https:\/\/adearlimousin.com\/wp-content\/uploads\/2025\/05\/DOCcomV4_Transmission_page-0001-1-1024x725.jpg\" sizes=\"auto, (max-width: 480px) 150px\" srcset=\"https:\/\/adearlimousin.com\/wp-content\/uploads\/2025\/05\/DOCcomV4_Transmission_page-0001-1-1024x725.jpg ,https:\/\/adearlimousin.com\/wp-content\/uploads\/2025\/05\/DOCcomV4_Transmission_page-0001-1.jpg 780w, https:\/\/adearlimousin.com\/wp-content\/uploads\/2025\/05\/DOCcomV4_Transmission_page-0001-1.jpg 360w\" alt=\"\" width=\"782\" height=\"554\" \/><\/p>\n\n\n<div class=\"wp-block-jetpack-slideshow aligncenter\" data-effect=\"slide\"><div class=\"wp-block-jetpack-slideshow_container swiper-container\"><ul class=\"wp-block-jetpack-slideshow_swiper-wrapper swiper-wrapper\"><li class=\"wp-block-jetpack-slideshow_slide swiper-slide\"><figure><img loading=\"lazy\" decoding=\"async\" width=\"1024\" height=\"768\" alt=\"\" class=\"wp-block-jetpack-slideshow_image wp-image-8601\" data-id=\"8601\" src=\"https:\/\/adearlimousin.com\/wp-content\/uploads\/2026\/01\/IMG_1898-1024x768.jpg\" srcset=\"https:\/\/adearlimousin.com\/wp-content\/uploads\/2026\/01\/IMG_1898-1024x768.jpg 1024w, https:\/\/adearlimousin.com\/wp-content\/uploads\/2026\/01\/IMG_1898-300x225.jpg 300w, https:\/\/adearlimousin.com\/wp-content\/uploads\/2026\/01\/IMG_1898-768x576.jpg 768w, https:\/\/adearlimousin.com\/wp-content\/uploads\/2026\/01\/IMG_1898-1536x1152.jpg 1536w, https:\/\/adearlimousin.com\/wp-content\/uploads\/2026\/01\/IMG_1898-2048x1536.jpg 2048w, https:\/\/adearlimousin.com\/wp-content\/uploads\/2026\/01\/IMG_1898-507x380.jpg 507w\" sizes=\"(max-width: 1024px) 100vw, 1024px\" \/><\/figure><\/li><li class=\"wp-block-jetpack-slideshow_slide swiper-slide\"><figure><img loading=\"lazy\" decoding=\"async\" width=\"1024\" height=\"768\" alt=\"\" class=\"wp-block-jetpack-slideshow_image wp-image-8602\" data-id=\"8602\" src=\"https:\/\/adearlimousin.com\/wp-content\/uploads\/2026\/01\/bovins-agric-1024x768.jpg\" srcset=\"https:\/\/adearlimousin.com\/wp-content\/uploads\/2026\/01\/bovins-agric-1024x768.jpg 1024w, https:\/\/adearlimousin.com\/wp-content\/uploads\/2026\/01\/bovins-agric-300x225.jpg 300w, https:\/\/adearlimousin.com\/wp-content\/uploads\/2026\/01\/bovins-agric-768x576.jpg 768w, https:\/\/adearlimousin.com\/wp-content\/uploads\/2026\/01\/bovins-agric-1536x1152.jpg 1536w, https:\/\/adearlimousin.com\/wp-content\/uploads\/2026\/01\/bovins-agric-507x380.jpg 507w, https:\/\/adearlimousin.com\/wp-content\/uploads\/2026\/01\/bovins-agric.jpg 2048w\" sizes=\"(max-width: 1024px) 100vw, 1024px\" \/><\/figure><\/li><li class=\"wp-block-jetpack-slideshow_slide swiper-slide\"><figure><img loading=\"lazy\" decoding=\"async\" width=\"1024\" height=\"768\" alt=\"\" class=\"wp-block-jetpack-slideshow_image wp-image-8603\" data-id=\"8603\" src=\"https:\/\/adearlimousin.com\/wp-content\/uploads\/2026\/01\/20220105_145459-1024x768.jpg\" srcset=\"https:\/\/adearlimousin.com\/wp-content\/uploads\/2026\/01\/20220105_145459-1024x768.jpg 1024w, https:\/\/adearlimousin.com\/wp-content\/uploads\/2026\/01\/20220105_145459-300x225.jpg 300w, https:\/\/adearlimousin.com\/wp-content\/uploads\/2026\/01\/20220105_145459-768x576.jpg 768w, https:\/\/adearlimousin.com\/wp-content\/uploads\/2026\/01\/20220105_145459-1536x1152.jpg 1536w, https:\/\/adearlimousin.com\/wp-content\/uploads\/2026\/01\/20220105_145459-2048x1536.jpg 2048w, https:\/\/adearlimousin.com\/wp-content\/uploads\/2026\/01\/20220105_145459-507x380.jpg 507w\" sizes=\"(max-width: 1024px) 100vw, 1024px\" \/><\/figure><\/li><li class=\"wp-block-jetpack-slideshow_slide swiper-slide\"><figure><img loading=\"lazy\" decoding=\"async\" width=\"1024\" height=\"768\" alt=\"\" class=\"wp-block-jetpack-slideshow_image wp-image-8604\" data-id=\"8604\" src=\"https:\/\/adearlimousin.com\/wp-content\/uploads\/2026\/01\/IMG_20180517_172655-1024x768.jpg\" srcset=\"https:\/\/adearlimousin.com\/wp-content\/uploads\/2026\/01\/IMG_20180517_172655-1024x768.jpg 1024w, https:\/\/adearlimousin.com\/wp-content\/uploads\/2026\/01\/IMG_20180517_172655-300x225.jpg 300w, https:\/\/adearlimousin.com\/wp-content\/uploads\/2026\/01\/IMG_20180517_172655-768x576.jpg 768w, https:\/\/adearlimousin.com\/wp-content\/uploads\/2026\/01\/IMG_20180517_172655-1536x1152.jpg 1536w, https:\/\/adearlimousin.com\/wp-content\/uploads\/2026\/01\/IMG_20180517_172655-2048x1536.jpg 2048w, https:\/\/adearlimousin.com\/wp-content\/uploads\/2026\/01\/IMG_20180517_172655-507x380.jpg 507w\" sizes=\"(max-width: 1024px) 100vw, 1024px\" \/><\/figure><\/li><li class=\"wp-block-jetpack-slideshow_slide swiper-slide\"><figure><img loading=\"lazy\" decoding=\"async\" width=\"934\" height=\"1024\" alt=\"\" class=\"wp-block-jetpack-slideshow_image wp-image-8605\" data-id=\"8605\" src=\"https:\/\/adearlimousin.com\/wp-content\/uploads\/2026\/01\/IMG_20180703_160443-934x1024.jpg\" srcset=\"https:\/\/adearlimousin.com\/wp-content\/uploads\/2026\/01\/IMG_20180703_160443-934x1024.jpg 934w, https:\/\/adearlimousin.com\/wp-content\/uploads\/2026\/01\/IMG_20180703_160443-274x300.jpg 274w, https:\/\/adearlimousin.com\/wp-content\/uploads\/2026\/01\/IMG_20180703_160443-768x842.jpg 768w, https:\/\/adearlimousin.com\/wp-content\/uploads\/2026\/01\/IMG_20180703_160443-1401x1536.jpg 1401w, https:\/\/adearlimousin.com\/wp-content\/uploads\/2026\/01\/IMG_20180703_160443-1867x2048.jpg 1867w, https:\/\/adearlimousin.com\/wp-content\/uploads\/2026\/01\/IMG_20180703_160443-347x380.jpg 347w\" sizes=\"(max-width: 934px) 100vw, 934px\" \/><\/figure><\/li><\/ul><a class=\"wp-block-jetpack-slideshow_button-prev swiper-button-prev swiper-button-white\" role=\"button\"><\/a><a class=\"wp-block-jetpack-slideshow_button-next swiper-button-next swiper-button-white\" role=\"button\"><\/a><a aria-label=\"Pause Slideshow\" class=\"wp-block-jetpack-slideshow_button-pause\" role=\"button\"><\/a><div class=\"wp-block-jetpack-slideshow_pagination swiper-pagination swiper-pagination-white\"><\/div><\/div><\/div>\n","protected":false},"excerpt":{"rendered":"<p>L\u2019ADEAR Limousin accompagne la transmission des fermes via :\u00a0 Des conseils en amont de la transmission et des diagnostics transmission individualis\u00e9s : l&rsquo;ADEAR est labellis\u00e9e par la DRAAF et la &hellip; <a href=\"https:\/\/adearlimousin.com\/index.php\/transmission\/accompagnement-individuel\/\" class=\"more-link\">Lire la suite <span class=\"screen-reader-text\">\u00catre accompagn\u00e9\u00b7e dans sa transmission<\/span><\/a><\/p>\n","protected":false},"author":1,"featured_media":0,"parent":21,"menu_order":0,"comment_status":"closed","ping_status":"closed","template":"","meta":{"_uag_custom_page_level_css":"","_EventAllDay":false,"_EventTimezone":"","_EventStartDate":"","_EventEndDate":"","_EventStartDateUTC":"","_EventEndDateUTC":"","_EventShowMap":false,"_EventShowMapLink":false,"_EventURL":"","_EventCost":"","_EventCostDescription":"","_EventCurrencySymbol":"","_EventCurrencyCode":"","_EventCurrencyPosition":"","_EventDateTimeSeparator":"","_EventTimeRangeSeparator":"","_EventOrganizerID":[],"_EventVenueID":[],"_OrganizerEmail":"","_OrganizerPhone":"","_OrganizerWebsite":"","_VenueAddress":"","_VenueCity":"","_VenueCountry":"","_VenueProvince":"","_VenueState":"","_VenueZip":"","_VenuePhone":"","_VenueURL":"","_VenueStateProvince":"","_VenueLat":"","_VenueLng":"","_VenueShowMap":false,"_VenueShowMapLink":false,"footnotes":""},"class_list":["post-1822","page","type-page","status-publish","hentry","without-featured-image"],"yoast_head":"<!-- This site is optimized with the Yoast SEO plugin v27.1.1 - https:\/\/yoast.com\/product\/yoast-seo-wordpress\/ -->\n<title>\u00catre accompagn\u00e9\u00b7e dans sa transmission - ADEAR Limousin<\/title>\n<meta name=\"robots\" content=\"index, follow, max-snippet:-1, max-image-preview:large, max-video-preview:-1\" \/>\n<link rel=\"canonical\" href=\"https:\/\/adearlimousin.com\/index.php\/transmission\/accompagnement-individuel\/\" \/>\n<meta property=\"og:locale\" content=\"fr_FR\" \/>\n<meta property=\"og:type\" content=\"article\" \/>\n<meta property=\"og:title\" content=\"\u00catre accompagn\u00e9\u00b7e dans sa transmission - ADEAR Limousin\" \/>\n<meta property=\"og:description\" content=\"L\u2019ADEAR Limousin accompagne la transmission des fermes via :\u00a0 Des conseils en amont de la transmission et des diagnostics transmission individualis\u00e9s : l&rsquo;ADEAR est labellis\u00e9e par la DRAAF et la &hellip; Lire la suite \u00catre accompagn\u00e9\u00b7e dans sa transmission\" \/>\n<meta property=\"og:url\" content=\"https:\/\/adearlimousin.com\/index.php\/transmission\/accompagnement-individuel\/\" \/>\n<meta property=\"og:site_name\" content=\"ADEAR Limousin\" \/>\n<meta property=\"article:publisher\" content=\"https:\/\/www.facebook.com\/adearlimousin\" \/>\n<meta property=\"article:modified_time\" content=\"2026-02-04T13:45:50+00:00\" \/>\n<meta property=\"og:image\" content=\"https:\/\/adearlimousin.com\/wp-content\/uploads\/2025\/05\/DOCcomV4_Transmission_page-0001-1-1024x725.jpg\" \/>\n<meta name=\"twitter:card\" content=\"summary_large_image\" \/>\n<meta name=\"twitter:label1\" content=\"Dur\u00e9e de lecture estim\u00e9e\" \/>\n\t<meta name=\"twitter:data1\" content=\"2 minutes\" \/>\n<script type=\"application\/ld+json\" class=\"yoast-schema-graph\">{\"@context\":\"https:\/\/schema.org\",\"@graph\":[{\"@type\":\"WebPage\",\"@id\":\"https:\/\/adearlimousin.com\/index.php\/transmission\/accompagnement-individuel\/\",\"url\":\"https:\/\/adearlimousin.com\/index.php\/transmission\/accompagnement-individuel\/\",\"name\":\"\u00catre accompagn\u00e9\u00b7e dans sa transmission - ADEAR Limousin\",\"isPartOf\":{\"@id\":\"https:\/\/adearlimousin.com\/#website\"},\"primaryImageOfPage\":{\"@id\":\"https:\/\/adearlimousin.com\/index.php\/transmission\/accompagnement-individuel\/#primaryimage\"},\"image\":{\"@id\":\"https:\/\/adearlimousin.com\/index.php\/transmission\/accompagnement-individuel\/#primaryimage\"},\"thumbnailUrl\":\"https:\/\/adearlimousin.com\/wp-content\/uploads\/2025\/05\/DOCcomV4_Transmission_page-0001-1-1024x725.jpg\",\"datePublished\":\"2018-11-30T10:00:53+00:00\",\"dateModified\":\"2026-02-04T13:45:50+00:00\",\"breadcrumb\":{\"@id\":\"https:\/\/adearlimousin.com\/index.php\/transmission\/accompagnement-individuel\/#breadcrumb\"},\"inLanguage\":\"fr-FR\",\"potentialAction\":[{\"@type\":\"ReadAction\",\"target\":[\"https:\/\/adearlimousin.com\/index.php\/transmission\/accompagnement-individuel\/\"]}]},{\"@type\":\"ImageObject\",\"inLanguage\":\"fr-FR\",\"@id\":\"https:\/\/adearlimousin.com\/index.php\/transmission\/accompagnement-individuel\/#primaryimage\",\"url\":\"https:\/\/adearlimousin.com\/wp-content\/uploads\/2025\/05\/DOCcomV4_Transmission_page-0001-1.jpg\",\"contentUrl\":\"https:\/\/adearlimousin.com\/wp-content\/uploads\/2025\/05\/DOCcomV4_Transmission_page-0001-1.jpg\",\"width\":1754,\"height\":1241},{\"@type\":\"BreadcrumbList\",\"@id\":\"https:\/\/adearlimousin.com\/index.php\/transmission\/accompagnement-individuel\/#breadcrumb\",\"itemListElement\":[{\"@type\":\"ListItem\",\"position\":1,\"name\":\"Accueil\",\"item\":\"https:\/\/adearlimousin.com\/\"},{\"@type\":\"ListItem\",\"position\":2,\"name\":\"Transmission\",\"item\":\"https:\/\/adearlimousin.com\/index.php\/transmission\/\"},{\"@type\":\"ListItem\",\"position\":3,\"name\":\"\u00catre accompagn\u00e9\u00b7e dans sa transmission\"}]},{\"@type\":\"WebSite\",\"@id\":\"https:\/\/adearlimousin.com\/#website\",\"url\":\"https:\/\/adearlimousin.com\/\",\"name\":\"ADEAR Limousin\",\"description\":\"\u00catre paysan\u00b7ne en Limousin\",\"publisher\":{\"@id\":\"https:\/\/adearlimousin.com\/#organization\"},\"potentialAction\":[{\"@type\":\"SearchAction\",\"target\":{\"@type\":\"EntryPoint\",\"urlTemplate\":\"https:\/\/adearlimousin.com\/?s={search_term_string}\"},\"query-input\":{\"@type\":\"PropertyValueSpecification\",\"valueRequired\":true,\"valueName\":\"search_term_string\"}}],\"inLanguage\":\"fr-FR\"},{\"@type\":\"Organization\",\"@id\":\"https:\/\/adearlimousin.com\/#organization\",\"name\":\"Adear Limousin\",\"url\":\"https:\/\/adearlimousin.com\/\",\"logo\":{\"@type\":\"ImageObject\",\"inLanguage\":\"fr-FR\",\"@id\":\"https:\/\/adearlimousin.com\/#\/schema\/logo\/image\/\",\"url\":\"https:\/\/adearlimousin.com\/wp-content\/uploads\/2017\/04\/ADEARLimousin-RAP_V14cm.jpg\",\"contentUrl\":\"https:\/\/adearlimousin.com\/wp-content\/uploads\/2017\/04\/ADEARLimousin-RAP_V14cm.jpg\",\"width\":142,\"height\":118,\"caption\":\"Adear Limousin\"},\"image\":{\"@id\":\"https:\/\/adearlimousin.com\/#\/schema\/logo\/image\/\"},\"sameAs\":[\"https:\/\/www.facebook.com\/adearlimousin\"]}]}<\/script>\n<!-- \/ Yoast SEO plugin. -->","yoast_head_json":{"title":"\u00catre accompagn\u00e9\u00b7e dans sa transmission - ADEAR Limousin","robots":{"index":"index","follow":"follow","max-snippet":"max-snippet:-1","max-image-preview":"max-image-preview:large","max-video-preview":"max-video-preview:-1"},"canonical":"https:\/\/adearlimousin.com\/index.php\/transmission\/accompagnement-individuel\/","og_locale":"fr_FR","og_type":"article","og_title":"\u00catre accompagn\u00e9\u00b7e dans sa transmission - ADEAR Limousin","og_description":"L\u2019ADEAR Limousin accompagne la transmission des fermes via :\u00a0 Des conseils en amont de la transmission et des diagnostics transmission individualis\u00e9s : l&rsquo;ADEAR est labellis\u00e9e par la DRAAF et la &hellip; Lire la suite \u00catre accompagn\u00e9\u00b7e dans sa transmission","og_url":"https:\/\/adearlimousin.com\/index.php\/transmission\/accompagnement-individuel\/","og_site_name":"ADEAR Limousin","article_publisher":"https:\/\/www.facebook.com\/adearlimousin","article_modified_time":"2026-02-04T13:45:50+00:00","og_image":[{"url":"https:\/\/adearlimousin.com\/wp-content\/uploads\/2025\/05\/DOCcomV4_Transmission_page-0001-1-1024x725.jpg","type":"","width":"","height":""}],"twitter_card":"summary_large_image","twitter_misc":{"Dur\u00e9e de lecture estim\u00e9e":"2 minutes"},"schema":{"@context":"https:\/\/schema.org","@graph":[{"@type":"WebPage","@id":"https:\/\/adearlimousin.com\/index.php\/transmission\/accompagnement-individuel\/","url":"https:\/\/adearlimousin.com\/index.php\/transmission\/accompagnement-individuel\/","name":"\u00catre accompagn\u00e9\u00b7e dans sa transmission - ADEAR Limousin","isPartOf":{"@id":"https:\/\/adearlimousin.com\/#website"},"primaryImageOfPage":{"@id":"https:\/\/adearlimousin.com\/index.php\/transmission\/accompagnement-individuel\/#primaryimage"},"image":{"@id":"https:\/\/adearlimousin.com\/index.php\/transmission\/accompagnement-individuel\/#primaryimage"},"thumbnailUrl":"https:\/\/adearlimousin.com\/wp-content\/uploads\/2025\/05\/DOCcomV4_Transmission_page-0001-1-1024x725.jpg","datePublished":"2018-11-30T10:00:53+00:00","dateModified":"2026-02-04T13:45:50+00:00","breadcrumb":{"@id":"https:\/\/adearlimousin.com\/index.php\/transmission\/accompagnement-individuel\/#breadcrumb"},"inLanguage":"fr-FR","potentialAction":[{"@type":"ReadAction","target":["https:\/\/adearlimousin.com\/index.php\/transmission\/accompagnement-individuel\/"]}]},{"@type":"ImageObject","inLanguage":"fr-FR","@id":"https:\/\/adearlimousin.com\/index.php\/transmission\/accompagnement-individuel\/#primaryimage","url":"https:\/\/adearlimousin.com\/wp-content\/uploads\/2025\/05\/DOCcomV4_Transmission_page-0001-1.jpg","contentUrl":"https:\/\/adearlimousin.com\/wp-content\/uploads\/2025\/05\/DOCcomV4_Transmission_page-0001-1.jpg","width":1754,"height":1241},{"@type":"BreadcrumbList","@id":"https:\/\/adearlimousin.com\/index.php\/transmission\/accompagnement-individuel\/#breadcrumb","itemListElement":[{"@type":"ListItem","position":1,"name":"Accueil","item":"https:\/\/adearlimousin.com\/"},{"@type":"ListItem","position":2,"name":"Transmission","item":"https:\/\/adearlimousin.com\/index.php\/transmission\/"},{"@type":"ListItem","position":3,"name":"\u00catre accompagn\u00e9\u00b7e dans sa transmission"}]},{"@type":"WebSite","@id":"https:\/\/adearlimousin.com\/#website","url":"https:\/\/adearlimousin.com\/","name":"ADEAR Limousin","description":"\u00catre paysan\u00b7ne en Limousin","publisher":{"@id":"https:\/\/adearlimousin.com\/#organization"},"potentialAction":[{"@type":"SearchAction","target":{"@type":"EntryPoint","urlTemplate":"https:\/\/adearlimousin.com\/?s={search_term_string}"},"query-input":{"@type":"PropertyValueSpecification","valueRequired":true,"valueName":"search_term_string"}}],"inLanguage":"fr-FR"},{"@type":"Organization","@id":"https:\/\/adearlimousin.com\/#organization","name":"Adear Limousin","url":"https:\/\/adearlimousin.com\/","logo":{"@type":"ImageObject","inLanguage":"fr-FR","@id":"https:\/\/adearlimousin.com\/#\/schema\/logo\/image\/","url":"https:\/\/adearlimousin.com\/wp-content\/uploads\/2017\/04\/ADEARLimousin-RAP_V14cm.jpg","contentUrl":"https:\/\/adearlimousin.com\/wp-content\/uploads\/2017\/04\/ADEARLimousin-RAP_V14cm.jpg","width":142,"height":118,"caption":"Adear Limousin"},"image":{"@id":"https:\/\/adearlimousin.com\/#\/schema\/logo\/image\/"},"sameAs":["https:\/\/www.facebook.com\/adearlimousin"]}]}},"uagb_featured_image_src":{"full":false,"thumbnail":false,"medium":false,"medium_large":false,"large":false,"1536x1536":false,"2048x2048":false,"post-thumbnail":false,"sela-hero-thumbnail":false,"sela-page-thumbnail":false,"sela-grid-thumbnail":false,"sela-testimonial-thumbnail":false,"sela-logo":false},"uagb_author_info":{"display_name":"Adearlim","author_link":"https:\/\/adearlimousin.com\/index.php\/author\/admin3869\/"},"uagb_comment_info":0,"uagb_excerpt":"L\u2019ADEAR Limousin accompagne la transmission des fermes via :\u00a0 Des conseils en amont de la transmission et des diagnostics transmission individualis\u00e9s : l&rsquo;ADEAR est labellis\u00e9e par la DRAAF et la &hellip; Lire la suite \u00catre accompagn\u00e9\u00b7e dans sa transmission","jetpack_sharing_enabled":true,"jetpack_shortlink":"https:\/\/wp.me\/P8DPFj-to","jetpack_likes_enabled":false,"_links":{"self":[{"href":"https:\/\/adearlimousin.com\/index.php\/wp-json\/wp\/v2\/pages\/1822","targetHints":{"allow":["GET"]}}],"collection":[{"href":"https:\/\/adearlimousin.com\/index.php\/wp-json\/wp\/v2\/pages"}],"about":[{"href":"https:\/\/adearlimousin.com\/index.php\/wp-json\/wp\/v2\/types\/page"}],"author":[{"embeddable":true,"href":"https:\/\/adearlimousin.com\/index.php\/wp-json\/wp\/v2\/users\/1"}],"replies":[{"embeddable":true,"href":"https:\/\/adearlimousin.com\/index.php\/wp-json\/wp\/v2\/comments?post=1822"}],"version-history":[{"count":10,"href":"https:\/\/adearlimousin.com\/index.php\/wp-json\/wp\/v2\/pages\/1822\/revisions"}],"predecessor-version":[{"id":8619,"href":"https:\/\/adearlimousin.com\/index.php\/wp-json\/wp\/v2\/pages\/1822\/revisions\/8619"}],"up":[{"embeddable":true,"href":"https:\/\/adearlimousin.com\/index.php\/wp-json\/wp\/v2\/pages\/21"}],"wp:attachment":[{"href":"https:\/\/adearlimousin.com\/index.php\/wp-json\/wp\/v2\/media?parent=1822"}],"curies":[{"name":"wp","href":"https:\/\/api.w.org\/{rel}","templated":true}]}}