{"id":1824,"date":"2018-11-30T11:18:15","date_gmt":"2018-11-30T10:18:15","guid":{"rendered":"http:\/\/adearlimousin.com\/?page_id=1824"},"modified":"2024-12-04T17:59:37","modified_gmt":"2024-12-04T16:59:37","slug":"lagriculture-paysanne-cestquoi","status":"publish","type":"page","link":"https:\/\/adearlimousin.com\/index.php\/adear-limousin\/lagriculture-paysanne-cestquoi\/","title":{"rendered":"L&rsquo;Agriculture Paysanne &#8211; C&rsquo;est quoi ? Pourquoi ?"},"content":{"rendered":"<p>\u00a0<\/p>\n<p>L\u2019Agriculture paysanne est un projet politique qui vise l\u2019organisation de la production agricole au service de la souverainet\u00e9 alimentaire des territoires et la pr\u00e9sence de paysan\u00b7nes nombreux\u00b7ses.<\/p>\n<p>Ce projet politique est n\u00e9 de la r\u00e9flexion des paysan\u00b7nes r\u00e9unis autour du refus de l\u2019industrialisation de l\u2019agriculture et d\u00e9sireux de construire un projet alternatif \u00e0 ces d\u00e9rives.<\/p>\n\n<p><img loading=\"lazy\" decoding=\"async\" class=\"wp-image-1826 alignleft\" src=\"http:\/\/adearlimousin.com\/wp-content\/uploads\/2018\/11\/FLEUR-legende-fondB-1024x1024.jpg\" alt=\"\" width=\"245\" height=\"245\" srcset=\"https:\/\/adearlimousin.com\/wp-content\/uploads\/2018\/11\/FLEUR-legende-fondB-1024x1024.jpg 1024w, https:\/\/adearlimousin.com\/wp-content\/uploads\/2018\/11\/FLEUR-legende-fondB-150x150.jpg 150w, https:\/\/adearlimousin.com\/wp-content\/uploads\/2018\/11\/FLEUR-legende-fondB-300x300.jpg 300w, https:\/\/adearlimousin.com\/wp-content\/uploads\/2018\/11\/FLEUR-legende-fondB-768x768.jpg 768w, https:\/\/adearlimousin.com\/wp-content\/uploads\/2018\/11\/FLEUR-legende-fondB-600x600.jpg 600w, https:\/\/adearlimousin.com\/wp-content\/uploads\/2018\/11\/FLEUR-legende-fondB-90x90.jpg 90w, https:\/\/adearlimousin.com\/wp-content\/uploads\/2018\/11\/FLEUR-legende-fondB-380x380.jpg 380w\" sizes=\"auto, (max-width: 245px) 100vw, 245px\" \/><\/p>\n<p><strong>6 th\u00e8mes interd\u00e9pendants pour la mise en \u0153uvre et le d\u00e9veloppement de l&rsquo;Agriculture Paysanne<\/strong><\/p>\n<ul>\n<li>D\u00e9velopper l&rsquo;<strong><span style=\"color: #ff6600;\">autonomie<\/span> <\/strong>des fermes et rester maitre de ses d\u00e9cisions<\/li>\n<li>Se donner les moyens de <strong><span style=\"color: #ff0000;\">transmettre<\/span> <\/strong>sa ferme aux futures g\u00e9n\u00e9rations<\/li>\n<li>S&rsquo;investir dans le <span style=\"color: #3366ff;\"><strong>d\u00e9veloppement local <\/strong><\/span>: le paysan est un acteur local dynamique<\/li>\n<li><strong><span style=\"color: #00ccff;\">R\u00e9partir <\/span><\/strong>\u00e9quitablement les volumes de production et mieux valoriser ses produits<\/li>\n<li>D\u00e9velopper la <span style=\"color: #008000;\"><strong>qualit\u00e9 et le go\u00fbt <\/strong><\/span>des productions et produire de fa\u00e7on transparente et respectant les cycles naturels.<\/li>\n<li><strong><span style=\"color: #99cc00;\">Travailler avec la nature<\/span><\/strong>, maintenir la fertilit\u00e9 des sols et pr\u00e9server les ressources et la biodiversit\u00e9<\/li>\n<\/ul>\n<p><strong>Une d\u00e9marche pour permettre \u00e0 des paysans nombreux de vivre de leur m\u00e9tier de fa\u00e7on durable et de produire pour nourrir leur concitoyens !<\/strong><\/p>\n<p><em><strong>Pour en savoir plus :<\/strong> <\/em><\/p>\n<ul>\n<li><strong>L&rsquo;agriculture paysanne : changer de mod\u00e8le<\/strong> :\u00a0 <a href=\"http:\/\/adearlimousin.com\/wp-content\/uploads\/2018\/11\/Plaquette-AP-FADEAR-2016-BD.pdf\">Plaquette-AP Changer de mod\u00e8le<\/a><\/li>\n<li><strong>L&rsquo;agriculture paysanne : un projet de soci\u00e9t\u00e9<\/strong> :\u00a0 : <a href=\"http:\/\/adearlimousin.com\/wp-content\/uploads\/2018\/11\/plaquette_finale_WEB_BD.pdf\">plaquette_AP_Projet de soci\u00e9t\u00e9<\/a><\/li>\n<\/ul>\n\n\n<p><\/p>\n","protected":false},"excerpt":{"rendered":"<p>\u00a0 L\u2019Agriculture paysanne est un projet politique qui vise l\u2019organisation de la production agricole au service de la souverainet\u00e9 alimentaire des territoires et la pr\u00e9sence de paysan\u00b7nes nombreux\u00b7ses. Ce projet &hellip; <a href=\"https:\/\/adearlimousin.com\/index.php\/adear-limousin\/lagriculture-paysanne-cestquoi\/\" class=\"more-link\">Lire la suite <span class=\"screen-reader-text\">L&rsquo;Agriculture Paysanne &#8211; C&rsquo;est quoi ? Pourquoi ?<\/span><\/a><\/p>\n","protected":false},"author":1,"featured_media":0,"parent":413,"menu_order":0,"comment_status":"closed","ping_status":"closed","template":"","meta":{"_uag_custom_page_level_css":"","_EventAllDay":false,"_EventTimezone":"","_EventStartDate":"","_EventEndDate":"","_EventStartDateUTC":"","_EventEndDateUTC":"","_EventShowMap":false,"_EventShowMapLink":false,"_EventURL":"","_EventCost":"","_EventCostDescription":"","_EventCurrencySymbol":"","_EventCurrencyCode":"","_EventCurrencyPosition":"","_EventDateTimeSeparator":"","_EventTimeRangeSeparator":"","_EventOrganizerID":[],"_EventVenueID":[],"_OrganizerEmail":"","_OrganizerPhone":"","_OrganizerWebsite":"","_VenueAddress":"","_VenueCity":"","_VenueCountry":"","_VenueProvince":"","_VenueState":"","_VenueZip":"","_VenuePhone":"","_VenueURL":"","_VenueStateProvince":"","_VenueLat":"","_VenueLng":"","_VenueShowMap":false,"_VenueShowMapLink":false,"footnotes":""},"class_list":["post-1824","page","type-page","status-publish","hentry","without-featured-image"],"yoast_head":"<!-- This site is optimized with the Yoast SEO plugin v27.1.1 - https:\/\/yoast.com\/product\/yoast-seo-wordpress\/ -->\n<title>L&#039;Agriculture Paysanne - C&#039;est quoi ? Pourquoi ? - ADEAR Limousin<\/title>\n<meta name=\"description\" content=\"L&#039;agriculture paysanne est une d\u00e9marche qui permet de prendre en compte les enjeux socio-\u00e9conomiques et environnementaux de notre soci\u00e9t\u00e9\" \/>\n<meta name=\"robots\" content=\"index, follow, max-snippet:-1, max-image-preview:large, max-video-preview:-1\" \/>\n<link rel=\"canonical\" href=\"https:\/\/adearlimousin.com\/index.php\/adear-limousin\/lagriculture-paysanne-cestquoi\/\" \/>\n<meta property=\"og:locale\" content=\"fr_FR\" \/>\n<meta property=\"og:type\" content=\"article\" \/>\n<meta property=\"og:title\" content=\"L&#039;Agriculture Paysanne - C&#039;est quoi ? Pourquoi ? - ADEAR Limousin\" \/>\n<meta property=\"og:description\" content=\"L&#039;agriculture paysanne est une d\u00e9marche qui permet de prendre en compte les enjeux socio-\u00e9conomiques et environnementaux de notre soci\u00e9t\u00e9\" \/>\n<meta property=\"og:url\" content=\"https:\/\/adearlimousin.com\/index.php\/adear-limousin\/lagriculture-paysanne-cestquoi\/\" \/>\n<meta property=\"og:site_name\" content=\"ADEAR Limousin\" \/>\n<meta property=\"article:publisher\" content=\"https:\/\/www.facebook.com\/adearlimousin\" \/>\n<meta property=\"article:modified_time\" content=\"2024-12-04T16:59:37+00:00\" \/>\n<meta property=\"og:image\" content=\"https:\/\/adearlimousin.com\/wp-content\/uploads\/2018\/11\/FLEUR-legende-fondB.jpg\" \/>\n\t<meta property=\"og:image:width\" content=\"4961\" \/>\n\t<meta property=\"og:image:height\" content=\"4961\" \/>\n\t<meta property=\"og:image:type\" content=\"image\/jpeg\" \/>\n<meta name=\"twitter:card\" content=\"summary_large_image\" \/>\n<meta name=\"twitter:label1\" content=\"Dur\u00e9e de lecture estim\u00e9e\" \/>\n\t<meta name=\"twitter:data1\" content=\"2 minutes\" \/>\n<script type=\"application\/ld+json\" class=\"yoast-schema-graph\">{\"@context\":\"https:\/\/schema.org\",\"@graph\":[{\"@type\":\"WebPage\",\"@id\":\"https:\/\/adearlimousin.com\/index.php\/adear-limousin\/lagriculture-paysanne-cestquoi\/\",\"url\":\"https:\/\/adearlimousin.com\/index.php\/adear-limousin\/lagriculture-paysanne-cestquoi\/\",\"name\":\"L'Agriculture Paysanne - C'est quoi ? Pourquoi ? - ADEAR Limousin\",\"isPartOf\":{\"@id\":\"https:\/\/adearlimousin.com\/#website\"},\"primaryImageOfPage\":{\"@id\":\"https:\/\/adearlimousin.com\/index.php\/adear-limousin\/lagriculture-paysanne-cestquoi\/#primaryimage\"},\"image\":{\"@id\":\"https:\/\/adearlimousin.com\/index.php\/adear-limousin\/lagriculture-paysanne-cestquoi\/#primaryimage\"},\"thumbnailUrl\":\"http:\/\/adearlimousin.com\/wp-content\/uploads\/2018\/11\/FLEUR-legende-fondB-1024x1024.jpg\",\"datePublished\":\"2018-11-30T10:18:15+00:00\",\"dateModified\":\"2024-12-04T16:59:37+00:00\",\"description\":\"L'agriculture paysanne est une d\u00e9marche qui permet de prendre en compte les enjeux socio-\u00e9conomiques et environnementaux de notre soci\u00e9t\u00e9\",\"breadcrumb\":{\"@id\":\"https:\/\/adearlimousin.com\/index.php\/adear-limousin\/lagriculture-paysanne-cestquoi\/#breadcrumb\"},\"inLanguage\":\"fr-FR\",\"potentialAction\":[{\"@type\":\"ReadAction\",\"target\":[\"https:\/\/adearlimousin.com\/index.php\/adear-limousin\/lagriculture-paysanne-cestquoi\/\"]}]},{\"@type\":\"ImageObject\",\"inLanguage\":\"fr-FR\",\"@id\":\"https:\/\/adearlimousin.com\/index.php\/adear-limousin\/lagriculture-paysanne-cestquoi\/#primaryimage\",\"url\":\"https:\/\/adearlimousin.com\/wp-content\/uploads\/2018\/11\/FLEUR-legende-fondB.jpg\",\"contentUrl\":\"https:\/\/adearlimousin.com\/wp-content\/uploads\/2018\/11\/FLEUR-legende-fondB.jpg\",\"width\":4961,\"height\":4961},{\"@type\":\"BreadcrumbList\",\"@id\":\"https:\/\/adearlimousin.com\/index.php\/adear-limousin\/lagriculture-paysanne-cestquoi\/#breadcrumb\",\"itemListElement\":[{\"@type\":\"ListItem\",\"position\":1,\"name\":\"Accueil\",\"item\":\"https:\/\/adearlimousin.com\/\"},{\"@type\":\"ListItem\",\"position\":2,\"name\":\"ADEAR Limousin\",\"item\":\"https:\/\/adearlimousin.com\/index.php\/adear-limousin\/\"},{\"@type\":\"ListItem\",\"position\":3,\"name\":\"L&rsquo;Agriculture Paysanne &#8211; C&rsquo;est quoi ? Pourquoi ?\"}]},{\"@type\":\"WebSite\",\"@id\":\"https:\/\/adearlimousin.com\/#website\",\"url\":\"https:\/\/adearlimousin.com\/\",\"name\":\"ADEAR Limousin\",\"description\":\"\u00catre paysan\u00b7ne en Limousin\",\"publisher\":{\"@id\":\"https:\/\/adearlimousin.com\/#organization\"},\"potentialAction\":[{\"@type\":\"SearchAction\",\"target\":{\"@type\":\"EntryPoint\",\"urlTemplate\":\"https:\/\/adearlimousin.com\/?s={search_term_string}\"},\"query-input\":{\"@type\":\"PropertyValueSpecification\",\"valueRequired\":true,\"valueName\":\"search_term_string\"}}],\"inLanguage\":\"fr-FR\"},{\"@type\":\"Organization\",\"@id\":\"https:\/\/adearlimousin.com\/#organization\",\"name\":\"Adear Limousin\",\"url\":\"https:\/\/adearlimousin.com\/\",\"logo\":{\"@type\":\"ImageObject\",\"inLanguage\":\"fr-FR\",\"@id\":\"https:\/\/adearlimousin.com\/#\/schema\/logo\/image\/\",\"url\":\"https:\/\/adearlimousin.com\/wp-content\/uploads\/2017\/04\/ADEARLimousin-RAP_V14cm.jpg\",\"contentUrl\":\"https:\/\/adearlimousin.com\/wp-content\/uploads\/2017\/04\/ADEARLimousin-RAP_V14cm.jpg\",\"width\":142,\"height\":118,\"caption\":\"Adear Limousin\"},\"image\":{\"@id\":\"https:\/\/adearlimousin.com\/#\/schema\/logo\/image\/\"},\"sameAs\":[\"https:\/\/www.facebook.com\/adearlimousin\"]}]}<\/script>\n<!-- \/ Yoast SEO plugin. -->","yoast_head_json":{"title":"L'Agriculture Paysanne - C'est quoi ? Pourquoi ? - ADEAR Limousin","description":"L'agriculture paysanne est une d\u00e9marche qui permet de prendre en compte les enjeux socio-\u00e9conomiques et environnementaux de notre soci\u00e9t\u00e9","robots":{"index":"index","follow":"follow","max-snippet":"max-snippet:-1","max-image-preview":"max-image-preview:large","max-video-preview":"max-video-preview:-1"},"canonical":"https:\/\/adearlimousin.com\/index.php\/adear-limousin\/lagriculture-paysanne-cestquoi\/","og_locale":"fr_FR","og_type":"article","og_title":"L'Agriculture Paysanne - C'est quoi ? Pourquoi ? - ADEAR Limousin","og_description":"L'agriculture paysanne est une d\u00e9marche qui permet de prendre en compte les enjeux socio-\u00e9conomiques et environnementaux de notre soci\u00e9t\u00e9","og_url":"https:\/\/adearlimousin.com\/index.php\/adear-limousin\/lagriculture-paysanne-cestquoi\/","og_site_name":"ADEAR Limousin","article_publisher":"https:\/\/www.facebook.com\/adearlimousin","article_modified_time":"2024-12-04T16:59:37+00:00","og_image":[{"width":4961,"height":4961,"url":"https:\/\/adearlimousin.com\/wp-content\/uploads\/2018\/11\/FLEUR-legende-fondB.jpg","type":"image\/jpeg"}],"twitter_card":"summary_large_image","twitter_misc":{"Dur\u00e9e de lecture estim\u00e9e":"2 minutes"},"schema":{"@context":"https:\/\/schema.org","@graph":[{"@type":"WebPage","@id":"https:\/\/adearlimousin.com\/index.php\/adear-limousin\/lagriculture-paysanne-cestquoi\/","url":"https:\/\/adearlimousin.com\/index.php\/adear-limousin\/lagriculture-paysanne-cestquoi\/","name":"L'Agriculture Paysanne - C'est quoi ? Pourquoi ? - ADEAR Limousin","isPartOf":{"@id":"https:\/\/adearlimousin.com\/#website"},"primaryImageOfPage":{"@id":"https:\/\/adearlimousin.com\/index.php\/adear-limousin\/lagriculture-paysanne-cestquoi\/#primaryimage"},"image":{"@id":"https:\/\/adearlimousin.com\/index.php\/adear-limousin\/lagriculture-paysanne-cestquoi\/#primaryimage"},"thumbnailUrl":"http:\/\/adearlimousin.com\/wp-content\/uploads\/2018\/11\/FLEUR-legende-fondB-1024x1024.jpg","datePublished":"2018-11-30T10:18:15+00:00","dateModified":"2024-12-04T16:59:37+00:00","description":"L'agriculture paysanne est une d\u00e9marche qui permet de prendre en compte les enjeux socio-\u00e9conomiques et environnementaux de notre soci\u00e9t\u00e9","breadcrumb":{"@id":"https:\/\/adearlimousin.com\/index.php\/adear-limousin\/lagriculture-paysanne-cestquoi\/#breadcrumb"},"inLanguage":"fr-FR","potentialAction":[{"@type":"ReadAction","target":["https:\/\/adearlimousin.com\/index.php\/adear-limousin\/lagriculture-paysanne-cestquoi\/"]}]},{"@type":"ImageObject","inLanguage":"fr-FR","@id":"https:\/\/adearlimousin.com\/index.php\/adear-limousin\/lagriculture-paysanne-cestquoi\/#primaryimage","url":"https:\/\/adearlimousin.com\/wp-content\/uploads\/2018\/11\/FLEUR-legende-fondB.jpg","contentUrl":"https:\/\/adearlimousin.com\/wp-content\/uploads\/2018\/11\/FLEUR-legende-fondB.jpg","width":4961,"height":4961},{"@type":"BreadcrumbList","@id":"https:\/\/adearlimousin.com\/index.php\/adear-limousin\/lagriculture-paysanne-cestquoi\/#breadcrumb","itemListElement":[{"@type":"ListItem","position":1,"name":"Accueil","item":"https:\/\/adearlimousin.com\/"},{"@type":"ListItem","position":2,"name":"ADEAR Limousin","item":"https:\/\/adearlimousin.com\/index.php\/adear-limousin\/"},{"@type":"ListItem","position":3,"name":"L&rsquo;Agriculture Paysanne &#8211; C&rsquo;est quoi ? Pourquoi ?"}]},{"@type":"WebSite","@id":"https:\/\/adearlimousin.com\/#website","url":"https:\/\/adearlimousin.com\/","name":"ADEAR Limousin","description":"\u00catre paysan\u00b7ne en Limousin","publisher":{"@id":"https:\/\/adearlimousin.com\/#organization"},"potentialAction":[{"@type":"SearchAction","target":{"@type":"EntryPoint","urlTemplate":"https:\/\/adearlimousin.com\/?s={search_term_string}"},"query-input":{"@type":"PropertyValueSpecification","valueRequired":true,"valueName":"search_term_string"}}],"inLanguage":"fr-FR"},{"@type":"Organization","@id":"https:\/\/adearlimousin.com\/#organization","name":"Adear Limousin","url":"https:\/\/adearlimousin.com\/","logo":{"@type":"ImageObject","inLanguage":"fr-FR","@id":"https:\/\/adearlimousin.com\/#\/schema\/logo\/image\/","url":"https:\/\/adearlimousin.com\/wp-content\/uploads\/2017\/04\/ADEARLimousin-RAP_V14cm.jpg","contentUrl":"https:\/\/adearlimousin.com\/wp-content\/uploads\/2017\/04\/ADEARLimousin-RAP_V14cm.jpg","width":142,"height":118,"caption":"Adear Limousin"},"image":{"@id":"https:\/\/adearlimousin.com\/#\/schema\/logo\/image\/"},"sameAs":["https:\/\/www.facebook.com\/adearlimousin"]}]}},"uagb_featured_image_src":{"full":false,"thumbnail":false,"medium":false,"medium_large":false,"large":false,"1536x1536":false,"2048x2048":false,"post-thumbnail":false,"sela-hero-thumbnail":false,"sela-page-thumbnail":false,"sela-grid-thumbnail":false,"sela-testimonial-thumbnail":false,"sela-logo":false},"uagb_author_info":{"display_name":"Adearlim","author_link":"https:\/\/adearlimousin.com\/index.php\/author\/admin3869\/"},"uagb_comment_info":0,"uagb_excerpt":"\u00a0 L\u2019Agriculture paysanne est un projet politique qui vise l\u2019organisation de la production agricole au service de la souverainet\u00e9 alimentaire des territoires et la pr\u00e9sence de paysan\u00b7nes nombreux\u00b7ses. Ce projet &hellip; Lire la suite L&rsquo;Agriculture Paysanne &#8211; C&rsquo;est quoi ? Pourquoi ?","jetpack_sharing_enabled":true,"jetpack_shortlink":"https:\/\/wp.me\/P8DPFj-tq","jetpack_likes_enabled":false,"_links":{"self":[{"href":"https:\/\/adearlimousin.com\/index.php\/wp-json\/wp\/v2\/pages\/1824","targetHints":{"allow":["GET"]}}],"collection":[{"href":"https:\/\/adearlimousin.com\/index.php\/wp-json\/wp\/v2\/pages"}],"about":[{"href":"https:\/\/adearlimousin.com\/index.php\/wp-json\/wp\/v2\/types\/page"}],"author":[{"embeddable":true,"href":"https:\/\/adearlimousin.com\/index.php\/wp-json\/wp\/v2\/users\/1"}],"replies":[{"embeddable":true,"href":"https:\/\/adearlimousin.com\/index.php\/wp-json\/wp\/v2\/comments?post=1824"}],"version-history":[{"count":14,"href":"https:\/\/adearlimousin.com\/index.php\/wp-json\/wp\/v2\/pages\/1824\/revisions"}],"predecessor-version":[{"id":7951,"href":"https:\/\/adearlimousin.com\/index.php\/wp-json\/wp\/v2\/pages\/1824\/revisions\/7951"}],"up":[{"embeddable":true,"href":"https:\/\/adearlimousin.com\/index.php\/wp-json\/wp\/v2\/pages\/413"}],"wp:attachment":[{"href":"https:\/\/adearlimousin.com\/index.php\/wp-json\/wp\/v2\/media?parent=1824"}],"curies":[{"name":"wp","href":"https:\/\/api.w.org\/{rel}","templated":true}]}}