{"id":1982,"date":"2019-01-17T00:22:18","date_gmt":"2019-01-16T23:22:18","guid":{"rendered":"http:\/\/adearlimousin.com\/?page_id=1982"},"modified":"2024-10-22T14:50:32","modified_gmt":"2024-10-22T12:50:32","slug":"le-guide-a-linstallation","status":"publish","type":"page","link":"https:\/\/adearlimousin.com\/index.php\/le-guide-a-linstallation\/","title":{"rendered":"Le kit pour pr\u00e9parer son installation"},"content":{"rendered":"<p>Le r\u00e9seau Inpact Limousin a r\u00e9alis\u00e9 un guide avec toutes les infos importantes pour r\u00e9fl\u00e9chir votre installation :<br \/>\nLes questions \u00e0 se poser avant l&rsquo;installation, les possibilit\u00e9s de formations et stages pour faire son exp\u00e9rience, les questions d&rsquo;acc\u00e8s au foncier (achat, fermage), le financement et le chiffrage du projet, les diff\u00e9rentes options de statuts&#8230; et apr\u00e8s.<br \/>\nLe tout compl\u00e9t\u00e9 par des t\u00e9moignages d&rsquo;installation.<br \/>\nBref, un kit avec toutes les infos pour r\u00e9fl\u00e9chir et construire votre projet !<\/p>\n<p>Construire votre projet :<\/p>\n<p><img loading=\"lazy\" decoding=\"async\" class=\" wp-image-1999 alignright\" src=\"http:\/\/adearlimousin.com\/wp-content\/uploads\/2019\/01\/Guide2018.png\" alt=\"\" width=\"345\" height=\"313\" srcset=\"https:\/\/adearlimousin.com\/wp-content\/uploads\/2019\/01\/Guide2018.png 555w, https:\/\/adearlimousin.com\/wp-content\/uploads\/2019\/01\/Guide2018-300x272.png 300w, https:\/\/adearlimousin.com\/wp-content\/uploads\/2019\/01\/Guide2018-419x380.png 419w\" sizes=\"auto, (max-width: 345px) 100vw, 345px\" \/><\/p>\n<ul>\n<li><span style=\"color: #c90808;\"><em><a style=\"color: #c90808;\" href=\"http:\/\/adearlimousin.com\/wp-content\/uploads\/2019\/01\/2018Guide-AIntro.pdf\" target=\"_blank\" rel=\"noopener noreferrer\">Intro &#8211; Une Agriculture durable et paysanne<\/a><\/em><\/span><\/li>\n<li><span style=\"color: #c90808;\"><em><a style=\"color: #c90808;\" href=\"http:\/\/adearlimousin.com\/wp-content\/uploads\/2019\/01\/2018Guide-Fiche1-ConstruireProjet.pdf\" target=\"_blank\" rel=\"noopener noreferrer\">Fiche 1 &#8211; Construire son Projet<\/a><\/em><\/span><\/li>\n<li><span style=\"color: #c90808;\"><em><a style=\"color: #c90808;\" href=\"http:\/\/adearlimousin.com\/wp-content\/uploads\/2019\/01\/2018Guide-Fiche2-Experience.pdf\" target=\"_blank\" rel=\"noopener noreferrer\">Fiche 2 &#8211; Formation et exp\u00e9rience<\/a><\/em><\/span><\/li>\n<li><span style=\"color: #c90808;\"><em><a style=\"color: #c90808;\" href=\"http:\/\/adearlimousin.com\/wp-content\/uploads\/2019\/01\/2018Guide-Fiche8-EtApres.pdf\" target=\"_blank\" rel=\"noopener noreferrer\">Fiche 8 &#8211; Et Apr\u00e8s<\/a><\/em><\/span><\/li>\n<li><span style=\"color: #800000;\"><a style=\"color: #800000;\" href=\"http:\/\/adearlimousin.com\/wp-content\/uploads\/2019\/01\/2018Guide-ZContacts.pdf\" target=\"_blank\" rel=\"noopener noreferrer\"><em><span style=\"color: #a61b1b;\"><span style=\"color: #c90808;\">Fiche Contacts<\/span><\/span><\/em><\/a><\/span><\/li>\n<\/ul>\n<p>Pour plus d&rsquo;infos sur l&rsquo;installation : inscrivez-vous en RDVI, les dates <a href=\"_wp_link_placeholder\" data-wplink-edit=\"true\">ici<\/a> &#8211; contact [@] adearlimousin.com<\/p>\n<h3>T\u00e9moignages d&rsquo;installation :<\/h3>\n<p><img loading=\"lazy\" decoding=\"async\" class=\" wp-image-2014 alignleft\" src=\"http:\/\/adearlimousin.com\/wp-content\/uploads\/2019\/01\/temoignages.png\" alt=\"\" width=\"166\" height=\"172\" srcset=\"https:\/\/adearlimousin.com\/wp-content\/uploads\/2019\/01\/temoignages.png 872w, https:\/\/adearlimousin.com\/wp-content\/uploads\/2019\/01\/temoignages-288x300.png 288w, https:\/\/adearlimousin.com\/wp-content\/uploads\/2019\/01\/temoignages-768x799.png 768w, https:\/\/adearlimousin.com\/wp-content\/uploads\/2019\/01\/temoignages-600x624.png 600w, https:\/\/adearlimousin.com\/wp-content\/uploads\/2019\/01\/temoignages-365x380.png 365w\" sizes=\"auto, (max-width: 166px) 100vw, 166px\" \/>\u2666 <em><a href=\"http:\/\/adearlimousin.com\/wp-content\/uploads\/2019\/01\/2018Guide-Temoign-Pagnac.pdf\" target=\"_blank\" rel=\"noopener noreferrer\"><span style=\"color: #99cc00;\"><strong>Arnaud et Joannie<\/strong><\/span><\/a><\/em>, install\u00e9s en 2014, en maraichage bio \u00e0 Verneuil sur Vienne (87)<br \/>\n\u2666\u00a0 <em><span style=\"color: #99cc00;\"><strong><a style=\"color: #99cc00;\" href=\"http:\/\/adearlimousin.com\/wp-content\/uploads\/2019\/01\/2018Guide-Temoign-Felix.pdf\" target=\"_blank\" rel=\"noopener noreferrer\">F\u00e9lix<\/a><\/strong><\/span><\/em>, install\u00e9 en bovin viande en 2012 \u00e0 Uzerche (19)<br \/>\n\u2666\u00a0 <em><span style=\"color: #99cc00;\"><strong><a style=\"color: #99cc00;\" href=\"http:\/\/adearlimousin.com\/wp-content\/uploads\/2019\/01\/2018Guide-Temoign-Villotte.pdf\" target=\"_blank\" rel=\"noopener noreferrer\">Claire et Etienne<\/a><\/strong><\/span><\/em>, install\u00e9s en \u00e9levage \u00e0 Cognac la For\u00eat (87)<br \/>\n\u2666 <em><strong><span style=\"color: #99cc00;\"><a style=\"color: #99cc00;\" href=\"http:\/\/adearlimousin.com\/wp-content\/uploads\/2019\/01\/2018Guide-Temoign-Clement.pdf\" target=\"_blank\" rel=\"noopener noreferrer\">Cl\u00e9ment<\/a><\/span><\/strong><\/em>, install\u00e9 en bovin lait et transfo \u00e0 Nedde (87)<br \/>\n\u2666\u00a0 <em><span style=\"color: #99cc00;\"><strong><a style=\"color: #99cc00;\" href=\"http:\/\/adearlimousin.com\/wp-content\/uploads\/2019\/01\/2018Guide-Temoign-BBotte.pdf\" target=\"_blank\" rel=\"noopener noreferrer\">Elie et Arthur<\/a><\/strong><\/span><\/em>, install\u00e9s en c\u00e9r\u00e9ales et maraichage bio \u00e0 Pageas (87)<\/p>\n<p><strong>Et avant ?<\/strong><br \/>\n\u2666 <em><strong><span style=\"color: #99cc00;\"><a style=\"color: #99cc00;\" href=\"http:\/\/adearlimousin.com\/wp-content\/uploads\/2019\/01\/Andre.pdf\" target=\"_blank\" rel=\"noopener noreferrer\">Aur\u00e9lie et Andr\u00e9<\/a><\/span><\/strong><\/em> &#8211; install\u00e9s en petits fruits bio en 2007 (23)<br \/>\n\u2666 <em><span style=\"color: #99cc00;\"><strong><a style=\"color: #99cc00;\" href=\"http:\/\/adearlimousin.com\/wp-content\/uploads\/2019\/01\/Chabra2.pdf\" target=\"_blank\" rel=\"noopener noreferrer\">La Chabra Negra, Marie et Aymeric<\/a><\/strong><\/span><\/em> &#8211; installation en ch\u00e8vres et fromages bio + pain en 2008 (87)<br \/>\n\u2666 <span style=\"color: #99cc00;\"><strong><em><a style=\"color: #99cc00;\" href=\"http:\/\/adearlimousin.com\/wp-content\/uploads\/2019\/01\/Olivier.pdf\" target=\"_blank\" rel=\"noopener noreferrer\">Olivier et Albine<\/a><\/em><\/strong><\/span> &#8211; installation en volailles,\u00a0ch\u00e8vres et fromages bio en 2011 (23)<br \/>\n\u2666 <em><strong><span style=\"color: #99cc00;\"><a style=\"color: #99cc00;\" href=\"http:\/\/adearlimousin.com\/wp-content\/uploads\/2019\/01\/Matthieu.pdf\" target=\"_blank\" rel=\"noopener noreferrer\">Matthieu<\/a><\/span><\/strong><\/em> &#8211; installation en bovin\/ovin viande en 2002 (87)<br \/>\n\u2666 <em><strong><span style=\"color: #99cc00;\"><a style=\"color: #99cc00;\" href=\"http:\/\/adearlimousin.com\/wp-content\/uploads\/2019\/01\/Corinne-William2.pdf\" target=\"_blank\" rel=\"noopener noreferrer\">Corinne &amp; William<\/a><\/span><\/strong><\/em> &#8211; installation en maraichage en 2011 (19)<br \/>\n\u2666 <em><strong><span style=\"color: #99cc00;\"><a style=\"color: #99cc00;\" href=\"http:\/\/adearlimousin.com\/wp-content\/uploads\/2019\/01\/Annick.pdf\" target=\"_blank\" rel=\"noopener noreferrer\">Annick<\/a><\/span><\/strong><\/em> &#8211; installation en canards et bovins en 2004 (19)<\/p>\n","protected":false},"excerpt":{"rendered":"<p>Le r\u00e9seau Inpact Limousin a r\u00e9alis\u00e9 un guide avec toutes les infos importantes pour r\u00e9fl\u00e9chir votre installation : Les questions \u00e0 se poser avant l&rsquo;installation, les possibilit\u00e9s de formations et &hellip; <a href=\"https:\/\/adearlimousin.com\/index.php\/le-guide-a-linstallation\/\" class=\"more-link\">Lire la suite <span class=\"screen-reader-text\">Le kit pour pr\u00e9parer son installation<\/span><\/a><\/p>\n","protected":false},"author":1,"featured_media":0,"parent":0,"menu_order":0,"comment_status":"closed","ping_status":"closed","template":"","meta":{"_uag_custom_page_level_css":"","_EventAllDay":false,"_EventTimezone":"","_EventStartDate":"","_EventEndDate":"","_EventStartDateUTC":"","_EventEndDateUTC":"","_EventShowMap":false,"_EventShowMapLink":false,"_EventURL":"","_EventCost":"","_EventCostDescription":"","_EventCurrencySymbol":"","_EventCurrencyCode":"","_EventCurrencyPosition":"","_EventDateTimeSeparator":"","_EventTimeRangeSeparator":"","_EventOrganizerID":[],"_EventVenueID":[],"_OrganizerEmail":"","_OrganizerPhone":"","_OrganizerWebsite":"","_VenueAddress":"","_VenueCity":"","_VenueCountry":"","_VenueProvince":"","_VenueState":"","_VenueZip":"","_VenuePhone":"","_VenueURL":"","_VenueStateProvince":"","_VenueLat":"","_VenueLng":"","_VenueShowMap":false,"_VenueShowMapLink":false,"footnotes":""},"class_list":["post-1982","page","type-page","status-publish","hentry","without-featured-image"],"yoast_head":"<!-- This site is optimized with the Yoast SEO plugin v27.1.1 - https:\/\/yoast.com\/product\/yoast-seo-wordpress\/ -->\n<title>Le kit pour pr\u00e9parer son installation - ADEAR Limousin<\/title>\n<meta name=\"robots\" content=\"index, follow, max-snippet:-1, max-image-preview:large, max-video-preview:-1\" \/>\n<link rel=\"canonical\" href=\"https:\/\/adearlimousin.com\/index.php\/le-guide-a-linstallation\/\" \/>\n<meta property=\"og:locale\" content=\"fr_FR\" \/>\n<meta property=\"og:type\" content=\"article\" \/>\n<meta property=\"og:title\" content=\"Le kit pour pr\u00e9parer son installation - ADEAR Limousin\" \/>\n<meta property=\"og:description\" content=\"Le r\u00e9seau Inpact Limousin a r\u00e9alis\u00e9 un guide avec toutes les infos importantes pour r\u00e9fl\u00e9chir votre installation : Les questions \u00e0 se poser avant l&rsquo;installation, les possibilit\u00e9s de formations et &hellip; Lire la suite Le kit pour pr\u00e9parer son installation\" \/>\n<meta property=\"og:url\" content=\"https:\/\/adearlimousin.com\/index.php\/le-guide-a-linstallation\/\" \/>\n<meta property=\"og:site_name\" content=\"ADEAR Limousin\" \/>\n<meta property=\"article:publisher\" content=\"https:\/\/www.facebook.com\/adearlimousin\" \/>\n<meta property=\"article:modified_time\" content=\"2024-10-22T12:50:32+00:00\" \/>\n<meta property=\"og:image\" content=\"https:\/\/adearlimousin.com\/wp-content\/uploads\/2019\/01\/Guide2018.png\" \/>\n\t<meta property=\"og:image:width\" content=\"555\" \/>\n\t<meta property=\"og:image:height\" content=\"503\" \/>\n\t<meta property=\"og:image:type\" content=\"image\/png\" \/>\n<meta name=\"twitter:card\" content=\"summary_large_image\" \/>\n<meta name=\"twitter:label1\" content=\"Dur\u00e9e de lecture estim\u00e9e\" \/>\n\t<meta name=\"twitter:data1\" content=\"2 minutes\" \/>\n<script type=\"application\/ld+json\" class=\"yoast-schema-graph\">{\"@context\":\"https:\/\/schema.org\",\"@graph\":[{\"@type\":\"WebPage\",\"@id\":\"https:\/\/adearlimousin.com\/index.php\/le-guide-a-linstallation\/\",\"url\":\"https:\/\/adearlimousin.com\/index.php\/le-guide-a-linstallation\/\",\"name\":\"Le kit pour pr\u00e9parer son installation - ADEAR Limousin\",\"isPartOf\":{\"@id\":\"https:\/\/adearlimousin.com\/#website\"},\"primaryImageOfPage\":{\"@id\":\"https:\/\/adearlimousin.com\/index.php\/le-guide-a-linstallation\/#primaryimage\"},\"image\":{\"@id\":\"https:\/\/adearlimousin.com\/index.php\/le-guide-a-linstallation\/#primaryimage\"},\"thumbnailUrl\":\"http:\/\/adearlimousin.com\/wp-content\/uploads\/2019\/01\/Guide2018.png\",\"datePublished\":\"2019-01-16T23:22:18+00:00\",\"dateModified\":\"2024-10-22T12:50:32+00:00\",\"breadcrumb\":{\"@id\":\"https:\/\/adearlimousin.com\/index.php\/le-guide-a-linstallation\/#breadcrumb\"},\"inLanguage\":\"fr-FR\",\"potentialAction\":[{\"@type\":\"ReadAction\",\"target\":[\"https:\/\/adearlimousin.com\/index.php\/le-guide-a-linstallation\/\"]}]},{\"@type\":\"ImageObject\",\"inLanguage\":\"fr-FR\",\"@id\":\"https:\/\/adearlimousin.com\/index.php\/le-guide-a-linstallation\/#primaryimage\",\"url\":\"https:\/\/adearlimousin.com\/wp-content\/uploads\/2019\/01\/Guide2018.png\",\"contentUrl\":\"https:\/\/adearlimousin.com\/wp-content\/uploads\/2019\/01\/Guide2018.png\",\"width\":555,\"height\":503},{\"@type\":\"BreadcrumbList\",\"@id\":\"https:\/\/adearlimousin.com\/index.php\/le-guide-a-linstallation\/#breadcrumb\",\"itemListElement\":[{\"@type\":\"ListItem\",\"position\":1,\"name\":\"Accueil\",\"item\":\"https:\/\/adearlimousin.com\/\"},{\"@type\":\"ListItem\",\"position\":2,\"name\":\"Le kit pour pr\u00e9parer son installation\"}]},{\"@type\":\"WebSite\",\"@id\":\"https:\/\/adearlimousin.com\/#website\",\"url\":\"https:\/\/adearlimousin.com\/\",\"name\":\"ADEAR Limousin\",\"description\":\"\u00catre paysan\u00b7ne en Limousin\",\"publisher\":{\"@id\":\"https:\/\/adearlimousin.com\/#organization\"},\"potentialAction\":[{\"@type\":\"SearchAction\",\"target\":{\"@type\":\"EntryPoint\",\"urlTemplate\":\"https:\/\/adearlimousin.com\/?s={search_term_string}\"},\"query-input\":{\"@type\":\"PropertyValueSpecification\",\"valueRequired\":true,\"valueName\":\"search_term_string\"}}],\"inLanguage\":\"fr-FR\"},{\"@type\":\"Organization\",\"@id\":\"https:\/\/adearlimousin.com\/#organization\",\"name\":\"Adear Limousin\",\"url\":\"https:\/\/adearlimousin.com\/\",\"logo\":{\"@type\":\"ImageObject\",\"inLanguage\":\"fr-FR\",\"@id\":\"https:\/\/adearlimousin.com\/#\/schema\/logo\/image\/\",\"url\":\"https:\/\/adearlimousin.com\/wp-content\/uploads\/2017\/04\/ADEARLimousin-RAP_V14cm.jpg\",\"contentUrl\":\"https:\/\/adearlimousin.com\/wp-content\/uploads\/2017\/04\/ADEARLimousin-RAP_V14cm.jpg\",\"width\":142,\"height\":118,\"caption\":\"Adear Limousin\"},\"image\":{\"@id\":\"https:\/\/adearlimousin.com\/#\/schema\/logo\/image\/\"},\"sameAs\":[\"https:\/\/www.facebook.com\/adearlimousin\"]}]}<\/script>\n<!-- \/ Yoast SEO plugin. -->","yoast_head_json":{"title":"Le kit pour pr\u00e9parer son installation - ADEAR Limousin","robots":{"index":"index","follow":"follow","max-snippet":"max-snippet:-1","max-image-preview":"max-image-preview:large","max-video-preview":"max-video-preview:-1"},"canonical":"https:\/\/adearlimousin.com\/index.php\/le-guide-a-linstallation\/","og_locale":"fr_FR","og_type":"article","og_title":"Le kit pour pr\u00e9parer son installation - ADEAR Limousin","og_description":"Le r\u00e9seau Inpact Limousin a r\u00e9alis\u00e9 un guide avec toutes les infos importantes pour r\u00e9fl\u00e9chir votre installation : Les questions \u00e0 se poser avant l&rsquo;installation, les possibilit\u00e9s de formations et &hellip; Lire la suite Le kit pour pr\u00e9parer son installation","og_url":"https:\/\/adearlimousin.com\/index.php\/le-guide-a-linstallation\/","og_site_name":"ADEAR Limousin","article_publisher":"https:\/\/www.facebook.com\/adearlimousin","article_modified_time":"2024-10-22T12:50:32+00:00","og_image":[{"width":555,"height":503,"url":"https:\/\/adearlimousin.com\/wp-content\/uploads\/2019\/01\/Guide2018.png","type":"image\/png"}],"twitter_card":"summary_large_image","twitter_misc":{"Dur\u00e9e de lecture estim\u00e9e":"2 minutes"},"schema":{"@context":"https:\/\/schema.org","@graph":[{"@type":"WebPage","@id":"https:\/\/adearlimousin.com\/index.php\/le-guide-a-linstallation\/","url":"https:\/\/adearlimousin.com\/index.php\/le-guide-a-linstallation\/","name":"Le kit pour pr\u00e9parer son installation - ADEAR Limousin","isPartOf":{"@id":"https:\/\/adearlimousin.com\/#website"},"primaryImageOfPage":{"@id":"https:\/\/adearlimousin.com\/index.php\/le-guide-a-linstallation\/#primaryimage"},"image":{"@id":"https:\/\/adearlimousin.com\/index.php\/le-guide-a-linstallation\/#primaryimage"},"thumbnailUrl":"http:\/\/adearlimousin.com\/wp-content\/uploads\/2019\/01\/Guide2018.png","datePublished":"2019-01-16T23:22:18+00:00","dateModified":"2024-10-22T12:50:32+00:00","breadcrumb":{"@id":"https:\/\/adearlimousin.com\/index.php\/le-guide-a-linstallation\/#breadcrumb"},"inLanguage":"fr-FR","potentialAction":[{"@type":"ReadAction","target":["https:\/\/adearlimousin.com\/index.php\/le-guide-a-linstallation\/"]}]},{"@type":"ImageObject","inLanguage":"fr-FR","@id":"https:\/\/adearlimousin.com\/index.php\/le-guide-a-linstallation\/#primaryimage","url":"https:\/\/adearlimousin.com\/wp-content\/uploads\/2019\/01\/Guide2018.png","contentUrl":"https:\/\/adearlimousin.com\/wp-content\/uploads\/2019\/01\/Guide2018.png","width":555,"height":503},{"@type":"BreadcrumbList","@id":"https:\/\/adearlimousin.com\/index.php\/le-guide-a-linstallation\/#breadcrumb","itemListElement":[{"@type":"ListItem","position":1,"name":"Accueil","item":"https:\/\/adearlimousin.com\/"},{"@type":"ListItem","position":2,"name":"Le kit pour pr\u00e9parer son installation"}]},{"@type":"WebSite","@id":"https:\/\/adearlimousin.com\/#website","url":"https:\/\/adearlimousin.com\/","name":"ADEAR Limousin","description":"\u00catre paysan\u00b7ne en Limousin","publisher":{"@id":"https:\/\/adearlimousin.com\/#organization"},"potentialAction":[{"@type":"SearchAction","target":{"@type":"EntryPoint","urlTemplate":"https:\/\/adearlimousin.com\/?s={search_term_string}"},"query-input":{"@type":"PropertyValueSpecification","valueRequired":true,"valueName":"search_term_string"}}],"inLanguage":"fr-FR"},{"@type":"Organization","@id":"https:\/\/adearlimousin.com\/#organization","name":"Adear Limousin","url":"https:\/\/adearlimousin.com\/","logo":{"@type":"ImageObject","inLanguage":"fr-FR","@id":"https:\/\/adearlimousin.com\/#\/schema\/logo\/image\/","url":"https:\/\/adearlimousin.com\/wp-content\/uploads\/2017\/04\/ADEARLimousin-RAP_V14cm.jpg","contentUrl":"https:\/\/adearlimousin.com\/wp-content\/uploads\/2017\/04\/ADEARLimousin-RAP_V14cm.jpg","width":142,"height":118,"caption":"Adear Limousin"},"image":{"@id":"https:\/\/adearlimousin.com\/#\/schema\/logo\/image\/"},"sameAs":["https:\/\/www.facebook.com\/adearlimousin"]}]}},"uagb_featured_image_src":{"full":false,"thumbnail":false,"medium":false,"medium_large":false,"large":false,"1536x1536":false,"2048x2048":false,"post-thumbnail":false,"sela-hero-thumbnail":false,"sela-page-thumbnail":false,"sela-grid-thumbnail":false,"sela-testimonial-thumbnail":false,"sela-logo":false},"uagb_author_info":{"display_name":"Adearlim","author_link":"https:\/\/adearlimousin.com\/index.php\/author\/admin3869\/"},"uagb_comment_info":0,"uagb_excerpt":"Le r\u00e9seau Inpact Limousin a r\u00e9alis\u00e9 un guide avec toutes les infos importantes pour r\u00e9fl\u00e9chir votre installation : Les questions \u00e0 se poser avant l&rsquo;installation, les possibilit\u00e9s de formations et &hellip; Lire la suite Le kit pour pr\u00e9parer son installation","jetpack_sharing_enabled":true,"jetpack_shortlink":"https:\/\/wp.me\/P8DPFj-vY","jetpack_likes_enabled":false,"_links":{"self":[{"href":"https:\/\/adearlimousin.com\/index.php\/wp-json\/wp\/v2\/pages\/1982","targetHints":{"allow":["GET"]}}],"collection":[{"href":"https:\/\/adearlimousin.com\/index.php\/wp-json\/wp\/v2\/pages"}],"about":[{"href":"https:\/\/adearlimousin.com\/index.php\/wp-json\/wp\/v2\/types\/page"}],"author":[{"embeddable":true,"href":"https:\/\/adearlimousin.com\/index.php\/wp-json\/wp\/v2\/users\/1"}],"replies":[{"embeddable":true,"href":"https:\/\/adearlimousin.com\/index.php\/wp-json\/wp\/v2\/comments?post=1982"}],"version-history":[{"count":14,"href":"https:\/\/adearlimousin.com\/index.php\/wp-json\/wp\/v2\/pages\/1982\/revisions"}],"predecessor-version":[{"id":7835,"href":"https:\/\/adearlimousin.com\/index.php\/wp-json\/wp\/v2\/pages\/1982\/revisions\/7835"}],"wp:attachment":[{"href":"https:\/\/adearlimousin.com\/index.php\/wp-json\/wp\/v2\/media?parent=1982"}],"curies":[{"name":"wp","href":"https:\/\/api.w.org\/{rel}","templated":true}]}}