{"id":29,"date":"2016-09-28T10:49:06","date_gmt":"2016-09-28T08:49:06","guid":{"rendered":"https:\/\/ardearlimousin.wordpress.com\/?page_id=29"},"modified":"2026-04-07T11:05:25","modified_gmt":"2026-04-07T09:05:25","slug":"nos-lettres-dinfo","status":"publish","type":"page","link":"https:\/\/adearlimousin.com\/index.php\/nos-lettres-dinfo\/","title":{"rendered":"Lettres d&rsquo;infos"},"content":{"rendered":"\n<iframe loading=\"lazy\" width=\"100%\" height=\"400\" src=\"https:\/\/8b81c599.sibforms.com\/serve\/MUIFAJgTWQaJ0AgZwoKqUSj3okVkMEsx18FbN7rr6Bcn89GthcbtMqx7IwmMm5V3vrnN-Qn_hkMIiXPzMeewVjKm-qAfWD4iwC41jW4aFlA85C9fN5LMvO97iXB2snmBZI7LJ88RgGmir-tmB4v42DI_A8og3jdDK7SfJMbhhZa9ee36efQz4xhREJiGqhLmZ8WF4yKymB8iE3wD\" frameborder=\"0\" scrolling=\"auto\" allowfullscreen style=\"display: block;margin-left: auto;margin-right: auto;max-width: 100%;\"><\/iframe>\n\n\n\n<p><strong> La lettre d&rsquo;informations de l&rsquo;Agriculture paysanne en Limousin :<\/strong><\/p>\n\n\n\n<ul class=\"wp-block-list\">\n<li><a href=\"https:\/\/adearlimousin.com\/wp-content\/uploads\/2026\/01\/LI_Janvier.pdf\">Lettre d&rsquo;info n\u00b057 &#8211; Janvier 2026<\/a><\/li>\n\n\n\n<li><a href=\"https:\/\/adearlimousin.com\/wp-content\/uploads\/2025\/12\/202512_Lettre_d_infoN\u00b056.pdf\">Lettre d&rsquo;info n\u00b056 &#8211; D\u00e9cembre 2025<\/a><\/li>\n\n\n\n<li><a href=\"https:\/\/adearlimousin.com\/wp-content\/uploads\/2025\/12\/202511_Lettre_d_infoN\u00b055-1.pdf\">Lettre d&rsquo;info n\u00b055 &#8211; Novembre 2025<\/a><\/li>\n<\/ul>\n\n\n\n<p>Pour le recevoir, inscrivez-vous <a href=\"https:\/\/8b81c599.sibforms.com\/serve\/MUIFAPl1no6O6YFzqHNOFcQyyFs8RjRl2sA1_4otegAasLhpfX2jHNJT3yml-2EvNCpaoGmVMtVZWgv4OW-XtZsQrF8K5LeWMjlLx3O6MpTENUczo649nCEyPuyrBXRlZ4Op1RR1y0THwfs4diaOBEHNSVA2nn1VBaD6escL1XklEMhJOMWEW6CslwjuBsesPViUcCS5GNyssNVk\">en cliquant ici<\/a>.<\/p>\n\n\n\n<hr class=\"wp-block-separator has-alpha-channel-opacity is-style-dots\"\/>\n\n\n\n<blockquote class=\"wp-block-quote is-layout-flow wp-block-quote-is-layout-flow\">\n<blockquote class=\"wp-block-quote is-layout-flow wp-block-quote-is-layout-flow\">\n<blockquote class=\"wp-block-quote is-layout-flow wp-block-quote-is-layout-flow\">\n<blockquote class=\"wp-block-quote is-layout-flow wp-block-quote-is-layout-flow\">\n<blockquote class=\"wp-block-quote is-layout-flow wp-block-quote-is-layout-flow\">\n<p><\/p>\n<\/blockquote>\n<\/blockquote>\n<\/blockquote>\n<\/blockquote>\n<\/blockquote>\n\n\n\n<div class=\"wp-block-group is-nowrap is-layout-flex wp-container-core-group-is-layout-ad2f72ca wp-block-group-is-layout-flex\">\n<div class=\"wp-block-uagb-container uagb-block-6a4f0ba7 alignfull uagb-is-root-container\"><div class=\"uagb-container-inner-blocks-wrap\">\n<figure class=\"wp-block-image size-full is-resized\"><img loading=\"lazy\" decoding=\"async\" width=\"600\" height=\"575\" src=\"https:\/\/adearlimousin.com\/wp-content\/uploads\/2024\/05\/Inpact-Limousin-fnd-blc-petit-format.png\" alt=\"\" class=\"wp-image-7561\" style=\"aspect-ratio:1.0434782608695652;width:160px;height:auto\" srcset=\"https:\/\/adearlimousin.com\/wp-content\/uploads\/2024\/05\/Inpact-Limousin-fnd-blc-petit-format.png 600w, https:\/\/adearlimousin.com\/wp-content\/uploads\/2024\/05\/Inpact-Limousin-fnd-blc-petit-format-300x288.png 300w, https:\/\/adearlimousin.com\/wp-content\/uploads\/2024\/05\/Inpact-Limousin-fnd-blc-petit-format-397x380.png 397w\" sizes=\"auto, (max-width: 600px) 100vw, 600px\" \/><\/figure>\n<\/div><\/div>\n\n\n\n<div class=\"wp-block-uagb-container uagb-block-1a7ee927 alignfull uagb-is-root-container\"><div class=\"uagb-container-inner-blocks-wrap\">\n<div class=\"wp-block-uagb-container uagb-block-2db0df6e\">\n<p><strong> Vous souhaitez recevoir l&rsquo;infolettre InPACT Limousin ?<\/strong> <br><em>L&rsquo;infolettre InPACT Limousin regroupe les actualit\u00e9s des structures de ce collectif en Limousin : l&rsquo;Adear, les Civam, Terre de Liens, les groupements de producteurs bio, l&rsquo;Afocg, Solidarit\u00e9 Paysans&#8230;<br><\/em><\/p>\n\n\n\n<p>Inscrivez-vous <a href=\"https:\/\/8b81c599.sibforms.com\/serve\/MUIFAJeq-f8fBAXcH9-iet_oTM7eoUvDsNwqW7b4jIt5SOZloh8HceHgAVUrq269fNNWKkGy6Ij3NApB8ily21U67euOaiOxEsgtXPb_UZsQ_48F1VC6no5i7asUIVXy-7qawLrqPE6AKIO1T--INmPSiXmtIerd4TRlPkHLL1nLbsTH1rgVv6PACdieeNFKJEIjRKw--rvlc_0N\">en cliquant ici<\/a>.<\/p>\n<\/div>\n<\/div><\/div>\n<\/div>\n\n\n\n<p>Nos derni\u00e8res lettres d&rsquo;infos InPACT Limousin :<\/p>\n\n\n\n<ul class=\"wp-block-list\">\n<li>Infolettre InPACT : <a href=\"https:\/\/adearlimousin.com\/wp-content\/uploads\/2026\/04\/04_Infolettre_InPACT_Avr2026.pdf\" type=\"link\" id=\"https:\/\/adearlimousin.com\/wp-content\/uploads\/2026\/04\/04_Infolettre_InPACT_Avr2026.pdf\">Avril 2026<\/a><\/li>\n\n\n\n<li>Infolettre InPACT : <a href=\"https:\/\/adearlimousin.com\/wp-content\/uploads\/2026\/04\/03_Infolettre_InPACT_Mar2026.pdf\" type=\"link\" id=\"https:\/\/adearlimousin.com\/wp-content\/uploads\/2026\/04\/03_Infolettre_InPACT_Mar2026.pdf\">Mars 2026<\/a><\/li>\n\n\n\n<li>Infolettre InPACT : <a href=\"https:\/\/adearlimousin.com\/wp-content\/uploads\/2026\/04\/02_Infolettre_InPACT_Fev2026.pdf\" type=\"link\" id=\"https:\/\/adearlimousin.com\/wp-content\/uploads\/2026\/04\/02_Infolettre_InPACT_Fev2026.pdf\">F\u00e9vrier 2026<\/a><\/li>\n<\/ul>\n\n\n\n<blockquote class=\"wp-block-quote is-layout-flow wp-block-quote-is-layout-flow\">\n<blockquote class=\"wp-block-quote is-layout-flow wp-block-quote-is-layout-flow\">\n<blockquote class=\"wp-block-quote is-layout-flow wp-block-quote-is-layout-flow\">\n<p><\/p>\n<\/blockquote>\n<\/blockquote>\n<\/blockquote>\n\n\n\n<p><strong><u><em>Si vous \u00eates inscrits \u00e0 nos infolettres mais ne les recevez pas, veuillez v\u00e9rifier dans vos \u00ab\u00a0courriers ind\u00e9sirables\/spams\u00a0\u00bb<\/em><\/u><\/strong><\/p>\n\n\n\n<p><em>NB : pour une question d\u2019empreinte \u00e9cologique, nous effa\u00e7ons r\u00e9guli\u00e8rement les lettres d&rsquo;info les plus anciennes pour ne laisser que les r\u00e9centes en ligne.<\/em><\/p>\n\n\n\n<p><\/p>\n","protected":false},"excerpt":{"rendered":"<p>La lettre d&rsquo;informations de l&rsquo;Agriculture paysanne en Limousin : Pour le recevoir, inscrivez-vous en cliquant ici. Vous souhaitez recevoir l&rsquo;infolettre InPACT Limousin ? L&rsquo;infolettre InPACT Limousin regroupe les actualit\u00e9s des &hellip; <a href=\"https:\/\/adearlimousin.com\/index.php\/nos-lettres-dinfo\/\" class=\"more-link\">Lire la suite <span class=\"screen-reader-text\">Lettres d&rsquo;infos<\/span><\/a><\/p>\n","protected":false},"author":1,"featured_media":0,"parent":0,"menu_order":0,"comment_status":"closed","ping_status":"closed","template":"","meta":{"_uag_custom_page_level_css":"","_EventAllDay":false,"_EventTimezone":"","_EventStartDate":"","_EventEndDate":"","_EventStartDateUTC":"","_EventEndDateUTC":"","_EventShowMap":false,"_EventShowMapLink":false,"_EventURL":"","_EventCost":"","_EventCostDescription":"","_EventCurrencySymbol":"","_EventCurrencyCode":"","_EventCurrencyPosition":"","_EventDateTimeSeparator":"","_EventTimeRangeSeparator":"","_EventOrganizerID":[],"_EventVenueID":[],"_OrganizerEmail":"","_OrganizerPhone":"","_OrganizerWebsite":"","_VenueAddress":"","_VenueCity":"","_VenueCountry":"","_VenueProvince":"","_VenueState":"","_VenueZip":"","_VenuePhone":"","_VenueURL":"","_VenueStateProvince":"","_VenueLat":"","_VenueLng":"","_VenueShowMap":false,"_VenueShowMapLink":false,"footnotes":""},"class_list":["post-29","page","type-page","status-publish","hentry","without-featured-image"],"yoast_head":"<!-- This site is optimized with the Yoast SEO plugin v27.1.1 - https:\/\/yoast.com\/product\/yoast-seo-wordpress\/ -->\n<title>Lettres d&#039;infos - ADEAR Limousin<\/title>\n<meta name=\"description\" content=\"T\u00e9l\u00e9chargez et inscrivez-vous \u00e0 notre lettre d&#039;infos pour en savoir plus sur nos actualit\u00e9s et celles de notre r\u00e9seau\" \/>\n<meta name=\"robots\" content=\"index, follow, max-snippet:-1, max-image-preview:large, max-video-preview:-1\" \/>\n<link rel=\"canonical\" href=\"https:\/\/adearlimousin.com\/index.php\/nos-lettres-dinfo\/\" \/>\n<meta property=\"og:locale\" content=\"fr_FR\" \/>\n<meta property=\"og:type\" content=\"article\" \/>\n<meta property=\"og:title\" content=\"Lettres d&#039;infos - ADEAR Limousin\" \/>\n<meta property=\"og:description\" content=\"T\u00e9l\u00e9chargez et inscrivez-vous \u00e0 notre lettre d&#039;infos pour en savoir plus sur nos actualit\u00e9s et celles de notre r\u00e9seau\" \/>\n<meta property=\"og:url\" content=\"https:\/\/adearlimousin.com\/index.php\/nos-lettres-dinfo\/\" \/>\n<meta property=\"og:site_name\" content=\"ADEAR Limousin\" \/>\n<meta property=\"article:publisher\" content=\"https:\/\/www.facebook.com\/adearlimousin\" \/>\n<meta property=\"article:modified_time\" content=\"2026-04-07T09:05:25+00:00\" \/>\n<meta property=\"og:image\" content=\"https:\/\/adearlimousin.com\/wp-content\/uploads\/2024\/05\/Inpact-Limousin-fnd-blc-petit-format.png\" \/>\n\t<meta property=\"og:image:width\" content=\"600\" \/>\n\t<meta property=\"og:image:height\" content=\"575\" \/>\n\t<meta property=\"og:image:type\" content=\"image\/png\" \/>\n<meta name=\"twitter:card\" content=\"summary_large_image\" \/>\n<meta name=\"twitter:label1\" content=\"Dur\u00e9e de lecture estim\u00e9e\" \/>\n\t<meta name=\"twitter:data1\" content=\"1 minute\" \/>\n<script type=\"application\/ld+json\" class=\"yoast-schema-graph\">{\"@context\":\"https:\/\/schema.org\",\"@graph\":[{\"@type\":\"WebPage\",\"@id\":\"https:\/\/adearlimousin.com\/index.php\/nos-lettres-dinfo\/\",\"url\":\"https:\/\/adearlimousin.com\/index.php\/nos-lettres-dinfo\/\",\"name\":\"Lettres d'infos - ADEAR Limousin\",\"isPartOf\":{\"@id\":\"https:\/\/adearlimousin.com\/#website\"},\"primaryImageOfPage\":{\"@id\":\"https:\/\/adearlimousin.com\/index.php\/nos-lettres-dinfo\/#primaryimage\"},\"image\":{\"@id\":\"https:\/\/adearlimousin.com\/index.php\/nos-lettres-dinfo\/#primaryimage\"},\"thumbnailUrl\":\"https:\/\/adearlimousin.com\/wp-content\/uploads\/2024\/05\/Inpact-Limousin-fnd-blc-petit-format.png\",\"datePublished\":\"2016-09-28T08:49:06+00:00\",\"dateModified\":\"2026-04-07T09:05:25+00:00\",\"description\":\"T\u00e9l\u00e9chargez et inscrivez-vous \u00e0 notre lettre d'infos pour en savoir plus sur nos actualit\u00e9s et celles de notre r\u00e9seau\",\"breadcrumb\":{\"@id\":\"https:\/\/adearlimousin.com\/index.php\/nos-lettres-dinfo\/#breadcrumb\"},\"inLanguage\":\"fr-FR\",\"potentialAction\":[{\"@type\":\"ReadAction\",\"target\":[\"https:\/\/adearlimousin.com\/index.php\/nos-lettres-dinfo\/\"]}]},{\"@type\":\"ImageObject\",\"inLanguage\":\"fr-FR\",\"@id\":\"https:\/\/adearlimousin.com\/index.php\/nos-lettres-dinfo\/#primaryimage\",\"url\":\"https:\/\/adearlimousin.com\/wp-content\/uploads\/2024\/05\/Inpact-Limousin-fnd-blc-petit-format.png\",\"contentUrl\":\"https:\/\/adearlimousin.com\/wp-content\/uploads\/2024\/05\/Inpact-Limousin-fnd-blc-petit-format.png\",\"width\":600,\"height\":575},{\"@type\":\"BreadcrumbList\",\"@id\":\"https:\/\/adearlimousin.com\/index.php\/nos-lettres-dinfo\/#breadcrumb\",\"itemListElement\":[{\"@type\":\"ListItem\",\"position\":1,\"name\":\"Accueil\",\"item\":\"https:\/\/adearlimousin.com\/\"},{\"@type\":\"ListItem\",\"position\":2,\"name\":\"Lettres d&rsquo;infos\"}]},{\"@type\":\"WebSite\",\"@id\":\"https:\/\/adearlimousin.com\/#website\",\"url\":\"https:\/\/adearlimousin.com\/\",\"name\":\"ADEAR Limousin\",\"description\":\"\u00catre paysan\u00b7ne en Limousin\",\"publisher\":{\"@id\":\"https:\/\/adearlimousin.com\/#organization\"},\"potentialAction\":[{\"@type\":\"SearchAction\",\"target\":{\"@type\":\"EntryPoint\",\"urlTemplate\":\"https:\/\/adearlimousin.com\/?s={search_term_string}\"},\"query-input\":{\"@type\":\"PropertyValueSpecification\",\"valueRequired\":true,\"valueName\":\"search_term_string\"}}],\"inLanguage\":\"fr-FR\"},{\"@type\":\"Organization\",\"@id\":\"https:\/\/adearlimousin.com\/#organization\",\"name\":\"Adear Limousin\",\"url\":\"https:\/\/adearlimousin.com\/\",\"logo\":{\"@type\":\"ImageObject\",\"inLanguage\":\"fr-FR\",\"@id\":\"https:\/\/adearlimousin.com\/#\/schema\/logo\/image\/\",\"url\":\"https:\/\/adearlimousin.com\/wp-content\/uploads\/2017\/04\/ADEARLimousin-RAP_V14cm.jpg\",\"contentUrl\":\"https:\/\/adearlimousin.com\/wp-content\/uploads\/2017\/04\/ADEARLimousin-RAP_V14cm.jpg\",\"width\":142,\"height\":118,\"caption\":\"Adear Limousin\"},\"image\":{\"@id\":\"https:\/\/adearlimousin.com\/#\/schema\/logo\/image\/\"},\"sameAs\":[\"https:\/\/www.facebook.com\/adearlimousin\"]}]}<\/script>\n<!-- \/ Yoast SEO plugin. -->","yoast_head_json":{"title":"Lettres d'infos - ADEAR Limousin","description":"T\u00e9l\u00e9chargez et inscrivez-vous \u00e0 notre lettre d'infos pour en savoir plus sur nos actualit\u00e9s et celles de notre r\u00e9seau","robots":{"index":"index","follow":"follow","max-snippet":"max-snippet:-1","max-image-preview":"max-image-preview:large","max-video-preview":"max-video-preview:-1"},"canonical":"https:\/\/adearlimousin.com\/index.php\/nos-lettres-dinfo\/","og_locale":"fr_FR","og_type":"article","og_title":"Lettres d'infos - ADEAR Limousin","og_description":"T\u00e9l\u00e9chargez et inscrivez-vous \u00e0 notre lettre d'infos pour en savoir plus sur nos actualit\u00e9s et celles de notre r\u00e9seau","og_url":"https:\/\/adearlimousin.com\/index.php\/nos-lettres-dinfo\/","og_site_name":"ADEAR Limousin","article_publisher":"https:\/\/www.facebook.com\/adearlimousin","article_modified_time":"2026-04-07T09:05:25+00:00","og_image":[{"width":600,"height":575,"url":"https:\/\/adearlimousin.com\/wp-content\/uploads\/2024\/05\/Inpact-Limousin-fnd-blc-petit-format.png","type":"image\/png"}],"twitter_card":"summary_large_image","twitter_misc":{"Dur\u00e9e de lecture estim\u00e9e":"1 minute"},"schema":{"@context":"https:\/\/schema.org","@graph":[{"@type":"WebPage","@id":"https:\/\/adearlimousin.com\/index.php\/nos-lettres-dinfo\/","url":"https:\/\/adearlimousin.com\/index.php\/nos-lettres-dinfo\/","name":"Lettres d'infos - ADEAR Limousin","isPartOf":{"@id":"https:\/\/adearlimousin.com\/#website"},"primaryImageOfPage":{"@id":"https:\/\/adearlimousin.com\/index.php\/nos-lettres-dinfo\/#primaryimage"},"image":{"@id":"https:\/\/adearlimousin.com\/index.php\/nos-lettres-dinfo\/#primaryimage"},"thumbnailUrl":"https:\/\/adearlimousin.com\/wp-content\/uploads\/2024\/05\/Inpact-Limousin-fnd-blc-petit-format.png","datePublished":"2016-09-28T08:49:06+00:00","dateModified":"2026-04-07T09:05:25+00:00","description":"T\u00e9l\u00e9chargez et inscrivez-vous \u00e0 notre lettre d'infos pour en savoir plus sur nos actualit\u00e9s et celles de notre r\u00e9seau","breadcrumb":{"@id":"https:\/\/adearlimousin.com\/index.php\/nos-lettres-dinfo\/#breadcrumb"},"inLanguage":"fr-FR","potentialAction":[{"@type":"ReadAction","target":["https:\/\/adearlimousin.com\/index.php\/nos-lettres-dinfo\/"]}]},{"@type":"ImageObject","inLanguage":"fr-FR","@id":"https:\/\/adearlimousin.com\/index.php\/nos-lettres-dinfo\/#primaryimage","url":"https:\/\/adearlimousin.com\/wp-content\/uploads\/2024\/05\/Inpact-Limousin-fnd-blc-petit-format.png","contentUrl":"https:\/\/adearlimousin.com\/wp-content\/uploads\/2024\/05\/Inpact-Limousin-fnd-blc-petit-format.png","width":600,"height":575},{"@type":"BreadcrumbList","@id":"https:\/\/adearlimousin.com\/index.php\/nos-lettres-dinfo\/#breadcrumb","itemListElement":[{"@type":"ListItem","position":1,"name":"Accueil","item":"https:\/\/adearlimousin.com\/"},{"@type":"ListItem","position":2,"name":"Lettres d&rsquo;infos"}]},{"@type":"WebSite","@id":"https:\/\/adearlimousin.com\/#website","url":"https:\/\/adearlimousin.com\/","name":"ADEAR Limousin","description":"\u00catre paysan\u00b7ne en Limousin","publisher":{"@id":"https:\/\/adearlimousin.com\/#organization"},"potentialAction":[{"@type":"SearchAction","target":{"@type":"EntryPoint","urlTemplate":"https:\/\/adearlimousin.com\/?s={search_term_string}"},"query-input":{"@type":"PropertyValueSpecification","valueRequired":true,"valueName":"search_term_string"}}],"inLanguage":"fr-FR"},{"@type":"Organization","@id":"https:\/\/adearlimousin.com\/#organization","name":"Adear Limousin","url":"https:\/\/adearlimousin.com\/","logo":{"@type":"ImageObject","inLanguage":"fr-FR","@id":"https:\/\/adearlimousin.com\/#\/schema\/logo\/image\/","url":"https:\/\/adearlimousin.com\/wp-content\/uploads\/2017\/04\/ADEARLimousin-RAP_V14cm.jpg","contentUrl":"https:\/\/adearlimousin.com\/wp-content\/uploads\/2017\/04\/ADEARLimousin-RAP_V14cm.jpg","width":142,"height":118,"caption":"Adear Limousin"},"image":{"@id":"https:\/\/adearlimousin.com\/#\/schema\/logo\/image\/"},"sameAs":["https:\/\/www.facebook.com\/adearlimousin"]}]}},"uagb_featured_image_src":{"full":false,"thumbnail":false,"medium":false,"medium_large":false,"large":false,"1536x1536":false,"2048x2048":false,"post-thumbnail":false,"sela-hero-thumbnail":false,"sela-page-thumbnail":false,"sela-grid-thumbnail":false,"sela-testimonial-thumbnail":false,"sela-logo":false},"uagb_author_info":{"display_name":"Adearlim","author_link":"https:\/\/adearlimousin.com\/index.php\/author\/admin3869\/"},"uagb_comment_info":0,"uagb_excerpt":"La lettre d&rsquo;informations de l&rsquo;Agriculture paysanne en Limousin : Pour le recevoir, inscrivez-vous en cliquant ici. Vous souhaitez recevoir l&rsquo;infolettre InPACT Limousin ? L&rsquo;infolettre InPACT Limousin regroupe les actualit\u00e9s des &hellip; Lire la suite Lettres d&rsquo;infos","jetpack_sharing_enabled":true,"jetpack_shortlink":"https:\/\/wp.me\/P8DPFj-t","jetpack_likes_enabled":false,"_links":{"self":[{"href":"https:\/\/adearlimousin.com\/index.php\/wp-json\/wp\/v2\/pages\/29","targetHints":{"allow":["GET"]}}],"collection":[{"href":"https:\/\/adearlimousin.com\/index.php\/wp-json\/wp\/v2\/pages"}],"about":[{"href":"https:\/\/adearlimousin.com\/index.php\/wp-json\/wp\/v2\/types\/page"}],"author":[{"embeddable":true,"href":"https:\/\/adearlimousin.com\/index.php\/wp-json\/wp\/v2\/users\/1"}],"replies":[{"embeddable":true,"href":"https:\/\/adearlimousin.com\/index.php\/wp-json\/wp\/v2\/comments?post=29"}],"version-history":[{"count":279,"href":"https:\/\/adearlimousin.com\/index.php\/wp-json\/wp\/v2\/pages\/29\/revisions"}],"predecessor-version":[{"id":8700,"href":"https:\/\/adearlimousin.com\/index.php\/wp-json\/wp\/v2\/pages\/29\/revisions\/8700"}],"wp:attachment":[{"href":"https:\/\/adearlimousin.com\/index.php\/wp-json\/wp\/v2\/media?parent=29"}],"curies":[{"name":"wp","href":"https:\/\/api.w.org\/{rel}","templated":true}]}}