{"id":33,"date":"2016-09-28T10:53:51","date_gmt":"2016-09-28T08:53:51","guid":{"rendered":"https:\/\/ardearlimousin.wordpress.com\/?page_id=33"},"modified":"2026-03-23T12:24:22","modified_gmt":"2026-03-23T11:24:22","slug":"qui-sommes-nous","status":"publish","type":"page","link":"https:\/\/adearlimousin.com\/","title":{"rendered":"Qui sommes nous ?"},"content":{"rendered":"\n<div class=\"wp-block-group is-nowrap is-layout-flex wp-container-core-group-is-layout-ad2f72ca wp-block-group-is-layout-flex\">\n<figure class=\"wp-block-image size-full\"><img decoding=\"async\" src=\"https:\/\/adearlimousin.com\/wp-content\/uploads\/2024\/12\/ADEARLimousin-RAP-png-transparent.png\" alt=\"\"\/><\/figure>\n\n\n\n<p>L\u2019ADEAR Limousin est une <strong>association loi 1901<\/strong>, cr\u00e9\u00e9e en 1991 \u00e0 l\u2019initiative de paysan\u00b7nes d\u00e9fendant une agriculture plus respectueuse de leur travail, de leur r\u00f4le, des attentes de la soci\u00e9t\u00e9 et de l\u2019environnement.<\/p>\n<\/div>\n\n\n\n<p><strong>L\u2019ADEAR Limousin regroupe des paysan\u00b7nes, porteur\u00b7euses de projets, citoyen\u00b7nes<\/strong> qui partagent le projet politique de l&rsquo;<a href=\"https:\/\/adearlimousin.com\/index.php\/adear-limousin\/lagriculture-paysanne-cestquoi\/\">Agriculture paysanne<\/a>.<\/p>\n\n\n\n<p><strong>Organisme de formation<\/strong> <strong>et de d\u00e9veloppement<\/strong>, nous accompagnons les installations en agriculture, la transmission des fermes, les \u00e9volutions de pratiques agricoles, les dynamiques collectives entre paysan\u00b7nes, et toutes autres initiatives en faveur du d\u00e9veloppement de l&rsquo;Agriculture Paysanne sur notre territoire.<\/p>\n\n\n\n<figure class=\"wp-block-image size-large\"><img loading=\"lazy\" decoding=\"async\" width=\"1024\" height=\"576\" src=\"https:\/\/adearlimousin.com\/wp-content\/uploads\/2025\/06\/Photo-de-groupe-AG-montage-1024x576.png\" alt=\"\" class=\"wp-image-8262\" title=\"l'\u00e9quipe administrateur et salari\u00e9es\" srcset=\"https:\/\/adearlimousin.com\/wp-content\/uploads\/2025\/06\/Photo-de-groupe-AG-montage-1024x576.png 1024w, https:\/\/adearlimousin.com\/wp-content\/uploads\/2025\/06\/Photo-de-groupe-AG-montage-300x169.png 300w, https:\/\/adearlimousin.com\/wp-content\/uploads\/2025\/06\/Photo-de-groupe-AG-montage-768x432.png 768w, https:\/\/adearlimousin.com\/wp-content\/uploads\/2025\/06\/Photo-de-groupe-AG-montage-1536x864.png 1536w, https:\/\/adearlimousin.com\/wp-content\/uploads\/2025\/06\/Photo-de-groupe-AG-montage-676x380.png 676w, https:\/\/adearlimousin.com\/wp-content\/uploads\/2025\/06\/Photo-de-groupe-AG-montage.png 1920w\" sizes=\"auto, (max-width: 1024px) 100vw, 1024px\" \/><figcaption class=\"wp-element-caption\"><em>Le bureau, les membres du CA et l&rsquo;\u00e9quipe salari\u00e9e &#8211; Avril 2025 &#8211; Limoges<\/em><\/figcaption><\/figure>\n\n\n\n<h3 class=\"wp-block-heading\"><span style=\"color: #bdcd00;\">Composition du bureau<\/span><\/h3>\n\n\n\n<div class=\"wp-block-group\"><div class=\"wp-block-group__inner-container is-layout-constrained wp-block-group-is-layout-constrained\">\n<div class=\"wp-block-group\"><div class=\"wp-block-group__inner-container is-layout-constrained wp-block-group-is-layout-constrained\">\n<div class=\"wp-block-group\"><div class=\"wp-block-group__inner-container is-layout-constrained wp-block-group-is-layout-constrained\">\n<div class=\"wp-block-group is-vertical is-layout-flex wp-container-core-group-is-layout-8cf370e7 wp-block-group-is-layout-flex\">\n<p>Nicolas Poir\u00e9 &#8211; <strong>Pr\u00e9sident <\/strong> <\/p>\n\n\n\n<p>Adriane Berenson &#8211; <strong>Vice-Pr\u00e9sidente<\/strong> <\/p>\n\n\n\n<p>Marius Chevallier &#8211; <strong>Tr\u00e9sorier<\/strong> <\/p>\n\n\n\n<p>Julien Dellier &#8211; <strong>Secr\u00e9taire<\/strong><\/p>\n<\/div>\n<\/div><\/div>\n<\/div><\/div>\n<\/div><\/div>\n\n\n\n<p><\/p>\n\n\n\n<p><\/p>\n\n\n\n<h3 class=\"wp-block-heading entry-header\"><span style=\"color: #bdcd00;\">L&rsquo;\u00e9quipe salari\u00e9e<\/span><\/h3>\n\n\n\n<p><strong>Marion Chauprade<\/strong> : Installation, Groupe maraichage bio d\u00e9p. 87<br><em>mchauprade (at) adearlimousin . com\u00a0 &#8211; 07 54 36 87 41<\/em><br><br><strong>Aurore Roquencourt<\/strong> : Installation et Entreprendre en Agriculture Paysanne (Stage paysan cr\u00e9atif)<br><em>aurorer (at) adearlimousin . com &#8211; 07 54 36 58 40<\/em><br><em><br><\/em><strong>Esther Picq<\/strong> : Formations entrepreneuriales, Installation et Entreprendre en Agriculture Paysanne<br><em>estherp (at) adearlimousin . com &#8211; 07 52 07 50 60<\/em><br><em><br><\/em><strong>Juliette Verdeil<\/strong> : Formations techniques, Groupe mara\u00eechage bio d\u00e9p.19 et groupe petits fruits<br><em>juliettev (at) adearlimousin . com<\/em> &#8211; <em>06 56 68 16 17<\/em><br><br><strong>Manon Kister<\/strong> : Accompagnement \u00e0 la Transmission et \u00e0 l&rsquo;Installation, animation du Groupe laine<br><em>manonk (at) adearlimousin . com<\/em> &#8211; <em>06 38 04 72 19<\/em><br><br><strong>Julie Giraud<\/strong> : Gestion administrative et financi\u00e8re, Partenariats<br><em>julieg (at) adearlimousin . com<\/em><br><br><strong>Julie Rabuel :<\/strong> Installation<br>jrabuel(at)adearlimousin . com &#8211; 07 44 47 36 48<\/p>\n\n\n\n<p><\/p>\n\n\n\n<h3 class=\"wp-block-heading entry-header\"><span style=\"color: #bdcd00;\">Nous contacter<\/span><\/h3>\n\n\n\n<p><em><strong>T\u00e9l\u00e9phone<\/strong> : 05 87 50 41 03<\/em><br><em><strong>Mail<\/strong> : contact (at) adearlimousin . com<\/em><br><br><strong>Adresse<\/strong> <strong>postale <\/strong>: SAFRAN, 2 avenue Georges Guingouin<br>CS 80912 Panazol<br><\/p>\n\n\n\n<p><br><\/p>\n\n\n\n<h3 class=\"wp-block-heading entry-header\"><span style=\"color: #bdcd00;\">Acc\u00e8s<\/span><\/h3>\n\n\n\n<div class=\"wp-block-columns is-layout-flex wp-container-core-columns-is-layout-9d6595d7 wp-block-columns-is-layout-flex\">\n<div class=\"wp-block-column is-layout-flow wp-block-column-is-layout-flow\">\n<p><strong>En voiture <\/strong>(nous sommes au Sud-Est de Limoges) :<br>-GPS : bien mettre \u00ab\u00a0Adear Limousin\u00a0\u00bb ou \u00ab\u00a0SCI Safran, Panazol\u00a0\u00bb<br>coordonn\u00e9es GPS : 45.835881, 1.287357<br>-Autoroute : sortie 33 ou 34<br><br><strong>En Bus <\/strong>: ligne 61 arr\u00eat Safran (tr\u00e8s peu desservie)<br><br><strong>Plans d\u2019acc\u00e8s au Safran ci-contre :<\/strong><\/p>\n\n\n\n<p><\/p>\n\n\n\n<p><\/p>\n<\/div>\n\n\n\n<div class=\"wp-block-column is-layout-flow wp-block-column-is-layout-flow\">\n<figure class=\"wp-block-image size-full\"><img loading=\"lazy\" decoding=\"async\" width=\"375\" height=\"418\" src=\"https:\/\/adearlimousin.com\/wp-content\/uploads\/2024\/05\/safran-2.png\" alt=\"Trouver l'ADEAR Limousin\" class=\"wp-image-7488\" srcset=\"https:\/\/adearlimousin.com\/wp-content\/uploads\/2024\/05\/safran-2.png 375w, https:\/\/adearlimousin.com\/wp-content\/uploads\/2024\/05\/safran-2-269x300.png 269w, https:\/\/adearlimousin.com\/wp-content\/uploads\/2024\/05\/safran-2-341x380.png 341w\" sizes=\"auto, (max-width: 375px) 100vw, 375px\" \/><\/figure>\n<\/div>\n<\/div>\n","protected":false},"excerpt":{"rendered":"<p>L\u2019ADEAR Limousin est une association loi 1901, cr\u00e9\u00e9e en 1991 \u00e0 l\u2019initiative de paysan\u00b7nes d\u00e9fendant une agriculture plus respectueuse de leur travail, de leur r\u00f4le, des attentes de la soci\u00e9t\u00e9 &hellip; <a href=\"https:\/\/adearlimousin.com\/\" class=\"more-link\">Lire la suite <span class=\"screen-reader-text\">Qui sommes nous ?<\/span><\/a><\/p>\n","protected":false},"author":1,"featured_media":0,"parent":413,"menu_order":0,"comment_status":"closed","ping_status":"closed","template":"","meta":{"_uag_custom_page_level_css":"","_EventAllDay":false,"_EventTimezone":"","_EventStartDate":"","_EventEndDate":"","_EventStartDateUTC":"","_EventEndDateUTC":"","_EventShowMap":false,"_EventShowMapLink":false,"_EventURL":"","_EventCost":"","_EventCostDescription":"","_EventCurrencySymbol":"","_EventCurrencyCode":"","_EventCurrencyPosition":"","_EventDateTimeSeparator":"","_EventTimeRangeSeparator":"","_EventOrganizerID":[],"_EventVenueID":[],"_OrganizerEmail":"","_OrganizerPhone":"","_OrganizerWebsite":"","_VenueAddress":"","_VenueCity":"","_VenueCountry":"","_VenueProvince":"","_VenueState":"","_VenueZip":"","_VenuePhone":"","_VenueURL":"","_VenueStateProvince":"","_VenueLat":"","_VenueLng":"","_VenueShowMap":false,"_VenueShowMapLink":false,"footnotes":""},"class_list":["post-33","page","type-page","status-publish","hentry","without-featured-image"],"yoast_head":"<!-- This site is optimized with the Yoast SEO plugin v27.1.1 - https:\/\/yoast.com\/product\/yoast-seo-wordpress\/ -->\n<title>Qui sommes nous ? - ADEAR Limousin<\/title>\n<meta name=\"description\" content=\"L&#039;ADEAR Limousin est une association qui vise \u00e0 d\u00e9velopper une agriculture qui correspond aux attentes de la soci\u00e9t\u00e9\" \/>\n<meta name=\"robots\" content=\"index, follow, max-snippet:-1, max-image-preview:large, max-video-preview:-1\" \/>\n<link rel=\"canonical\" href=\"https:\/\/adearlimousin.com\/\" \/>\n<meta property=\"og:locale\" content=\"fr_FR\" \/>\n<meta property=\"og:type\" content=\"article\" \/>\n<meta property=\"og:title\" content=\"ADEAR Limousin\" \/>\n<meta property=\"og:description\" content=\"L\u2019ADEAR Limousin est une association loi 1901, cr\u00e9\u00e9e en 1991 \u00e0 l\u2019initiative de paysannes et de paysans d\u00e9fendant une agriculture plus respectueuse du travail et du r\u00f4le des paysans, des attentes de la soci\u00e9t\u00e9 et de l\u2019environnement.\" \/>\n<meta property=\"og:url\" content=\"https:\/\/adearlimousin.com\/\" \/>\n<meta property=\"og:site_name\" content=\"ADEAR Limousin\" \/>\n<meta property=\"article:publisher\" content=\"https:\/\/www.facebook.com\/adearlimousin\" \/>\n<meta property=\"article:modified_time\" content=\"2026-03-23T11:24:22+00:00\" \/>\n<meta property=\"og:image\" content=\"https:\/\/adearlimousin.com\/wp-content\/uploads\/2023\/07\/cropped-fleur-lisse-contour.png\" \/>\n\t<meta property=\"og:image:width\" content=\"512\" \/>\n\t<meta property=\"og:image:height\" content=\"512\" \/>\n\t<meta property=\"og:image:type\" content=\"image\/png\" \/>\n<meta name=\"twitter:card\" content=\"summary_large_image\" \/>\n<meta name=\"twitter:label1\" content=\"Dur\u00e9e de lecture estim\u00e9e\" \/>\n\t<meta name=\"twitter:data1\" content=\"3 minutes\" \/>\n<script type=\"application\/ld+json\" class=\"yoast-schema-graph\">{\"@context\":\"https:\/\/schema.org\",\"@graph\":[{\"@type\":\"WebPage\",\"@id\":\"https:\/\/adearlimousin.com\/\",\"url\":\"https:\/\/adearlimousin.com\/\",\"name\":\"Qui sommes nous ? - ADEAR Limousin\",\"isPartOf\":{\"@id\":\"https:\/\/adearlimousin.com\/#website\"},\"primaryImageOfPage\":{\"@id\":\"https:\/\/adearlimousin.com\/#primaryimage\"},\"image\":{\"@id\":\"https:\/\/adearlimousin.com\/#primaryimage\"},\"thumbnailUrl\":\"https:\/\/adearlimousin.com\/wp-content\/uploads\/2024\/12\/ADEARLimousin-RAP-png-transparent.png\",\"datePublished\":\"2016-09-28T08:53:51+00:00\",\"dateModified\":\"2026-03-23T11:24:22+00:00\",\"description\":\"L'ADEAR Limousin est une association qui vise \u00e0 d\u00e9velopper une agriculture qui correspond aux attentes de la soci\u00e9t\u00e9\",\"breadcrumb\":{\"@id\":\"https:\/\/adearlimousin.com\/#breadcrumb\"},\"inLanguage\":\"fr-FR\",\"potentialAction\":[{\"@type\":\"ReadAction\",\"target\":[\"https:\/\/adearlimousin.com\/\"]}]},{\"@type\":\"ImageObject\",\"inLanguage\":\"fr-FR\",\"@id\":\"https:\/\/adearlimousin.com\/#primaryimage\",\"url\":\"https:\/\/adearlimousin.com\/wp-content\/uploads\/2024\/12\/ADEARLimousin-RAP-png-transparent.png\",\"contentUrl\":\"https:\/\/adearlimousin.com\/wp-content\/uploads\/2024\/12\/ADEARLimousin-RAP-png-transparent.png\",\"width\":500,\"height\":417},{\"@type\":\"BreadcrumbList\",\"@id\":\"https:\/\/adearlimousin.com\/#breadcrumb\",\"itemListElement\":[{\"@type\":\"ListItem\",\"position\":1,\"name\":\"Accueil\",\"item\":\"https:\/\/adearlimousin.com\/\"},{\"@type\":\"ListItem\",\"position\":2,\"name\":\"ADEAR Limousin\",\"item\":\"https:\/\/adearlimousin.com\/index.php\/adear-limousin\/\"},{\"@type\":\"ListItem\",\"position\":3,\"name\":\"Qui sommes nous ?\"}]},{\"@type\":\"WebSite\",\"@id\":\"https:\/\/adearlimousin.com\/#website\",\"url\":\"https:\/\/adearlimousin.com\/\",\"name\":\"ADEAR Limousin\",\"description\":\"\u00catre paysan\u00b7ne en Limousin\",\"publisher\":{\"@id\":\"https:\/\/adearlimousin.com\/#organization\"},\"potentialAction\":[{\"@type\":\"SearchAction\",\"target\":{\"@type\":\"EntryPoint\",\"urlTemplate\":\"https:\/\/adearlimousin.com\/?s={search_term_string}\"},\"query-input\":{\"@type\":\"PropertyValueSpecification\",\"valueRequired\":true,\"valueName\":\"search_term_string\"}}],\"inLanguage\":\"fr-FR\"},{\"@type\":\"Organization\",\"@id\":\"https:\/\/adearlimousin.com\/#organization\",\"name\":\"Adear Limousin\",\"url\":\"https:\/\/adearlimousin.com\/\",\"logo\":{\"@type\":\"ImageObject\",\"inLanguage\":\"fr-FR\",\"@id\":\"https:\/\/adearlimousin.com\/#\/schema\/logo\/image\/\",\"url\":\"https:\/\/adearlimousin.com\/wp-content\/uploads\/2017\/04\/ADEARLimousin-RAP_V14cm.jpg\",\"contentUrl\":\"https:\/\/adearlimousin.com\/wp-content\/uploads\/2017\/04\/ADEARLimousin-RAP_V14cm.jpg\",\"width\":142,\"height\":118,\"caption\":\"Adear Limousin\"},\"image\":{\"@id\":\"https:\/\/adearlimousin.com\/#\/schema\/logo\/image\/\"},\"sameAs\":[\"https:\/\/www.facebook.com\/adearlimousin\"]}]}<\/script>\n<!-- \/ Yoast SEO plugin. -->","yoast_head_json":{"title":"Qui sommes nous ? - ADEAR Limousin","description":"L'ADEAR Limousin est une association qui vise \u00e0 d\u00e9velopper une agriculture qui correspond aux attentes de la soci\u00e9t\u00e9","robots":{"index":"index","follow":"follow","max-snippet":"max-snippet:-1","max-image-preview":"max-image-preview:large","max-video-preview":"max-video-preview:-1"},"canonical":"https:\/\/adearlimousin.com\/","og_locale":"fr_FR","og_type":"article","og_title":"ADEAR Limousin","og_description":"L\u2019ADEAR Limousin est une association loi 1901, cr\u00e9\u00e9e en 1991 \u00e0 l\u2019initiative de paysannes et de paysans d\u00e9fendant une agriculture plus respectueuse du travail et du r\u00f4le des paysans, des attentes de la soci\u00e9t\u00e9 et de l\u2019environnement.","og_url":"https:\/\/adearlimousin.com\/","og_site_name":"ADEAR Limousin","article_publisher":"https:\/\/www.facebook.com\/adearlimousin","article_modified_time":"2026-03-23T11:24:22+00:00","og_image":[{"width":512,"height":512,"url":"https:\/\/adearlimousin.com\/wp-content\/uploads\/2023\/07\/cropped-fleur-lisse-contour.png","type":"image\/png"}],"twitter_card":"summary_large_image","twitter_misc":{"Dur\u00e9e de lecture estim\u00e9e":"3 minutes"},"schema":{"@context":"https:\/\/schema.org","@graph":[{"@type":"WebPage","@id":"https:\/\/adearlimousin.com\/","url":"https:\/\/adearlimousin.com\/","name":"Qui sommes nous ? - ADEAR Limousin","isPartOf":{"@id":"https:\/\/adearlimousin.com\/#website"},"primaryImageOfPage":{"@id":"https:\/\/adearlimousin.com\/#primaryimage"},"image":{"@id":"https:\/\/adearlimousin.com\/#primaryimage"},"thumbnailUrl":"https:\/\/adearlimousin.com\/wp-content\/uploads\/2024\/12\/ADEARLimousin-RAP-png-transparent.png","datePublished":"2016-09-28T08:53:51+00:00","dateModified":"2026-03-23T11:24:22+00:00","description":"L'ADEAR Limousin est une association qui vise \u00e0 d\u00e9velopper une agriculture qui correspond aux attentes de la soci\u00e9t\u00e9","breadcrumb":{"@id":"https:\/\/adearlimousin.com\/#breadcrumb"},"inLanguage":"fr-FR","potentialAction":[{"@type":"ReadAction","target":["https:\/\/adearlimousin.com\/"]}]},{"@type":"ImageObject","inLanguage":"fr-FR","@id":"https:\/\/adearlimousin.com\/#primaryimage","url":"https:\/\/adearlimousin.com\/wp-content\/uploads\/2024\/12\/ADEARLimousin-RAP-png-transparent.png","contentUrl":"https:\/\/adearlimousin.com\/wp-content\/uploads\/2024\/12\/ADEARLimousin-RAP-png-transparent.png","width":500,"height":417},{"@type":"BreadcrumbList","@id":"https:\/\/adearlimousin.com\/#breadcrumb","itemListElement":[{"@type":"ListItem","position":1,"name":"Accueil","item":"https:\/\/adearlimousin.com\/"},{"@type":"ListItem","position":2,"name":"ADEAR Limousin","item":"https:\/\/adearlimousin.com\/index.php\/adear-limousin\/"},{"@type":"ListItem","position":3,"name":"Qui sommes nous ?"}]},{"@type":"WebSite","@id":"https:\/\/adearlimousin.com\/#website","url":"https:\/\/adearlimousin.com\/","name":"ADEAR Limousin","description":"\u00catre paysan\u00b7ne en Limousin","publisher":{"@id":"https:\/\/adearlimousin.com\/#organization"},"potentialAction":[{"@type":"SearchAction","target":{"@type":"EntryPoint","urlTemplate":"https:\/\/adearlimousin.com\/?s={search_term_string}"},"query-input":{"@type":"PropertyValueSpecification","valueRequired":true,"valueName":"search_term_string"}}],"inLanguage":"fr-FR"},{"@type":"Organization","@id":"https:\/\/adearlimousin.com\/#organization","name":"Adear Limousin","url":"https:\/\/adearlimousin.com\/","logo":{"@type":"ImageObject","inLanguage":"fr-FR","@id":"https:\/\/adearlimousin.com\/#\/schema\/logo\/image\/","url":"https:\/\/adearlimousin.com\/wp-content\/uploads\/2017\/04\/ADEARLimousin-RAP_V14cm.jpg","contentUrl":"https:\/\/adearlimousin.com\/wp-content\/uploads\/2017\/04\/ADEARLimousin-RAP_V14cm.jpg","width":142,"height":118,"caption":"Adear Limousin"},"image":{"@id":"https:\/\/adearlimousin.com\/#\/schema\/logo\/image\/"},"sameAs":["https:\/\/www.facebook.com\/adearlimousin"]}]}},"uagb_featured_image_src":{"full":false,"thumbnail":false,"medium":false,"medium_large":false,"large":false,"1536x1536":false,"2048x2048":false,"post-thumbnail":false,"sela-hero-thumbnail":false,"sela-page-thumbnail":false,"sela-grid-thumbnail":false,"sela-testimonial-thumbnail":false,"sela-logo":false},"uagb_author_info":{"display_name":"Adearlim","author_link":"https:\/\/adearlimousin.com\/index.php\/author\/admin3869\/"},"uagb_comment_info":0,"uagb_excerpt":"L\u2019ADEAR Limousin est une association loi 1901, cr\u00e9\u00e9e en 1991 \u00e0 l\u2019initiative de paysan\u00b7nes d\u00e9fendant une agriculture plus respectueuse de leur travail, de leur r\u00f4le, des attentes de la soci\u00e9t\u00e9 &hellip; Lire la suite Qui sommes nous ?","jetpack_sharing_enabled":true,"jetpack_shortlink":"https:\/\/wp.me\/P8DPFj-x","jetpack_likes_enabled":false,"_links":{"self":[{"href":"https:\/\/adearlimousin.com\/index.php\/wp-json\/wp\/v2\/pages\/33","targetHints":{"allow":["GET"]}}],"collection":[{"href":"https:\/\/adearlimousin.com\/index.php\/wp-json\/wp\/v2\/pages"}],"about":[{"href":"https:\/\/adearlimousin.com\/index.php\/wp-json\/wp\/v2\/types\/page"}],"author":[{"embeddable":true,"href":"https:\/\/adearlimousin.com\/index.php\/wp-json\/wp\/v2\/users\/1"}],"replies":[{"embeddable":true,"href":"https:\/\/adearlimousin.com\/index.php\/wp-json\/wp\/v2\/comments?post=33"}],"version-history":[{"count":94,"href":"https:\/\/adearlimousin.com\/index.php\/wp-json\/wp\/v2\/pages\/33\/revisions"}],"predecessor-version":[{"id":8679,"href":"https:\/\/adearlimousin.com\/index.php\/wp-json\/wp\/v2\/pages\/33\/revisions\/8679"}],"up":[{"embeddable":true,"href":"https:\/\/adearlimousin.com\/index.php\/wp-json\/wp\/v2\/pages\/413"}],"wp:attachment":[{"href":"https:\/\/adearlimousin.com\/index.php\/wp-json\/wp\/v2\/media?parent=33"}],"curies":[{"name":"wp","href":"https:\/\/api.w.org\/{rel}","templated":true}]}}