{"id":4744,"date":"2021-03-08T12:42:01","date_gmt":"2021-03-08T11:42:01","guid":{"rendered":"https:\/\/adearlimousin.com\/?page_id=4744"},"modified":"2025-11-26T15:44:50","modified_gmt":"2025-11-26T14:44:50","slug":"adherer","status":"publish","type":"page","link":"https:\/\/adearlimousin.com\/index.php\/adherer\/","title":{"rendered":"Adh\u00e9rer"},"content":{"rendered":"\n<h4 class=\"wp-block-heading\">Pour adh\u00e9rer \u00e0 l&rsquo;association et participer \u00e0 nos actions, vous pouvez<\/h4>\n\n\n\n<p>&#8211;<strong> payer en ligne<\/strong>, via le formulaire ci-apr\u00e8s,<br>ou<br>&#8211; <strong>remplir le bulletin \u00e0 imprimer<\/strong> et nous le renvoyer accompagn\u00e9 d&rsquo;un ch\u00e8que \u00e0 notre adresse postale :<br>SAFRAN, 2 avenue Georges Guingouin<br>CS 80912 Panazol \u2013 87 017 Limoges Cedex<\/p>\n\n\n\n<p><strong><a href=\"https:\/\/adearlimousin.com\/wp-content\/uploads\/2025\/05\/Bulletin-Adhesion-2025-un-exemplaire.pdf\">Bulletin d&rsquo;adh\u00e9sion 2025 \u00e0 imprimer &#8211; Cliquez ici<\/a><\/strong><\/p>\n\n\n\n<p><a href=\"https:\/\/adearlimousin.com\/wp-content\/uploads\/2025\/11\/Bulletin-Adhesion-2026-un-exemplaire.pdf\"><strong>Bulletin d&rsquo;adh\u00e9sion 2026 \u00e0 imprimer &#8211; Cliquez ici<\/strong><\/a><\/p>\n\n\n\n<iframe id=\"haWidget\" allowtransparency=\"true\" src=\"https:\/\/www.helloasso.com\/associations\/adear-limousin\/adhesions\/adhesion-2025-adear-limousin\/widget-bouton\" style=\"width: 100%; height: 70px; border: none;\"><\/iframe>\n\n\n\n<h2 class=\"wp-block-heading\">Nous soutenir financi\u00e8rement<\/h2>\n\n\n\n<p>Nous avons besoin de vos dons pour compl\u00e9ter nos sources de financement publiques. Soutenez nos actions en faveur de l&rsquo;Agriculture Paysanne en participant \u00e0 notre campagne de dons annuelle :<\/p>\n\n\n\n<div class=\"wp-block-buttons is-content-justification-center is-layout-flex wp-container-core-buttons-is-layout-16018d1d wp-block-buttons-is-layout-flex\">\n<div class=\"wp-block-button\"><a class=\"wp-block-button__link has-background has-text-align-center wp-element-button\" href=\"https:\/\/www.helloasso.com\/associations\/adear-limousin\/formulaires\/3\" style=\"background-color:#8caa10\">Faire un don<\/a><\/div>\n<\/div>\n\n\n\n<p><\/p>\n","protected":false},"excerpt":{"rendered":"<p>Pour adh\u00e9rer \u00e0 l&rsquo;association et participer \u00e0 nos actions, vous pouvez &#8211; payer en ligne, via le formulaire ci-apr\u00e8s,ou&#8211; remplir le bulletin \u00e0 imprimer et nous le renvoyer accompagn\u00e9 d&rsquo;un &hellip; <a href=\"https:\/\/adearlimousin.com\/index.php\/adherer\/\" class=\"more-link\">Lire la suite <span class=\"screen-reader-text\">Adh\u00e9rer<\/span><\/a><\/p>\n","protected":false},"author":1,"featured_media":0,"parent":0,"menu_order":0,"comment_status":"closed","ping_status":"closed","template":"","meta":{"_uag_custom_page_level_css":"","_EventAllDay":false,"_EventTimezone":"","_EventStartDate":"","_EventEndDate":"","_EventStartDateUTC":"","_EventEndDateUTC":"","_EventShowMap":false,"_EventShowMapLink":false,"_EventURL":"","_EventCost":"","_EventCostDescription":"","_EventCurrencySymbol":"","_EventCurrencyCode":"","_EventCurrencyPosition":"","_EventDateTimeSeparator":"","_EventTimeRangeSeparator":"","_EventOrganizerID":[],"_EventVenueID":[],"_OrganizerEmail":"","_OrganizerPhone":"","_OrganizerWebsite":"","_VenueAddress":"","_VenueCity":"","_VenueCountry":"","_VenueProvince":"","_VenueState":"","_VenueZip":"","_VenuePhone":"","_VenueURL":"","_VenueStateProvince":"","_VenueLat":"","_VenueLng":"","_VenueShowMap":false,"_VenueShowMapLink":false,"footnotes":""},"class_list":["post-4744","page","type-page","status-publish","hentry","without-featured-image"],"yoast_head":"<!-- This site is optimized with the Yoast SEO plugin v27.1.1 - https:\/\/yoast.com\/product\/yoast-seo-wordpress\/ -->\n<title>Adh\u00e9rer - ADEAR Limousin<\/title>\n<meta name=\"description\" content=\"Pour soutenir nos actions pour le d\u00e9veloppement de l&#039;Agriculture paysanne, prenez une adh\u00e9sion ou faites un don !\" \/>\n<meta name=\"robots\" content=\"index, follow, max-snippet:-1, max-image-preview:large, max-video-preview:-1\" \/>\n<link rel=\"canonical\" href=\"https:\/\/adearlimousin.com\/index.php\/adherer\/\" \/>\n<meta property=\"og:locale\" content=\"fr_FR\" \/>\n<meta property=\"og:type\" content=\"article\" \/>\n<meta property=\"og:title\" content=\"Adh\u00e9rer - ADEAR Limousin\" \/>\n<meta property=\"og:description\" content=\"Pour soutenir nos actions pour le d\u00e9veloppement de l&#039;Agriculture paysanne, prenez une adh\u00e9sion ou faites un don !\" \/>\n<meta property=\"og:url\" content=\"https:\/\/adearlimousin.com\/index.php\/adherer\/\" \/>\n<meta property=\"og:site_name\" content=\"ADEAR Limousin\" \/>\n<meta property=\"article:publisher\" content=\"https:\/\/www.facebook.com\/adearlimousin\" \/>\n<meta property=\"article:modified_time\" content=\"2025-11-26T14:44:50+00:00\" \/>\n<meta property=\"og:image\" content=\"https:\/\/adearlimousin.com\/wp-content\/uploads\/2017\/04\/ADEARLimousin-RAP_V14cm.jpg\" \/>\n\t<meta property=\"og:image:width\" content=\"142\" \/>\n\t<meta property=\"og:image:height\" content=\"118\" \/>\n\t<meta property=\"og:image:type\" content=\"image\/jpeg\" \/>\n<meta name=\"twitter:card\" content=\"summary_large_image\" \/>\n<meta name=\"twitter:label1\" content=\"Dur\u00e9e de lecture estim\u00e9e\" \/>\n\t<meta name=\"twitter:data1\" content=\"1 minute\" \/>\n<script type=\"application\/ld+json\" class=\"yoast-schema-graph\">{\"@context\":\"https:\/\/schema.org\",\"@graph\":[{\"@type\":\"WebPage\",\"@id\":\"https:\/\/adearlimousin.com\/index.php\/adherer\/\",\"url\":\"https:\/\/adearlimousin.com\/index.php\/adherer\/\",\"name\":\"Adh\u00e9rer - ADEAR Limousin\",\"isPartOf\":{\"@id\":\"https:\/\/adearlimousin.com\/#website\"},\"datePublished\":\"2021-03-08T11:42:01+00:00\",\"dateModified\":\"2025-11-26T14:44:50+00:00\",\"description\":\"Pour soutenir nos actions pour le d\u00e9veloppement de l'Agriculture paysanne, prenez une adh\u00e9sion ou faites un don !\",\"breadcrumb\":{\"@id\":\"https:\/\/adearlimousin.com\/index.php\/adherer\/#breadcrumb\"},\"inLanguage\":\"fr-FR\",\"potentialAction\":[{\"@type\":\"ReadAction\",\"target\":[\"https:\/\/adearlimousin.com\/index.php\/adherer\/\"]}]},{\"@type\":\"BreadcrumbList\",\"@id\":\"https:\/\/adearlimousin.com\/index.php\/adherer\/#breadcrumb\",\"itemListElement\":[{\"@type\":\"ListItem\",\"position\":1,\"name\":\"Accueil\",\"item\":\"https:\/\/adearlimousin.com\/\"},{\"@type\":\"ListItem\",\"position\":2,\"name\":\"Adh\u00e9rer\"}]},{\"@type\":\"WebSite\",\"@id\":\"https:\/\/adearlimousin.com\/#website\",\"url\":\"https:\/\/adearlimousin.com\/\",\"name\":\"ADEAR Limousin\",\"description\":\"\u00catre paysan\u00b7ne en Limousin\",\"publisher\":{\"@id\":\"https:\/\/adearlimousin.com\/#organization\"},\"potentialAction\":[{\"@type\":\"SearchAction\",\"target\":{\"@type\":\"EntryPoint\",\"urlTemplate\":\"https:\/\/adearlimousin.com\/?s={search_term_string}\"},\"query-input\":{\"@type\":\"PropertyValueSpecification\",\"valueRequired\":true,\"valueName\":\"search_term_string\"}}],\"inLanguage\":\"fr-FR\"},{\"@type\":\"Organization\",\"@id\":\"https:\/\/adearlimousin.com\/#organization\",\"name\":\"Adear Limousin\",\"url\":\"https:\/\/adearlimousin.com\/\",\"logo\":{\"@type\":\"ImageObject\",\"inLanguage\":\"fr-FR\",\"@id\":\"https:\/\/adearlimousin.com\/#\/schema\/logo\/image\/\",\"url\":\"https:\/\/adearlimousin.com\/wp-content\/uploads\/2017\/04\/ADEARLimousin-RAP_V14cm.jpg\",\"contentUrl\":\"https:\/\/adearlimousin.com\/wp-content\/uploads\/2017\/04\/ADEARLimousin-RAP_V14cm.jpg\",\"width\":142,\"height\":118,\"caption\":\"Adear Limousin\"},\"image\":{\"@id\":\"https:\/\/adearlimousin.com\/#\/schema\/logo\/image\/\"},\"sameAs\":[\"https:\/\/www.facebook.com\/adearlimousin\"]}]}<\/script>\n<!-- \/ Yoast SEO plugin. -->","yoast_head_json":{"title":"Adh\u00e9rer - ADEAR Limousin","description":"Pour soutenir nos actions pour le d\u00e9veloppement de l'Agriculture paysanne, prenez une adh\u00e9sion ou faites un don !","robots":{"index":"index","follow":"follow","max-snippet":"max-snippet:-1","max-image-preview":"max-image-preview:large","max-video-preview":"max-video-preview:-1"},"canonical":"https:\/\/adearlimousin.com\/index.php\/adherer\/","og_locale":"fr_FR","og_type":"article","og_title":"Adh\u00e9rer - ADEAR Limousin","og_description":"Pour soutenir nos actions pour le d\u00e9veloppement de l'Agriculture paysanne, prenez une adh\u00e9sion ou faites un don !","og_url":"https:\/\/adearlimousin.com\/index.php\/adherer\/","og_site_name":"ADEAR Limousin","article_publisher":"https:\/\/www.facebook.com\/adearlimousin","article_modified_time":"2025-11-26T14:44:50+00:00","og_image":[{"width":142,"height":118,"url":"https:\/\/adearlimousin.com\/wp-content\/uploads\/2017\/04\/ADEARLimousin-RAP_V14cm.jpg","type":"image\/jpeg"}],"twitter_card":"summary_large_image","twitter_misc":{"Dur\u00e9e de lecture estim\u00e9e":"1 minute"},"schema":{"@context":"https:\/\/schema.org","@graph":[{"@type":"WebPage","@id":"https:\/\/adearlimousin.com\/index.php\/adherer\/","url":"https:\/\/adearlimousin.com\/index.php\/adherer\/","name":"Adh\u00e9rer - ADEAR Limousin","isPartOf":{"@id":"https:\/\/adearlimousin.com\/#website"},"datePublished":"2021-03-08T11:42:01+00:00","dateModified":"2025-11-26T14:44:50+00:00","description":"Pour soutenir nos actions pour le d\u00e9veloppement de l'Agriculture paysanne, prenez une adh\u00e9sion ou faites un don !","breadcrumb":{"@id":"https:\/\/adearlimousin.com\/index.php\/adherer\/#breadcrumb"},"inLanguage":"fr-FR","potentialAction":[{"@type":"ReadAction","target":["https:\/\/adearlimousin.com\/index.php\/adherer\/"]}]},{"@type":"BreadcrumbList","@id":"https:\/\/adearlimousin.com\/index.php\/adherer\/#breadcrumb","itemListElement":[{"@type":"ListItem","position":1,"name":"Accueil","item":"https:\/\/adearlimousin.com\/"},{"@type":"ListItem","position":2,"name":"Adh\u00e9rer"}]},{"@type":"WebSite","@id":"https:\/\/adearlimousin.com\/#website","url":"https:\/\/adearlimousin.com\/","name":"ADEAR Limousin","description":"\u00catre paysan\u00b7ne en Limousin","publisher":{"@id":"https:\/\/adearlimousin.com\/#organization"},"potentialAction":[{"@type":"SearchAction","target":{"@type":"EntryPoint","urlTemplate":"https:\/\/adearlimousin.com\/?s={search_term_string}"},"query-input":{"@type":"PropertyValueSpecification","valueRequired":true,"valueName":"search_term_string"}}],"inLanguage":"fr-FR"},{"@type":"Organization","@id":"https:\/\/adearlimousin.com\/#organization","name":"Adear Limousin","url":"https:\/\/adearlimousin.com\/","logo":{"@type":"ImageObject","inLanguage":"fr-FR","@id":"https:\/\/adearlimousin.com\/#\/schema\/logo\/image\/","url":"https:\/\/adearlimousin.com\/wp-content\/uploads\/2017\/04\/ADEARLimousin-RAP_V14cm.jpg","contentUrl":"https:\/\/adearlimousin.com\/wp-content\/uploads\/2017\/04\/ADEARLimousin-RAP_V14cm.jpg","width":142,"height":118,"caption":"Adear Limousin"},"image":{"@id":"https:\/\/adearlimousin.com\/#\/schema\/logo\/image\/"},"sameAs":["https:\/\/www.facebook.com\/adearlimousin"]}]}},"uagb_featured_image_src":{"full":false,"thumbnail":false,"medium":false,"medium_large":false,"large":false,"1536x1536":false,"2048x2048":false,"post-thumbnail":false,"sela-hero-thumbnail":false,"sela-page-thumbnail":false,"sela-grid-thumbnail":false,"sela-testimonial-thumbnail":false,"sela-logo":false},"uagb_author_info":{"display_name":"Adearlim","author_link":"https:\/\/adearlimousin.com\/index.php\/author\/admin3869\/"},"uagb_comment_info":0,"uagb_excerpt":"Pour adh\u00e9rer \u00e0 l&rsquo;association et participer \u00e0 nos actions, vous pouvez &#8211; payer en ligne, via le formulaire ci-apr\u00e8s,ou&#8211; remplir le bulletin \u00e0 imprimer et nous le renvoyer accompagn\u00e9 d&rsquo;un &hellip; Lire la suite Adh\u00e9rer","jetpack_sharing_enabled":true,"jetpack_shortlink":"https:\/\/wp.me\/P8DPFj-1ew","jetpack_likes_enabled":false,"_links":{"self":[{"href":"https:\/\/adearlimousin.com\/index.php\/wp-json\/wp\/v2\/pages\/4744","targetHints":{"allow":["GET"]}}],"collection":[{"href":"https:\/\/adearlimousin.com\/index.php\/wp-json\/wp\/v2\/pages"}],"about":[{"href":"https:\/\/adearlimousin.com\/index.php\/wp-json\/wp\/v2\/types\/page"}],"author":[{"embeddable":true,"href":"https:\/\/adearlimousin.com\/index.php\/wp-json\/wp\/v2\/users\/1"}],"replies":[{"embeddable":true,"href":"https:\/\/adearlimousin.com\/index.php\/wp-json\/wp\/v2\/comments?post=4744"}],"version-history":[{"count":19,"href":"https:\/\/adearlimousin.com\/index.php\/wp-json\/wp\/v2\/pages\/4744\/revisions"}],"predecessor-version":[{"id":8539,"href":"https:\/\/adearlimousin.com\/index.php\/wp-json\/wp\/v2\/pages\/4744\/revisions\/8539"}],"wp:attachment":[{"href":"https:\/\/adearlimousin.com\/index.php\/wp-json\/wp\/v2\/media?parent=4744"}],"curies":[{"name":"wp","href":"https:\/\/api.w.org\/{rel}","templated":true}]}}