{"id":5154,"date":"2021-05-06T13:52:22","date_gmt":"2021-05-06T11:52:22","guid":{"rendered":"https:\/\/adearlimousin.com\/?page_id=5154"},"modified":"2024-03-12T09:54:52","modified_gmt":"2024-03-12T08:54:52","slug":"ressources-techniques","status":"publish","type":"page","link":"https:\/\/adearlimousin.com\/index.php\/ressources-techniques\/","title":{"rendered":"Ressources techniques"},"content":{"rendered":"\n<div class=\"wp-block-columns alignwide is-layout-flex wp-container-core-columns-is-layout-9d6595d7 wp-block-columns-is-layout-flex\">\n<div class=\"wp-block-column is-layout-flow wp-block-column-is-layout-flow\" style=\"flex-basis:85%\">\n<h4 class=\"wp-block-heading\"><strong>Fiches\/Infos maraichage :<\/strong><\/h4>\n\n\n\n<p>&#8211; <strong>ProFilBio<\/strong>, tous les articles maraichage bio, <a href=\"https:\/\/nouvelle-aquitaine.chambres-agriculture.fr\/filieres-et-territoires\/agriculture-biologique\/publications-bio\/profilbio\/sommaire-des-articles-profilbio\/#c1163055\" target=\"_blank\" rel=\"noreferrer noopener\">ici<\/a><br>&#8211; <strong>PAC <\/strong>en maraichage Bio, c&rsquo;est <a href=\"https:\/\/www.bionouvelleaquitaine.com\/actualites-bio\/visio-conference-la-pac-en-bio-les-elements-a-ne-pas-rater\/\" target=\"_blank\" rel=\"noreferrer noopener\">ici<\/a><br>&#8211; <strong>Infos techniques<\/strong> du GRAB <a href=\"https:\/\/www.grab.fr\/techniques-bio\/maraichage\/\" target=\"_blank\" rel=\"noreferrer noopener\">ici<\/a><br>&#8211; Co\u00fbts de productions optimis\u00e9 et juste r\u00e9mun\u00e9ration : <strong><a href=\"https:\/\/adearlimousin.com\/wp-content\/uploads\/2024\/03\/Mercuriale_2023_Maraichage-Adear_Limousin_VF.pdf\" target=\"_blank\" rel=\"noreferrer noopener\">Mercuriale 2023<\/a><\/strong><br>&#8211; <strong>Fermoscopie <\/strong>en maraichage biologique en Dordogne : 12 fermes pass\u00e9es \u00e0 la loupe, un tour complet de leurs donn\u00e9es technico-\u00e9conomiques : \u00e0 lire <strong><a href=\"https:\/\/dordogne.chambre-agriculture.fr\/fileadmin\/user_upload\/National\/FAL_commun\/publications\/Nouvelle-Aquitaine\/Livret_Fermoscopies_donnees_technico_economiques_maraichage_bio_2021_VF.pdf\" target=\"_blank\" rel=\"noreferrer noopener\">ici<\/a><\/strong><br>&#8211; <strong>Guide maraichage bio NA<\/strong> : \u00e0 commander gratuitement <a href=\"https:\/\/nouvelle-aquitaine.chambres-agriculture.fr\/publications\/toutes-les-publications\/la-publication-en-detail\/actualites\/guide-maraichage-bio\/\" target=\"_blank\" rel=\"noreferrer noopener\">ici<\/a><br>&#8211; les <a href=\"https:\/\/haute-vienne.chambre-agriculture.fr\/gerer-mon-exploitation\/developper-votre-exploitation\/osez-le-bio\/nos-publications-en-agriculture-biologique\/bulletin-maraichage\/\" target=\"_blank\" rel=\"noreferrer noopener\">bulletins techniques<\/a> de Nouvelle Aquitaine des Chambres<br>&#8211; Bulletins techniques en <a href=\"https:\/\/www.bionouvelleaquitaine.com\/bulletins-techniques\/\" target=\"_blank\" rel=\"noreferrer noopener\">mara\u00eechage bio nord r\u00e9gion<\/a><br>&#8211; Le Guide de <a href=\"https:\/\/nouvelle-aquitaine.chambres-agriculture.fr\/filieres-et-territoires\/agriculture-biologique\/publications-bio\/guide-conversion\/\" target=\"_blank\" rel=\"noreferrer noopener\">conversion Bio<\/a> <\/p>\n<\/div>\n<\/div>\n\n\n\n<div class=\"wp-block-columns alignwide is-layout-flex wp-container-core-columns-is-layout-9d6595d7 wp-block-columns-is-layout-flex\">\n<div class=\"wp-block-column is-layout-flow wp-block-column-is-layout-flow\" style=\"flex-basis:82%\"><\/div>\n<\/div>\n","protected":false},"excerpt":{"rendered":"<p>Fiches\/Infos maraichage : &#8211; ProFilBio, tous les articles maraichage bio, ici&#8211; PAC en maraichage Bio, c&rsquo;est ici&#8211; Infos techniques du GRAB ici&#8211; Co\u00fbts de productions optimis\u00e9 et juste r\u00e9mun\u00e9ration : &hellip; <a href=\"https:\/\/adearlimousin.com\/index.php\/ressources-techniques\/\" class=\"more-link\">Lire la suite <span class=\"screen-reader-text\">Ressources techniques<\/span><\/a><\/p>\n","protected":false},"author":1,"featured_media":2713,"parent":0,"menu_order":0,"comment_status":"closed","ping_status":"closed","template":"","meta":{"_uag_custom_page_level_css":"","_EventAllDay":false,"_EventTimezone":"","_EventStartDate":"","_EventEndDate":"","_EventStartDateUTC":"","_EventEndDateUTC":"","_EventShowMap":false,"_EventShowMapLink":false,"_EventURL":"","_EventCost":"","_EventCostDescription":"","_EventCurrencySymbol":"","_EventCurrencyCode":"","_EventCurrencyPosition":"","_EventDateTimeSeparator":"","_EventTimeRangeSeparator":"","_EventOrganizerID":[],"_EventVenueID":[],"_OrganizerEmail":"","_OrganizerPhone":"","_OrganizerWebsite":"","_VenueAddress":"","_VenueCity":"","_VenueCountry":"","_VenueProvince":"","_VenueState":"","_VenueZip":"","_VenuePhone":"","_VenueURL":"","_VenueStateProvince":"","_VenueLat":"","_VenueLng":"","_VenueShowMap":false,"_VenueShowMapLink":false,"footnotes":""},"class_list":["post-5154","page","type-page","status-publish","has-post-thumbnail","hentry","with-featured-image"],"yoast_head":"<!-- This site is optimized with the Yoast SEO plugin v27.1.1 - https:\/\/yoast.com\/product\/yoast-seo-wordpress\/ -->\n<title>Ressources techniques - ADEAR Limousin<\/title>\n<meta name=\"robots\" content=\"index, follow, max-snippet:-1, max-image-preview:large, max-video-preview:-1\" \/>\n<link rel=\"canonical\" href=\"https:\/\/adearlimousin.com\/index.php\/ressources-techniques\/\" \/>\n<meta property=\"og:locale\" content=\"fr_FR\" \/>\n<meta property=\"og:type\" content=\"article\" \/>\n<meta property=\"og:title\" content=\"Ressources techniques - ADEAR Limousin\" \/>\n<meta property=\"og:description\" content=\"Fiches\/Infos maraichage : &#8211; ProFilBio, tous les articles maraichage bio, ici&#8211; PAC en maraichage Bio, c&rsquo;est ici&#8211; Infos techniques du GRAB ici&#8211; Co\u00fbts de productions optimis\u00e9 et juste r\u00e9mun\u00e9ration : &hellip; Lire la suite Ressources techniques\" \/>\n<meta property=\"og:url\" content=\"https:\/\/adearlimousin.com\/index.php\/ressources-techniques\/\" \/>\n<meta property=\"og:site_name\" content=\"ADEAR Limousin\" \/>\n<meta property=\"article:publisher\" content=\"https:\/\/www.facebook.com\/adearlimousin\" \/>\n<meta property=\"article:modified_time\" content=\"2024-03-12T08:54:52+00:00\" \/>\n<meta property=\"og:image\" content=\"https:\/\/adearlimousin.com\/wp-content\/uploads\/2017\/04\/ADEARLimousin-RAP_V14cm.jpg\" \/>\n\t<meta property=\"og:image:width\" content=\"142\" \/>\n\t<meta property=\"og:image:height\" content=\"118\" \/>\n\t<meta property=\"og:image:type\" content=\"image\/jpeg\" \/>\n<meta name=\"twitter:card\" content=\"summary_large_image\" \/>\n<meta name=\"twitter:label1\" content=\"Dur\u00e9e de lecture estim\u00e9e\" \/>\n\t<meta name=\"twitter:data1\" content=\"1 minute\" \/>\n<script type=\"application\/ld+json\" class=\"yoast-schema-graph\">{\"@context\":\"https:\/\/schema.org\",\"@graph\":[{\"@type\":\"WebPage\",\"@id\":\"https:\/\/adearlimousin.com\/index.php\/ressources-techniques\/\",\"url\":\"https:\/\/adearlimousin.com\/index.php\/ressources-techniques\/\",\"name\":\"Ressources techniques - ADEAR Limousin\",\"isPartOf\":{\"@id\":\"https:\/\/adearlimousin.com\/#website\"},\"primaryImageOfPage\":{\"@id\":\"https:\/\/adearlimousin.com\/index.php\/ressources-techniques\/#primaryimage\"},\"image\":{\"@id\":\"https:\/\/adearlimousin.com\/index.php\/ressources-techniques\/#primaryimage\"},\"thumbnailUrl\":\"https:\/\/adearlimousin.com\/wp-content\/uploads\/2017\/04\/ADEARLimousin-RAP_V14cm.jpg\",\"datePublished\":\"2021-05-06T11:52:22+00:00\",\"dateModified\":\"2024-03-12T08:54:52+00:00\",\"breadcrumb\":{\"@id\":\"https:\/\/adearlimousin.com\/index.php\/ressources-techniques\/#breadcrumb\"},\"inLanguage\":\"fr-FR\",\"potentialAction\":[{\"@type\":\"ReadAction\",\"target\":[\"https:\/\/adearlimousin.com\/index.php\/ressources-techniques\/\"]}]},{\"@type\":\"ImageObject\",\"inLanguage\":\"fr-FR\",\"@id\":\"https:\/\/adearlimousin.com\/index.php\/ressources-techniques\/#primaryimage\",\"url\":\"https:\/\/adearlimousin.com\/wp-content\/uploads\/2017\/04\/ADEARLimousin-RAP_V14cm.jpg\",\"contentUrl\":\"https:\/\/adearlimousin.com\/wp-content\/uploads\/2017\/04\/ADEARLimousin-RAP_V14cm.jpg\",\"width\":142,\"height\":118},{\"@type\":\"BreadcrumbList\",\"@id\":\"https:\/\/adearlimousin.com\/index.php\/ressources-techniques\/#breadcrumb\",\"itemListElement\":[{\"@type\":\"ListItem\",\"position\":1,\"name\":\"Accueil\",\"item\":\"https:\/\/adearlimousin.com\/\"},{\"@type\":\"ListItem\",\"position\":2,\"name\":\"Ressources techniques\"}]},{\"@type\":\"WebSite\",\"@id\":\"https:\/\/adearlimousin.com\/#website\",\"url\":\"https:\/\/adearlimousin.com\/\",\"name\":\"ADEAR Limousin\",\"description\":\"\u00catre paysan\u00b7ne en Limousin\",\"publisher\":{\"@id\":\"https:\/\/adearlimousin.com\/#organization\"},\"potentialAction\":[{\"@type\":\"SearchAction\",\"target\":{\"@type\":\"EntryPoint\",\"urlTemplate\":\"https:\/\/adearlimousin.com\/?s={search_term_string}\"},\"query-input\":{\"@type\":\"PropertyValueSpecification\",\"valueRequired\":true,\"valueName\":\"search_term_string\"}}],\"inLanguage\":\"fr-FR\"},{\"@type\":\"Organization\",\"@id\":\"https:\/\/adearlimousin.com\/#organization\",\"name\":\"Adear Limousin\",\"url\":\"https:\/\/adearlimousin.com\/\",\"logo\":{\"@type\":\"ImageObject\",\"inLanguage\":\"fr-FR\",\"@id\":\"https:\/\/adearlimousin.com\/#\/schema\/logo\/image\/\",\"url\":\"https:\/\/adearlimousin.com\/wp-content\/uploads\/2017\/04\/ADEARLimousin-RAP_V14cm.jpg\",\"contentUrl\":\"https:\/\/adearlimousin.com\/wp-content\/uploads\/2017\/04\/ADEARLimousin-RAP_V14cm.jpg\",\"width\":142,\"height\":118,\"caption\":\"Adear Limousin\"},\"image\":{\"@id\":\"https:\/\/adearlimousin.com\/#\/schema\/logo\/image\/\"},\"sameAs\":[\"https:\/\/www.facebook.com\/adearlimousin\"]}]}<\/script>\n<!-- \/ Yoast SEO plugin. -->","yoast_head_json":{"title":"Ressources techniques - ADEAR Limousin","robots":{"index":"index","follow":"follow","max-snippet":"max-snippet:-1","max-image-preview":"max-image-preview:large","max-video-preview":"max-video-preview:-1"},"canonical":"https:\/\/adearlimousin.com\/index.php\/ressources-techniques\/","og_locale":"fr_FR","og_type":"article","og_title":"Ressources techniques - ADEAR Limousin","og_description":"Fiches\/Infos maraichage : &#8211; ProFilBio, tous les articles maraichage bio, ici&#8211; PAC en maraichage Bio, c&rsquo;est ici&#8211; Infos techniques du GRAB ici&#8211; Co\u00fbts de productions optimis\u00e9 et juste r\u00e9mun\u00e9ration : &hellip; Lire la suite Ressources techniques","og_url":"https:\/\/adearlimousin.com\/index.php\/ressources-techniques\/","og_site_name":"ADEAR Limousin","article_publisher":"https:\/\/www.facebook.com\/adearlimousin","article_modified_time":"2024-03-12T08:54:52+00:00","og_image":[{"width":142,"height":118,"url":"https:\/\/adearlimousin.com\/wp-content\/uploads\/2017\/04\/ADEARLimousin-RAP_V14cm.jpg","type":"image\/jpeg"}],"twitter_card":"summary_large_image","twitter_misc":{"Dur\u00e9e de lecture estim\u00e9e":"1 minute"},"schema":{"@context":"https:\/\/schema.org","@graph":[{"@type":"WebPage","@id":"https:\/\/adearlimousin.com\/index.php\/ressources-techniques\/","url":"https:\/\/adearlimousin.com\/index.php\/ressources-techniques\/","name":"Ressources techniques - ADEAR Limousin","isPartOf":{"@id":"https:\/\/adearlimousin.com\/#website"},"primaryImageOfPage":{"@id":"https:\/\/adearlimousin.com\/index.php\/ressources-techniques\/#primaryimage"},"image":{"@id":"https:\/\/adearlimousin.com\/index.php\/ressources-techniques\/#primaryimage"},"thumbnailUrl":"https:\/\/adearlimousin.com\/wp-content\/uploads\/2017\/04\/ADEARLimousin-RAP_V14cm.jpg","datePublished":"2021-05-06T11:52:22+00:00","dateModified":"2024-03-12T08:54:52+00:00","breadcrumb":{"@id":"https:\/\/adearlimousin.com\/index.php\/ressources-techniques\/#breadcrumb"},"inLanguage":"fr-FR","potentialAction":[{"@type":"ReadAction","target":["https:\/\/adearlimousin.com\/index.php\/ressources-techniques\/"]}]},{"@type":"ImageObject","inLanguage":"fr-FR","@id":"https:\/\/adearlimousin.com\/index.php\/ressources-techniques\/#primaryimage","url":"https:\/\/adearlimousin.com\/wp-content\/uploads\/2017\/04\/ADEARLimousin-RAP_V14cm.jpg","contentUrl":"https:\/\/adearlimousin.com\/wp-content\/uploads\/2017\/04\/ADEARLimousin-RAP_V14cm.jpg","width":142,"height":118},{"@type":"BreadcrumbList","@id":"https:\/\/adearlimousin.com\/index.php\/ressources-techniques\/#breadcrumb","itemListElement":[{"@type":"ListItem","position":1,"name":"Accueil","item":"https:\/\/adearlimousin.com\/"},{"@type":"ListItem","position":2,"name":"Ressources techniques"}]},{"@type":"WebSite","@id":"https:\/\/adearlimousin.com\/#website","url":"https:\/\/adearlimousin.com\/","name":"ADEAR Limousin","description":"\u00catre paysan\u00b7ne en Limousin","publisher":{"@id":"https:\/\/adearlimousin.com\/#organization"},"potentialAction":[{"@type":"SearchAction","target":{"@type":"EntryPoint","urlTemplate":"https:\/\/adearlimousin.com\/?s={search_term_string}"},"query-input":{"@type":"PropertyValueSpecification","valueRequired":true,"valueName":"search_term_string"}}],"inLanguage":"fr-FR"},{"@type":"Organization","@id":"https:\/\/adearlimousin.com\/#organization","name":"Adear Limousin","url":"https:\/\/adearlimousin.com\/","logo":{"@type":"ImageObject","inLanguage":"fr-FR","@id":"https:\/\/adearlimousin.com\/#\/schema\/logo\/image\/","url":"https:\/\/adearlimousin.com\/wp-content\/uploads\/2017\/04\/ADEARLimousin-RAP_V14cm.jpg","contentUrl":"https:\/\/adearlimousin.com\/wp-content\/uploads\/2017\/04\/ADEARLimousin-RAP_V14cm.jpg","width":142,"height":118,"caption":"Adear Limousin"},"image":{"@id":"https:\/\/adearlimousin.com\/#\/schema\/logo\/image\/"},"sameAs":["https:\/\/www.facebook.com\/adearlimousin"]}]}},"uagb_featured_image_src":{"full":["https:\/\/adearlimousin.com\/wp-content\/uploads\/2017\/04\/ADEARLimousin-RAP_V14cm.jpg",142,118,false],"thumbnail":["https:\/\/adearlimousin.com\/wp-content\/uploads\/2017\/04\/ADEARLimousin-RAP_V14cm.jpg",142,118,false],"medium":["https:\/\/adearlimousin.com\/wp-content\/uploads\/2017\/04\/ADEARLimousin-RAP_V14cm.jpg",142,118,false],"medium_large":["https:\/\/adearlimousin.com\/wp-content\/uploads\/2017\/04\/ADEARLimousin-RAP_V14cm.jpg",142,118,false],"large":["https:\/\/adearlimousin.com\/wp-content\/uploads\/2017\/04\/ADEARLimousin-RAP_V14cm.jpg",142,118,false],"1536x1536":["https:\/\/adearlimousin.com\/wp-content\/uploads\/2017\/04\/ADEARLimousin-RAP_V14cm.jpg",142,118,false],"2048x2048":["https:\/\/adearlimousin.com\/wp-content\/uploads\/2017\/04\/ADEARLimousin-RAP_V14cm.jpg",142,118,false],"post-thumbnail":["https:\/\/adearlimousin.com\/wp-content\/uploads\/2017\/04\/ADEARLimousin-RAP_V14cm.jpg",142,118,false],"sela-hero-thumbnail":["https:\/\/adearlimousin.com\/wp-content\/uploads\/2017\/04\/ADEARLimousin-RAP_V14cm.jpg",142,118,false],"sela-page-thumbnail":["https:\/\/adearlimousin.com\/wp-content\/uploads\/2017\/04\/ADEARLimousin-RAP_V14cm.jpg",142,118,false],"sela-grid-thumbnail":["https:\/\/adearlimousin.com\/wp-content\/uploads\/2017\/04\/ADEARLimousin-RAP_V14cm.jpg",142,118,false],"sela-testimonial-thumbnail":["https:\/\/adearlimousin.com\/wp-content\/uploads\/2017\/04\/ADEARLimousin-RAP_V14cm-90x90.jpg",90,90,true],"sela-logo":["https:\/\/adearlimousin.com\/wp-content\/uploads\/2017\/04\/ADEARLimousin-RAP_V14cm.jpg",142,118,false]},"uagb_author_info":{"display_name":"Adearlim","author_link":"https:\/\/adearlimousin.com\/index.php\/author\/admin3869\/"},"uagb_comment_info":0,"uagb_excerpt":"Fiches\/Infos maraichage : &#8211; ProFilBio, tous les articles maraichage bio, ici&#8211; PAC en maraichage Bio, c&rsquo;est ici&#8211; Infos techniques du GRAB ici&#8211; Co\u00fbts de productions optimis\u00e9 et juste r\u00e9mun\u00e9ration : &hellip; Lire la suite Ressources techniques","jetpack_sharing_enabled":true,"jetpack_shortlink":"https:\/\/wp.me\/P8DPFj-1l8","jetpack_likes_enabled":false,"_links":{"self":[{"href":"https:\/\/adearlimousin.com\/index.php\/wp-json\/wp\/v2\/pages\/5154","targetHints":{"allow":["GET"]}}],"collection":[{"href":"https:\/\/adearlimousin.com\/index.php\/wp-json\/wp\/v2\/pages"}],"about":[{"href":"https:\/\/adearlimousin.com\/index.php\/wp-json\/wp\/v2\/types\/page"}],"author":[{"embeddable":true,"href":"https:\/\/adearlimousin.com\/index.php\/wp-json\/wp\/v2\/users\/1"}],"replies":[{"embeddable":true,"href":"https:\/\/adearlimousin.com\/index.php\/wp-json\/wp\/v2\/comments?post=5154"}],"version-history":[{"count":27,"href":"https:\/\/adearlimousin.com\/index.php\/wp-json\/wp\/v2\/pages\/5154\/revisions"}],"predecessor-version":[{"id":7401,"href":"https:\/\/adearlimousin.com\/index.php\/wp-json\/wp\/v2\/pages\/5154\/revisions\/7401"}],"wp:featuredmedia":[{"embeddable":true,"href":"https:\/\/adearlimousin.com\/index.php\/wp-json\/wp\/v2\/media\/2713"}],"wp:attachment":[{"href":"https:\/\/adearlimousin.com\/index.php\/wp-json\/wp\/v2\/media?parent=5154"}],"curies":[{"name":"wp","href":"https:\/\/api.w.org\/{rel}","templated":true}]}}