{"id":521,"date":"2017-05-16T11:55:45","date_gmt":"2017-05-16T09:55:45","guid":{"rendered":"http:\/\/ardearlimousin.com\/?page_id=521"},"modified":"2023-06-26T14:57:26","modified_gmt":"2023-06-26T12:57:26","slug":"les-annonces-objectif-terre","status":"publish","type":"page","link":"https:\/\/adearlimousin.com\/index.php\/les-annonces-objectif-terre\/","title":{"rendered":"Chercher du foncier"},"content":{"rendered":"\n<p><strong>L&rsquo;accompagnement \u00e0 la recherche de foncier, ce sont nos partenaires qui s&rsquo;en chargent : <\/strong><\/p>\n\n\n\n<p>Nous travaillons avec <a href=\"https:\/\/www.objectif-terres.org\/\" target=\"_blank\" rel=\"noreferrer noopener\"><strong>Terre de liens<\/strong><\/a> de longue date sur le foncier au sein du collectif Inpact Limousin et toutes les personnes que nous accompagnons ont leur annonce sur le site <strong>Objectif Terre<\/strong> : <a href=\"https:\/\/www.objectif-terres.org\/\" target=\"_blank\" rel=\"noreferrer noopener\">https:\/\/www.<\/a><a href=\"https:\/\/www.objectif-terres.org\/\">objectif<\/a><a href=\"https:\/\/www.objectif-terres.org\/\" target=\"_blank\" rel=\"noreferrer noopener\">-terres.org\/<\/a>.<\/p>\n\n\n\n<p><strong>Et sans oublier plein d&rsquo;autres acteurs :<\/strong><\/p>\n\n\n\n<ul class=\"wp-block-list\"><li>la <strong>Conf\u00e9d\u00e9ration paysannes <\/strong>a mis en place des correspondants locaux sur le foncier qui se vend. Si vous connaissez la zone o\u00f9 vous souhaitez vous installer \u00e0 50km pr\u00eat, n\u2019h\u00e9sitez pas \u00e0 les contacter.<\/li><li>s&rsquo;inscrire au <a href=\"http:\/\/www.repertoireinstallation.com\/\" target=\"_blank\" rel=\"noreferrer noopener\"><strong>RDI<\/strong> <\/a>(R\u00e9pertoire D\u00e9part Installation) ;<\/li><li>le site de la<strong> <a href=\"https:\/\/www.proprietes-rurales.com\/\" target=\"_blank\" rel=\"noreferrer noopener\">SAFER <\/a><\/strong>en plus de les contacter directement ;<\/li><li>le site de <strong><a href=\"https:\/\/lagrange.feve.co\/fermes?utm_source=website&amp;utm_medium=fermes\">FEVE<\/a><\/strong> (Ferme en Vie, autre fonci\u00e8re agricole) ;<\/li><li>prendre contact avec des <strong><mark style=\"background-color:rgba(0, 0, 0, 0)\" class=\"has-inline-color has-black-color\">collectivit\u00e9s locale<\/mark>s <\/strong>(mairies, communaut\u00e9s de communes) et des <strong>notaires <\/strong>de la zone g\u00e9ographique qui vous int\u00e9resse ;<\/li><li>consulter les <strong>sites de petites annonces<\/strong> type \u00ab Le Bon Coin \u00bb, les agences immobili\u00e8res, etc. ;<\/li><li>passer des annonces dans des <strong>journaux agricoles ou des journaux locaux<\/strong>.<\/li><\/ul>\n\n\n\n<p><\/p>\n\n\n\n<h2 class=\"wp-block-heading\">Petites annonces fonci\u00e8res d&rsquo;Objectif Terre, comment \u00e7a marche ?<\/h2>\n\n\n\n<p class=\"has-text-align-center\"><strong>&gt;&gt; la plateforme : <a href=\"http:\/\/www.objectif-terres.org\" target=\"_blank\" rel=\"noreferrer noopener\">www.objectif-terres.org<\/a><\/strong><\/p>\n\n\n\n<h4 class=\"wp-block-heading\">Que vous souhaitiez passer par la fonci\u00e8re de Terre de Liens (\u00eatre locataire\/leur vendre) ou non Cette plateforme est faite pour vous :<\/h4>\n\n\n\n<ul class=\"wp-block-list\"><li><strong>Paysan\u00b7ne proche de la retraite, vous souhaitez diffuser une annonce ?<\/strong>  Le document \u00ab\u00a0<a href=\"http:\/\/adearlimousin.com\/wp-content\/uploads\/2017\/04\/2016-rc3a9diger-une-annonce-foncic3a8re.pdf\" target=\"_blank\" rel=\"noreferrer noopener\">comment r\u00e9diger une annonce fonci\u00e8re<\/a>\u00a0\u00bb (cliquer dessus) pourra vous inspirer ! Si besoin suivez ce \u00ab\u00a0<a href=\"https:\/\/adearlimousin.com\/wp-content\/uploads\/2023\/06\/Tuto_Depot-annonce-fonciere_Objectif-Terres.pdf\">tutoriel<\/a>\u00a0\u00bb (cliquer dessus) pour vous guider pas \u00e0 pas dans la cr\u00e9ation de l&rsquo;annonce. Votre annonce sera ensuite visible sur le site <a href=\"http:\/\/www.objectif-terres.org\" target=\"_blank\" rel=\"noreferrer noopener\">www.objectif-terres.org<\/a>.<\/li><li><strong>Porteur\u00b7euse de projet, en recherche de foncier ?<\/strong> Consultez les annonces ET POURQUOI PAS d\u00e9posez une annonce en pr\u00e9cisant votre recherche.<\/li><li><strong>A la recherche d&rsquo;un emploi ?<\/strong> Consultez les propositions de salariat.<\/li><li><strong>Un projet d&rsquo;association ?<\/strong> Vous \u00eates aussi au bon endroit ! R\u00e9digez et\/ou consultez les annonces.<\/li><\/ul>\n\n\n\n<figure class=\"wp-block-image size-large is-resized\"><img loading=\"lazy\" decoding=\"async\" src=\"https:\/\/adearlimousin.com\/wp-content\/uploads\/2020\/11\/ObjectifTerre2-1024x146.png\" alt=\"\" class=\"wp-image-4368\" width=\"690\" height=\"98\" srcset=\"https:\/\/adearlimousin.com\/wp-content\/uploads\/2020\/11\/ObjectifTerre2-1024x146.png 1024w, https:\/\/adearlimousin.com\/wp-content\/uploads\/2020\/11\/ObjectifTerre2-300x43.png 300w, https:\/\/adearlimousin.com\/wp-content\/uploads\/2020\/11\/ObjectifTerre2-768x110.png 768w, https:\/\/adearlimousin.com\/wp-content\/uploads\/2020\/11\/ObjectifTerre2-600x86.png 600w, https:\/\/adearlimousin.com\/wp-content\/uploads\/2020\/11\/ObjectifTerre2-1536x220.png 1536w, https:\/\/adearlimousin.com\/wp-content\/uploads\/2020\/11\/ObjectifTerre2-1180x169.png 1180w, https:\/\/adearlimousin.com\/wp-content\/uploads\/2020\/11\/ObjectifTerre2-1320x189.png 1320w, https:\/\/adearlimousin.com\/wp-content\/uploads\/2020\/11\/ObjectifTerre2.png 1833w\" sizes=\"auto, (max-width: 690px) 100vw, 690px\" \/><\/figure>\n\n\n\n<blockquote class=\"wp-block-quote is-layout-flow wp-block-quote-is-layout-flow\"><p><em>Objectif Terres est une <strong>plateforme de mise en liens autour des terres agricoles<\/strong>, pour faciliter l\u2019acc\u00e8s au foncier et la reprise des fermes. Ce service, propos\u00e9 par Terre de Liens, s\u2019inscrit donc dans une d\u00e9marche de pr\u00e9servation des terres agricoles et dans le d\u00e9veloppement d\u2019une agriculture biologique et paysanne nourrici\u00e8re. Pour cela, Terre de Liens s\u2019inscrit et travaille en coop\u00e9ration avec un r\u00e9seau d\u2019acteurs de l\u2019accompagnement du d\u00e9veloppement agricole et rural, notamment membres du r\u00e9seau <a href=\"https:\/\/inpactna.org\/\" target=\"_blank\" rel=\"noreferrer noopener\">InPACT<\/a>.<\/em><\/p><\/blockquote>\n\n\n\n<h4 class=\"wp-block-heading\">Besoin d&rsquo;un accompagnement sur la plate-forme ?<\/h4>\n\n\n\n<p><strong>Contactez Terre de Liens Limousin<\/strong> : cliquez sur le bouton \u00ab\u00a0\u00eatre accompagn\u00e9\u00a0\u00bb ou directement <a href=\"https:\/\/www.objectif-terres.org\/accompagnement\/demarrer\">ici<\/a>.<br><\/p>\n\n\n\n<div class=\"wp-block-columns is-layout-flex wp-container-core-columns-is-layout-9d6595d7 wp-block-columns-is-layout-flex\">\n<div class=\"wp-block-column is-layout-flow wp-block-column-is-layout-flow\">\n<figure class=\"wp-block-image size-large\"><a href=\"https:\/\/inpactna.org\/\"><img loading=\"lazy\" decoding=\"async\" width=\"1000\" height=\"1000\" src=\"https:\/\/adearlimousin.com\/wp-content\/uploads\/2021\/07\/LOGO-inpact.png\" alt=\"\" class=\"wp-image-5467\" srcset=\"https:\/\/adearlimousin.com\/wp-content\/uploads\/2021\/07\/LOGO-inpact.png 1000w, https:\/\/adearlimousin.com\/wp-content\/uploads\/2021\/07\/LOGO-inpact-300x300.png 300w, https:\/\/adearlimousin.com\/wp-content\/uploads\/2021\/07\/LOGO-inpact-150x150.png 150w, https:\/\/adearlimousin.com\/wp-content\/uploads\/2021\/07\/LOGO-inpact-768x768.png 768w, https:\/\/adearlimousin.com\/wp-content\/uploads\/2021\/07\/LOGO-inpact-90x90.png 90w, https:\/\/adearlimousin.com\/wp-content\/uploads\/2021\/07\/LOGO-inpact-380x380.png 380w\" sizes=\"auto, (max-width: 1000px) 100vw, 1000px\" \/><\/a><\/figure>\n<\/div>\n\n\n\n<div class=\"wp-block-column is-layout-flow wp-block-column-is-layout-flow\">\n<figure class=\"wp-block-image size-large\"><a href=\"https:\/\/terredeliens.org\/limousin.html\"><img loading=\"lazy\" decoding=\"async\" width=\"1000\" height=\"1000\" src=\"https:\/\/adearlimousin.com\/wp-content\/uploads\/2021\/07\/LOGO-TDL.png\" alt=\"\" class=\"wp-image-5468\" srcset=\"https:\/\/adearlimousin.com\/wp-content\/uploads\/2021\/07\/LOGO-TDL.png 1000w, https:\/\/adearlimousin.com\/wp-content\/uploads\/2021\/07\/LOGO-TDL-300x300.png 300w, https:\/\/adearlimousin.com\/wp-content\/uploads\/2021\/07\/LOGO-TDL-150x150.png 150w, https:\/\/adearlimousin.com\/wp-content\/uploads\/2021\/07\/LOGO-TDL-768x768.png 768w, https:\/\/adearlimousin.com\/wp-content\/uploads\/2021\/07\/LOGO-TDL-90x90.png 90w, https:\/\/adearlimousin.com\/wp-content\/uploads\/2021\/07\/LOGO-TDL-380x380.png 380w\" sizes=\"auto, (max-width: 1000px) 100vw, 1000px\" \/><\/a><\/figure>\n<\/div>\n<\/div>\n\n\n\n<h2 class=\"wp-block-heading\"><\/h2>\n\n\n\n<h3 class=\"wp-block-heading\"><\/h3>\n","protected":false},"excerpt":{"rendered":"<p>L&rsquo;accompagnement \u00e0 la recherche de foncier, ce sont nos partenaires qui s&rsquo;en chargent : Nous travaillons avec Terre de liens de longue date sur le foncier au sein du collectif &hellip; <a href=\"https:\/\/adearlimousin.com\/index.php\/les-annonces-objectif-terre\/\" class=\"more-link\">Lire la suite <span class=\"screen-reader-text\">Chercher du foncier<\/span><\/a><\/p>\n","protected":false},"author":1,"featured_media":0,"parent":0,"menu_order":0,"comment_status":"closed","ping_status":"closed","template":"","meta":{"_uag_custom_page_level_css":"","_EventAllDay":false,"_EventTimezone":"","_EventStartDate":"","_EventEndDate":"","_EventStartDateUTC":"","_EventEndDateUTC":"","_EventShowMap":false,"_EventShowMapLink":false,"_EventURL":"","_EventCost":"","_EventCostDescription":"","_EventCurrencySymbol":"","_EventCurrencyCode":"","_EventCurrencyPosition":"","_EventDateTimeSeparator":"","_EventTimeRangeSeparator":"","_EventOrganizerID":[],"_EventVenueID":[],"_OrganizerEmail":"","_OrganizerPhone":"","_OrganizerWebsite":"","_VenueAddress":"","_VenueCity":"","_VenueCountry":"","_VenueProvince":"","_VenueState":"","_VenueZip":"","_VenuePhone":"","_VenueURL":"","_VenueStateProvince":"","_VenueLat":"","_VenueLng":"","_VenueShowMap":false,"_VenueShowMapLink":false,"footnotes":""},"class_list":["post-521","page","type-page","status-publish","hentry","without-featured-image"],"yoast_head":"<!-- This site is optimized with the Yoast SEO plugin v27.1.1 - https:\/\/yoast.com\/product\/yoast-seo-wordpress\/ -->\n<title>Chercher du foncier - Objectif Terre<\/title>\n<meta name=\"robots\" content=\"index, follow, max-snippet:-1, max-image-preview:large, max-video-preview:-1\" \/>\n<link rel=\"canonical\" href=\"https:\/\/adearlimousin.com\/index.php\/les-annonces-objectif-terre\/\" \/>\n<meta property=\"og:locale\" content=\"fr_FR\" \/>\n<meta property=\"og:type\" content=\"article\" \/>\n<meta property=\"og:title\" content=\"Chercher du foncier - Objectif Terre\" \/>\n<meta property=\"og:description\" content=\"L&rsquo;accompagnement \u00e0 la recherche de foncier, ce sont nos partenaires qui s&rsquo;en chargent : Nous travaillons avec Terre de liens de longue date sur le foncier au sein du collectif &hellip; Lire la suite Chercher du foncier\" \/>\n<meta property=\"og:url\" content=\"https:\/\/adearlimousin.com\/index.php\/les-annonces-objectif-terre\/\" \/>\n<meta property=\"og:site_name\" content=\"ADEAR Limousin\" \/>\n<meta property=\"article:publisher\" content=\"https:\/\/www.facebook.com\/adearlimousin\" \/>\n<meta property=\"article:modified_time\" content=\"2023-06-26T12:57:26+00:00\" \/>\n<meta property=\"og:image\" content=\"https:\/\/adearlimousin.com\/wp-content\/uploads\/2020\/11\/ObjectifTerre2-1024x146.png\" \/>\n<meta name=\"twitter:card\" content=\"summary_large_image\" \/>\n<meta name=\"twitter:label1\" content=\"Dur\u00e9e de lecture estim\u00e9e\" \/>\n\t<meta name=\"twitter:data1\" content=\"3 minutes\" \/>\n<script type=\"application\/ld+json\" class=\"yoast-schema-graph\">{\"@context\":\"https:\/\/schema.org\",\"@graph\":[{\"@type\":\"WebPage\",\"@id\":\"https:\/\/adearlimousin.com\/index.php\/les-annonces-objectif-terre\/\",\"url\":\"https:\/\/adearlimousin.com\/index.php\/les-annonces-objectif-terre\/\",\"name\":\"Chercher du foncier - Objectif Terre\",\"isPartOf\":{\"@id\":\"https:\/\/adearlimousin.com\/#website\"},\"primaryImageOfPage\":{\"@id\":\"https:\/\/adearlimousin.com\/index.php\/les-annonces-objectif-terre\/#primaryimage\"},\"image\":{\"@id\":\"https:\/\/adearlimousin.com\/index.php\/les-annonces-objectif-terre\/#primaryimage\"},\"thumbnailUrl\":\"https:\/\/adearlimousin.com\/wp-content\/uploads\/2020\/11\/ObjectifTerre2-1024x146.png\",\"datePublished\":\"2017-05-16T09:55:45+00:00\",\"dateModified\":\"2023-06-26T12:57:26+00:00\",\"breadcrumb\":{\"@id\":\"https:\/\/adearlimousin.com\/index.php\/les-annonces-objectif-terre\/#breadcrumb\"},\"inLanguage\":\"fr-FR\",\"potentialAction\":[{\"@type\":\"ReadAction\",\"target\":[\"https:\/\/adearlimousin.com\/index.php\/les-annonces-objectif-terre\/\"]}]},{\"@type\":\"ImageObject\",\"inLanguage\":\"fr-FR\",\"@id\":\"https:\/\/adearlimousin.com\/index.php\/les-annonces-objectif-terre\/#primaryimage\",\"url\":\"https:\/\/adearlimousin.com\/wp-content\/uploads\/2020\/11\/ObjectifTerre2.png\",\"contentUrl\":\"https:\/\/adearlimousin.com\/wp-content\/uploads\/2020\/11\/ObjectifTerre2.png\",\"width\":1833,\"height\":262},{\"@type\":\"BreadcrumbList\",\"@id\":\"https:\/\/adearlimousin.com\/index.php\/les-annonces-objectif-terre\/#breadcrumb\",\"itemListElement\":[{\"@type\":\"ListItem\",\"position\":1,\"name\":\"Accueil\",\"item\":\"https:\/\/adearlimousin.com\/\"},{\"@type\":\"ListItem\",\"position\":2,\"name\":\"Chercher du foncier\"}]},{\"@type\":\"WebSite\",\"@id\":\"https:\/\/adearlimousin.com\/#website\",\"url\":\"https:\/\/adearlimousin.com\/\",\"name\":\"ADEAR Limousin\",\"description\":\"\u00catre paysan\u00b7ne en Limousin\",\"publisher\":{\"@id\":\"https:\/\/adearlimousin.com\/#organization\"},\"potentialAction\":[{\"@type\":\"SearchAction\",\"target\":{\"@type\":\"EntryPoint\",\"urlTemplate\":\"https:\/\/adearlimousin.com\/?s={search_term_string}\"},\"query-input\":{\"@type\":\"PropertyValueSpecification\",\"valueRequired\":true,\"valueName\":\"search_term_string\"}}],\"inLanguage\":\"fr-FR\"},{\"@type\":\"Organization\",\"@id\":\"https:\/\/adearlimousin.com\/#organization\",\"name\":\"Adear Limousin\",\"url\":\"https:\/\/adearlimousin.com\/\",\"logo\":{\"@type\":\"ImageObject\",\"inLanguage\":\"fr-FR\",\"@id\":\"https:\/\/adearlimousin.com\/#\/schema\/logo\/image\/\",\"url\":\"https:\/\/adearlimousin.com\/wp-content\/uploads\/2017\/04\/ADEARLimousin-RAP_V14cm.jpg\",\"contentUrl\":\"https:\/\/adearlimousin.com\/wp-content\/uploads\/2017\/04\/ADEARLimousin-RAP_V14cm.jpg\",\"width\":142,\"height\":118,\"caption\":\"Adear Limousin\"},\"image\":{\"@id\":\"https:\/\/adearlimousin.com\/#\/schema\/logo\/image\/\"},\"sameAs\":[\"https:\/\/www.facebook.com\/adearlimousin\"]}]}<\/script>\n<!-- \/ Yoast SEO plugin. -->","yoast_head_json":{"title":"Chercher du foncier - Objectif Terre","robots":{"index":"index","follow":"follow","max-snippet":"max-snippet:-1","max-image-preview":"max-image-preview:large","max-video-preview":"max-video-preview:-1"},"canonical":"https:\/\/adearlimousin.com\/index.php\/les-annonces-objectif-terre\/","og_locale":"fr_FR","og_type":"article","og_title":"Chercher du foncier - Objectif Terre","og_description":"L&rsquo;accompagnement \u00e0 la recherche de foncier, ce sont nos partenaires qui s&rsquo;en chargent : Nous travaillons avec Terre de liens de longue date sur le foncier au sein du collectif &hellip; Lire la suite Chercher du foncier","og_url":"https:\/\/adearlimousin.com\/index.php\/les-annonces-objectif-terre\/","og_site_name":"ADEAR Limousin","article_publisher":"https:\/\/www.facebook.com\/adearlimousin","article_modified_time":"2023-06-26T12:57:26+00:00","og_image":[{"url":"https:\/\/adearlimousin.com\/wp-content\/uploads\/2020\/11\/ObjectifTerre2-1024x146.png","type":"","width":"","height":""}],"twitter_card":"summary_large_image","twitter_misc":{"Dur\u00e9e de lecture estim\u00e9e":"3 minutes"},"schema":{"@context":"https:\/\/schema.org","@graph":[{"@type":"WebPage","@id":"https:\/\/adearlimousin.com\/index.php\/les-annonces-objectif-terre\/","url":"https:\/\/adearlimousin.com\/index.php\/les-annonces-objectif-terre\/","name":"Chercher du foncier - Objectif Terre","isPartOf":{"@id":"https:\/\/adearlimousin.com\/#website"},"primaryImageOfPage":{"@id":"https:\/\/adearlimousin.com\/index.php\/les-annonces-objectif-terre\/#primaryimage"},"image":{"@id":"https:\/\/adearlimousin.com\/index.php\/les-annonces-objectif-terre\/#primaryimage"},"thumbnailUrl":"https:\/\/adearlimousin.com\/wp-content\/uploads\/2020\/11\/ObjectifTerre2-1024x146.png","datePublished":"2017-05-16T09:55:45+00:00","dateModified":"2023-06-26T12:57:26+00:00","breadcrumb":{"@id":"https:\/\/adearlimousin.com\/index.php\/les-annonces-objectif-terre\/#breadcrumb"},"inLanguage":"fr-FR","potentialAction":[{"@type":"ReadAction","target":["https:\/\/adearlimousin.com\/index.php\/les-annonces-objectif-terre\/"]}]},{"@type":"ImageObject","inLanguage":"fr-FR","@id":"https:\/\/adearlimousin.com\/index.php\/les-annonces-objectif-terre\/#primaryimage","url":"https:\/\/adearlimousin.com\/wp-content\/uploads\/2020\/11\/ObjectifTerre2.png","contentUrl":"https:\/\/adearlimousin.com\/wp-content\/uploads\/2020\/11\/ObjectifTerre2.png","width":1833,"height":262},{"@type":"BreadcrumbList","@id":"https:\/\/adearlimousin.com\/index.php\/les-annonces-objectif-terre\/#breadcrumb","itemListElement":[{"@type":"ListItem","position":1,"name":"Accueil","item":"https:\/\/adearlimousin.com\/"},{"@type":"ListItem","position":2,"name":"Chercher du foncier"}]},{"@type":"WebSite","@id":"https:\/\/adearlimousin.com\/#website","url":"https:\/\/adearlimousin.com\/","name":"ADEAR Limousin","description":"\u00catre paysan\u00b7ne en Limousin","publisher":{"@id":"https:\/\/adearlimousin.com\/#organization"},"potentialAction":[{"@type":"SearchAction","target":{"@type":"EntryPoint","urlTemplate":"https:\/\/adearlimousin.com\/?s={search_term_string}"},"query-input":{"@type":"PropertyValueSpecification","valueRequired":true,"valueName":"search_term_string"}}],"inLanguage":"fr-FR"},{"@type":"Organization","@id":"https:\/\/adearlimousin.com\/#organization","name":"Adear Limousin","url":"https:\/\/adearlimousin.com\/","logo":{"@type":"ImageObject","inLanguage":"fr-FR","@id":"https:\/\/adearlimousin.com\/#\/schema\/logo\/image\/","url":"https:\/\/adearlimousin.com\/wp-content\/uploads\/2017\/04\/ADEARLimousin-RAP_V14cm.jpg","contentUrl":"https:\/\/adearlimousin.com\/wp-content\/uploads\/2017\/04\/ADEARLimousin-RAP_V14cm.jpg","width":142,"height":118,"caption":"Adear Limousin"},"image":{"@id":"https:\/\/adearlimousin.com\/#\/schema\/logo\/image\/"},"sameAs":["https:\/\/www.facebook.com\/adearlimousin"]}]}},"uagb_featured_image_src":{"full":false,"thumbnail":false,"medium":false,"medium_large":false,"large":false,"1536x1536":false,"2048x2048":false,"post-thumbnail":false,"sela-hero-thumbnail":false,"sela-page-thumbnail":false,"sela-grid-thumbnail":false,"sela-testimonial-thumbnail":false,"sela-logo":false},"uagb_author_info":{"display_name":"Adearlim","author_link":"https:\/\/adearlimousin.com\/index.php\/author\/admin3869\/"},"uagb_comment_info":0,"uagb_excerpt":"L&rsquo;accompagnement \u00e0 la recherche de foncier, ce sont nos partenaires qui s&rsquo;en chargent : Nous travaillons avec Terre de liens de longue date sur le foncier au sein du collectif &hellip; Lire la suite Chercher du foncier","jetpack_sharing_enabled":true,"jetpack_shortlink":"https:\/\/wp.me\/P8DPFj-8p","jetpack_likes_enabled":false,"_links":{"self":[{"href":"https:\/\/adearlimousin.com\/index.php\/wp-json\/wp\/v2\/pages\/521","targetHints":{"allow":["GET"]}}],"collection":[{"href":"https:\/\/adearlimousin.com\/index.php\/wp-json\/wp\/v2\/pages"}],"about":[{"href":"https:\/\/adearlimousin.com\/index.php\/wp-json\/wp\/v2\/types\/page"}],"author":[{"embeddable":true,"href":"https:\/\/adearlimousin.com\/index.php\/wp-json\/wp\/v2\/users\/1"}],"replies":[{"embeddable":true,"href":"https:\/\/adearlimousin.com\/index.php\/wp-json\/wp\/v2\/comments?post=521"}],"version-history":[{"count":84,"href":"https:\/\/adearlimousin.com\/index.php\/wp-json\/wp\/v2\/pages\/521\/revisions"}],"predecessor-version":[{"id":6976,"href":"https:\/\/adearlimousin.com\/index.php\/wp-json\/wp\/v2\/pages\/521\/revisions\/6976"}],"wp:attachment":[{"href":"https:\/\/adearlimousin.com\/index.php\/wp-json\/wp\/v2\/media?parent=521"}],"curies":[{"name":"wp","href":"https:\/\/api.w.org\/{rel}","templated":true}]}}