{"id":7343,"date":"2024-03-07T15:00:24","date_gmt":"2024-03-07T14:00:24","guid":{"rendered":"https:\/\/adearlimousin.com\/?page_id=7343"},"modified":"2026-04-16T17:37:24","modified_gmt":"2026-04-16T15:37:24","slug":"petits-fruits","status":"publish","type":"page","link":"https:\/\/adearlimousin.com\/index.php\/petits-fruits\/","title":{"rendered":"Petits fruits"},"content":{"rendered":"\n<div class=\"wp-block-uagb-image uagb-block-11df4094 wp-block-uagb-image--layout-default wp-block-uagb-image--effect-static wp-block-uagb-image--align-none\"><figure class=\"wp-block-uagb-image__figure\"><img decoding=\"async\" srcset=\"https:\/\/adearlimousin.com\/wp-content\/uploads\/2024\/08\/Groupe_Petits_fruits_1__png-3-1024x341.png ,https:\/\/adearlimousin.com\/wp-content\/uploads\/2024\/08\/Groupe_Petits_fruits_1__png-3.png 780w, https:\/\/adearlimousin.com\/wp-content\/uploads\/2024\/08\/Groupe_Petits_fruits_1__png-3.png 360w\" sizes=\"auto, (max-width: 480px) 150px\" src=\"https:\/\/adearlimousin.com\/wp-content\/uploads\/2024\/08\/Groupe_Petits_fruits_1__png-3-1024x341.png\" alt=\"\" class=\"uag-image-7639\" width=\"570\" height=\"189\" title=\"Groupe_Petits_fruits_1__png\" loading=\"lazy\" role=\"img\"\/><\/figure><\/div>\n\n\n\n<p>A la demande des paysan\u00b7ne\u00b7s et porteur\u00b7euse\u00b7s de projets agricoles, nous avons form\u00e9 en 2023 un groupe d&rsquo;\u00e9change technique sur les cultures de petits fruits (fraises, frambroises, cassis, groseilles, etc). <br>Nous organisons ainsi des journ\u00e9es d&rsquo;\u00e9changes, formations et visites de fermes sur divers sujets techniques \u00e0 la demande de nos membres.<\/p>\n\n\n\n<p>Pour rejoindre le groupe et recevoir ses actualit\u00e9s, merci de <strong>vous inscrire <a href=\"https:\/\/8b81c599.sibforms.com\/serve\/MUIFAJBJcCud25rrh0gaG4DT6bmlui76R0Dg1xWH6scbEIe-5TZEDxoNdHraFkiViBx0SszoUWKZH6i-h6NwJKLlilMeq6AsH3hirbVbQsh5rqZg64KWZO-NjUahk2K78QIx2z0YFd-ZUp95GWLKweqeNH-I-BSx1wb-gwywMgruIgOwt_qoGDIN9S7Epih5SW7eGvQaoUakPm_U\">en cliquant sur ce lien<\/a>.<\/strong><\/p>\n\n\n\n<p style=\"font-size:25px\">Prochaines rencontres :<\/p>\n\n\n\n<p><strong>Mercredi 6 mai \u00e0 15h<\/strong> &#8211; La Nouaille (23) chez Norv\u00e8ne au GAEC du Mouton Bleu<br>Inscriptions : juliettev@adearlimousin.com<\/p>\n\n\n\n<div class=\"wp-block-uagb-image uagb-block-b05b3967 wp-block-uagb-image--layout-default wp-block-uagb-image--effect-static wp-block-uagb-image--align-none\"><figure class=\"wp-block-uagb-image__figure\"><img decoding=\"async\" srcset=\"https:\/\/adearlimousin.com\/wp-content\/uploads\/2026\/04\/2026.05.06_AFF-1.png ,https:\/\/adearlimousin.com\/wp-content\/uploads\/2026\/04\/2026.05.06_AFF-1.png 780w, https:\/\/adearlimousin.com\/wp-content\/uploads\/2026\/04\/2026.05.06_AFF-1.png 360w\" sizes=\"auto, (max-width: 480px) 150px\" src=\"https:\/\/adearlimousin.com\/wp-content\/uploads\/2026\/04\/2026.05.06_AFF-1.png\" alt=\"\" class=\"uag-image-8741\" width=\"544\" height=\"456\" title=\"2026.05.06_AFF\" loading=\"lazy\" role=\"img\"\/><\/figure><\/div>\n\n\n\n<p><\/p>\n\n\n\n<p><strong>Mercredi 3 juin \u00e0 15h<\/strong> &#8211; Crozant (23) chez Charles Mignon<br>Inscriptions : juliettev@adearlimousin.com<\/p>\n\n\n\n<div class=\"wp-block-uagb-image uagb-block-9fa907bf wp-block-uagb-image--layout-default wp-block-uagb-image--effect-static wp-block-uagb-image--align-none\"><figure class=\"wp-block-uagb-image__figure\"><img decoding=\"async\" srcset=\"https:\/\/adearlimousin.com\/wp-content\/uploads\/2026\/04\/2026.06.03_AFF-1.png ,https:\/\/adearlimousin.com\/wp-content\/uploads\/2026\/04\/2026.06.03_AFF-1.png 780w, https:\/\/adearlimousin.com\/wp-content\/uploads\/2026\/04\/2026.06.03_AFF-1.png 360w\" sizes=\"auto, (max-width: 480px) 150px\" src=\"https:\/\/adearlimousin.com\/wp-content\/uploads\/2026\/04\/2026.06.03_AFF-1.png\" alt=\"\" class=\"uag-image-8711\" width=\"540\" height=\"426\" title=\"2026.06.03_AFF\" loading=\"lazy\" role=\"img\"\/><\/figure><\/div>\n\n\n\n<div class=\"wp-block-uagb-separator uagb-block-2ed6590f\"><div class=\"uagb-separator-spacing-wrapper\"><div class=\"wp-block-uagb-separator__inner\" style=\"--my-background-image:\"><\/div><\/div><\/div>\n\n\n\n<p style=\"font-size:25px\">Actions pass\u00e9es : <\/p>\n\n\n\n<div class=\"wp-block-uagb-image uagb-block-09940fb1 wp-block-uagb-image--layout-default wp-block-uagb-image--effect-static wp-block-uagb-image--align-none\"><figure class=\"wp-block-uagb-image__figure\"><img decoding=\"async\" srcset=\"https:\/\/adearlimousin.com\/wp-content\/uploads\/2026\/02\/2026.03.23_AFF.png ,https:\/\/adearlimousin.com\/wp-content\/uploads\/2026\/02\/2026.03.23_AFF.png 780w, https:\/\/adearlimousin.com\/wp-content\/uploads\/2026\/02\/2026.03.23_AFF.png 360w\" sizes=\"auto, (max-width: 480px) 150px\" src=\"https:\/\/adearlimousin.com\/wp-content\/uploads\/2026\/02\/2026.03.23_AFF.png\" alt=\"\" class=\"uag-image-8638\" width=\"523\" height=\"411\" title=\"2026.03.23_AFF\" loading=\"lazy\" role=\"img\"\/><\/figure><\/div>\n\n\n\n<p><\/p>\n\n\n\n<div class=\"wp-block-uagb-image uagb-block-02876091 wp-block-uagb-image--layout-default wp-block-uagb-image--effect-static wp-block-uagb-image--align-none\"><figure class=\"wp-block-uagb-image__figure\"><img decoding=\"async\" srcset=\"https:\/\/adearlimousin.com\/wp-content\/uploads\/2025\/07\/2025.09.24_S.Martignac_Visuel.png ,https:\/\/adearlimousin.com\/wp-content\/uploads\/2025\/07\/2025.09.24_S.Martignac_Visuel.png 780w, https:\/\/adearlimousin.com\/wp-content\/uploads\/2025\/07\/2025.09.24_S.Martignac_Visuel.png 360w\" sizes=\"auto, (max-width: 480px) 150px\" src=\"https:\/\/adearlimousin.com\/wp-content\/uploads\/2025\/07\/2025.09.24_S.Martignac_Visuel.png\" alt=\"\" class=\"uag-image-8348\" width=\"533\" height=\"420\" title=\"2025.09.24_S.Martignac_Visuel\" loading=\"lazy\" role=\"img\"\/><\/figure><\/div>\n\n\n\n<p><\/p>\n\n\n\n<div class=\"wp-block-uagb-image uagb-block-452e63d1 wp-block-uagb-image--layout-default wp-block-uagb-image--effect-static wp-block-uagb-image--align-none\"><figure class=\"wp-block-uagb-image__figure\"><img decoding=\"async\" srcset=\"https:\/\/adearlimousin.com\/wp-content\/uploads\/2025\/05\/2025.06.05-Maisonnais-sur-Tardoire-Affiche.jpg ,https:\/\/adearlimousin.com\/wp-content\/uploads\/2025\/05\/2025.06.05-Maisonnais-sur-Tardoire-Affiche.jpg 780w, https:\/\/adearlimousin.com\/wp-content\/uploads\/2025\/05\/2025.06.05-Maisonnais-sur-Tardoire-Affiche.jpg 360w\" sizes=\"auto, (max-width: 480px) 150px\" src=\"https:\/\/adearlimousin.com\/wp-content\/uploads\/2025\/05\/2025.06.05-Maisonnais-sur-Tardoire-Affiche.jpg\" alt=\"\" class=\"uag-image-8213\" width=\"511\" height=\"428\" title=\"2025.06.05 - Maisonnais-sur-Tardoire - Affiche\" loading=\"lazy\" role=\"img\"\/><\/figure><\/div>\n\n\n\n<p><\/p>\n\n\n\n<div class=\"wp-block-uagb-image uagb-block-45b23331 wp-block-uagb-image--layout-default wp-block-uagb-image--effect-static wp-block-uagb-image--align-none\"><figure class=\"wp-block-uagb-image__figure\"><img decoding=\"async\" srcset=\"https:\/\/adearlimousin.com\/wp-content\/uploads\/2025\/04\/19-sept1.jpg ,https:\/\/adearlimousin.com\/wp-content\/uploads\/2025\/04\/19-sept1.jpg 780w, https:\/\/adearlimousin.com\/wp-content\/uploads\/2025\/04\/19-sept1.jpg 360w\" sizes=\"auto, (max-width: 480px) 150px\" src=\"https:\/\/adearlimousin.com\/wp-content\/uploads\/2025\/04\/19-sept1.jpg\" alt=\"\" class=\"uag-image-8184\" width=\"513\" height=\"430\" title=\"19 sept(1)\" loading=\"lazy\" role=\"img\"\/><\/figure><\/div>\n\n\n\n<p><\/p>\n\n\n<div class=\"wp-block-image\">\n<figure class=\"aligncenter size-full is-resized\"><img loading=\"lazy\" decoding=\"async\" width=\"940\" height=\"788\" src=\"https:\/\/adearlimousin.com\/wp-content\/uploads\/2024\/09\/23-octobre-PF.png\" alt=\"\" class=\"wp-image-7750\" style=\"width:503px;height:auto\" srcset=\"https:\/\/adearlimousin.com\/wp-content\/uploads\/2024\/09\/23-octobre-PF.png 940w, https:\/\/adearlimousin.com\/wp-content\/uploads\/2024\/09\/23-octobre-PF-300x251.png 300w, https:\/\/adearlimousin.com\/wp-content\/uploads\/2024\/09\/23-octobre-PF-768x644.png 768w, https:\/\/adearlimousin.com\/wp-content\/uploads\/2024\/09\/23-octobre-PF-453x380.png 453w\" sizes=\"auto, (max-width: 940px) 100vw, 940px\" \/><\/figure>\n<\/div>\n\n\n<p><\/p>\n\n\n\n<p>Visite du labo de transformation du Verger de la Lune : <a href=\"https:\/\/www.terredactu.com\/economie\/des-pistes-pour-transformer-les-fruits-ven-13092024-1137-2001\">article Union et Territoires ici<\/a> !<\/p>\n\n\n\n<div class=\"wp-block-uagb-image uagb-block-e7dcfe03 wp-block-uagb-image--layout-default wp-block-uagb-image--effect-static wp-block-uagb-image--align-none\"><figure class=\"wp-block-uagb-image__figure\"><\/figure><\/div>\n","protected":false},"excerpt":{"rendered":"<p>A la demande des paysan\u00b7ne\u00b7s et porteur\u00b7euse\u00b7s de projets agricoles, nous avons form\u00e9 en 2023 un groupe d&rsquo;\u00e9change technique sur les cultures de petits fruits (fraises, frambroises, cassis, groseilles, etc). &hellip; <a href=\"https:\/\/adearlimousin.com\/index.php\/petits-fruits\/\" class=\"more-link\">Lire la suite <span class=\"screen-reader-text\">Petits fruits<\/span><\/a><\/p>\n","protected":false},"author":1,"featured_media":0,"parent":0,"menu_order":0,"comment_status":"closed","ping_status":"closed","template":"","meta":{"_uag_custom_page_level_css":"","_EventAllDay":false,"_EventTimezone":"","_EventStartDate":"","_EventEndDate":"","_EventStartDateUTC":"","_EventEndDateUTC":"","_EventShowMap":false,"_EventShowMapLink":false,"_EventURL":"","_EventCost":"","_EventCostDescription":"","_EventCurrencySymbol":"","_EventCurrencyCode":"","_EventCurrencyPosition":"","_EventDateTimeSeparator":"","_EventTimeRangeSeparator":"","_EventOrganizerID":[],"_EventVenueID":[],"_OrganizerEmail":"","_OrganizerPhone":"","_OrganizerWebsite":"","_VenueAddress":"","_VenueCity":"","_VenueCountry":"","_VenueProvince":"","_VenueState":"","_VenueZip":"","_VenuePhone":"","_VenueURL":"","_VenueStateProvince":"","_VenueLat":"","_VenueLng":"","_VenueShowMap":false,"_VenueShowMapLink":false,"footnotes":""},"class_list":["post-7343","page","type-page","status-publish","hentry","without-featured-image"],"yoast_head":"<!-- This site is optimized with the Yoast SEO plugin v27.1.1 - https:\/\/yoast.com\/product\/yoast-seo-wordpress\/ -->\n<title>Petits fruits - ADEAR Limousin<\/title>\n<meta name=\"description\" content=\"Groupe d&#039;\u00e9changes techniques entre producteurs et productrices de petits fruits en agriculture paysanne en Limousin\" \/>\n<meta name=\"robots\" content=\"index, follow, max-snippet:-1, max-image-preview:large, max-video-preview:-1\" \/>\n<link rel=\"canonical\" href=\"https:\/\/adearlimousin.com\/index.php\/petits-fruits\/\" \/>\n<meta property=\"og:locale\" content=\"fr_FR\" \/>\n<meta property=\"og:type\" content=\"article\" \/>\n<meta property=\"og:title\" content=\"Petits fruits - ADEAR Limousin\" \/>\n<meta property=\"og:description\" content=\"Groupe d&#039;\u00e9changes techniques entre producteurs et productrices de petits fruits en agriculture paysanne en Limousin\" \/>\n<meta property=\"og:url\" content=\"https:\/\/adearlimousin.com\/index.php\/petits-fruits\/\" \/>\n<meta property=\"og:site_name\" content=\"ADEAR Limousin\" \/>\n<meta property=\"article:publisher\" content=\"https:\/\/www.facebook.com\/adearlimousin\" \/>\n<meta property=\"article:modified_time\" content=\"2026-04-16T15:37:24+00:00\" \/>\n<meta property=\"og:image\" content=\"https:\/\/adearlimousin.com\/wp-content\/uploads\/2024\/08\/Groupe_Petits_fruits_1__png-3-1024x341.png\" \/>\n<meta name=\"twitter:card\" content=\"summary_large_image\" \/>\n<meta name=\"twitter:label1\" content=\"Dur\u00e9e de lecture estim\u00e9e\" \/>\n\t<meta name=\"twitter:data1\" content=\"3 minutes\" \/>\n<script type=\"application\/ld+json\" class=\"yoast-schema-graph\">{\"@context\":\"https:\/\/schema.org\",\"@graph\":[{\"@type\":\"WebPage\",\"@id\":\"https:\/\/adearlimousin.com\/index.php\/petits-fruits\/\",\"url\":\"https:\/\/adearlimousin.com\/index.php\/petits-fruits\/\",\"name\":\"Petits fruits - ADEAR Limousin\",\"isPartOf\":{\"@id\":\"https:\/\/adearlimousin.com\/#website\"},\"primaryImageOfPage\":{\"@id\":\"https:\/\/adearlimousin.com\/index.php\/petits-fruits\/#primaryimage\"},\"image\":{\"@id\":\"https:\/\/adearlimousin.com\/index.php\/petits-fruits\/#primaryimage\"},\"thumbnailUrl\":\"https:\/\/adearlimousin.com\/wp-content\/uploads\/2024\/08\/Groupe_Petits_fruits_1__png-3-1024x341.png\",\"datePublished\":\"2024-03-07T14:00:24+00:00\",\"dateModified\":\"2026-04-16T15:37:24+00:00\",\"description\":\"Groupe d'\u00e9changes techniques entre producteurs et productrices de petits fruits en agriculture paysanne en Limousin\",\"breadcrumb\":{\"@id\":\"https:\/\/adearlimousin.com\/index.php\/petits-fruits\/#breadcrumb\"},\"inLanguage\":\"fr-FR\",\"potentialAction\":[{\"@type\":\"ReadAction\",\"target\":[\"https:\/\/adearlimousin.com\/index.php\/petits-fruits\/\"]}]},{\"@type\":\"ImageObject\",\"inLanguage\":\"fr-FR\",\"@id\":\"https:\/\/adearlimousin.com\/index.php\/petits-fruits\/#primaryimage\",\"url\":\"https:\/\/adearlimousin.com\/wp-content\/uploads\/2024\/08\/Groupe_Petits_fruits_1__png-3.png\",\"contentUrl\":\"https:\/\/adearlimousin.com\/wp-content\/uploads\/2024\/08\/Groupe_Petits_fruits_1__png-3.png\",\"width\":1200,\"height\":400},{\"@type\":\"BreadcrumbList\",\"@id\":\"https:\/\/adearlimousin.com\/index.php\/petits-fruits\/#breadcrumb\",\"itemListElement\":[{\"@type\":\"ListItem\",\"position\":1,\"name\":\"Accueil\",\"item\":\"https:\/\/adearlimousin.com\/\"},{\"@type\":\"ListItem\",\"position\":2,\"name\":\"Petits fruits\"}]},{\"@type\":\"WebSite\",\"@id\":\"https:\/\/adearlimousin.com\/#website\",\"url\":\"https:\/\/adearlimousin.com\/\",\"name\":\"ADEAR Limousin\",\"description\":\"\u00catre paysan\u00b7ne en Limousin\",\"publisher\":{\"@id\":\"https:\/\/adearlimousin.com\/#organization\"},\"potentialAction\":[{\"@type\":\"SearchAction\",\"target\":{\"@type\":\"EntryPoint\",\"urlTemplate\":\"https:\/\/adearlimousin.com\/?s={search_term_string}\"},\"query-input\":{\"@type\":\"PropertyValueSpecification\",\"valueRequired\":true,\"valueName\":\"search_term_string\"}}],\"inLanguage\":\"fr-FR\"},{\"@type\":\"Organization\",\"@id\":\"https:\/\/adearlimousin.com\/#organization\",\"name\":\"Adear Limousin\",\"url\":\"https:\/\/adearlimousin.com\/\",\"logo\":{\"@type\":\"ImageObject\",\"inLanguage\":\"fr-FR\",\"@id\":\"https:\/\/adearlimousin.com\/#\/schema\/logo\/image\/\",\"url\":\"https:\/\/adearlimousin.com\/wp-content\/uploads\/2017\/04\/ADEARLimousin-RAP_V14cm.jpg\",\"contentUrl\":\"https:\/\/adearlimousin.com\/wp-content\/uploads\/2017\/04\/ADEARLimousin-RAP_V14cm.jpg\",\"width\":142,\"height\":118,\"caption\":\"Adear Limousin\"},\"image\":{\"@id\":\"https:\/\/adearlimousin.com\/#\/schema\/logo\/image\/\"},\"sameAs\":[\"https:\/\/www.facebook.com\/adearlimousin\"]}]}<\/script>\n<!-- \/ Yoast SEO plugin. -->","yoast_head_json":{"title":"Petits fruits - ADEAR Limousin","description":"Groupe d'\u00e9changes techniques entre producteurs et productrices de petits fruits en agriculture paysanne en Limousin","robots":{"index":"index","follow":"follow","max-snippet":"max-snippet:-1","max-image-preview":"max-image-preview:large","max-video-preview":"max-video-preview:-1"},"canonical":"https:\/\/adearlimousin.com\/index.php\/petits-fruits\/","og_locale":"fr_FR","og_type":"article","og_title":"Petits fruits - ADEAR Limousin","og_description":"Groupe d'\u00e9changes techniques entre producteurs et productrices de petits fruits en agriculture paysanne en Limousin","og_url":"https:\/\/adearlimousin.com\/index.php\/petits-fruits\/","og_site_name":"ADEAR Limousin","article_publisher":"https:\/\/www.facebook.com\/adearlimousin","article_modified_time":"2026-04-16T15:37:24+00:00","og_image":[{"url":"https:\/\/adearlimousin.com\/wp-content\/uploads\/2024\/08\/Groupe_Petits_fruits_1__png-3-1024x341.png","type":"","width":"","height":""}],"twitter_card":"summary_large_image","twitter_misc":{"Dur\u00e9e de lecture estim\u00e9e":"3 minutes"},"schema":{"@context":"https:\/\/schema.org","@graph":[{"@type":"WebPage","@id":"https:\/\/adearlimousin.com\/index.php\/petits-fruits\/","url":"https:\/\/adearlimousin.com\/index.php\/petits-fruits\/","name":"Petits fruits - ADEAR Limousin","isPartOf":{"@id":"https:\/\/adearlimousin.com\/#website"},"primaryImageOfPage":{"@id":"https:\/\/adearlimousin.com\/index.php\/petits-fruits\/#primaryimage"},"image":{"@id":"https:\/\/adearlimousin.com\/index.php\/petits-fruits\/#primaryimage"},"thumbnailUrl":"https:\/\/adearlimousin.com\/wp-content\/uploads\/2024\/08\/Groupe_Petits_fruits_1__png-3-1024x341.png","datePublished":"2024-03-07T14:00:24+00:00","dateModified":"2026-04-16T15:37:24+00:00","description":"Groupe d'\u00e9changes techniques entre producteurs et productrices de petits fruits en agriculture paysanne en Limousin","breadcrumb":{"@id":"https:\/\/adearlimousin.com\/index.php\/petits-fruits\/#breadcrumb"},"inLanguage":"fr-FR","potentialAction":[{"@type":"ReadAction","target":["https:\/\/adearlimousin.com\/index.php\/petits-fruits\/"]}]},{"@type":"ImageObject","inLanguage":"fr-FR","@id":"https:\/\/adearlimousin.com\/index.php\/petits-fruits\/#primaryimage","url":"https:\/\/adearlimousin.com\/wp-content\/uploads\/2024\/08\/Groupe_Petits_fruits_1__png-3.png","contentUrl":"https:\/\/adearlimousin.com\/wp-content\/uploads\/2024\/08\/Groupe_Petits_fruits_1__png-3.png","width":1200,"height":400},{"@type":"BreadcrumbList","@id":"https:\/\/adearlimousin.com\/index.php\/petits-fruits\/#breadcrumb","itemListElement":[{"@type":"ListItem","position":1,"name":"Accueil","item":"https:\/\/adearlimousin.com\/"},{"@type":"ListItem","position":2,"name":"Petits fruits"}]},{"@type":"WebSite","@id":"https:\/\/adearlimousin.com\/#website","url":"https:\/\/adearlimousin.com\/","name":"ADEAR Limousin","description":"\u00catre paysan\u00b7ne en Limousin","publisher":{"@id":"https:\/\/adearlimousin.com\/#organization"},"potentialAction":[{"@type":"SearchAction","target":{"@type":"EntryPoint","urlTemplate":"https:\/\/adearlimousin.com\/?s={search_term_string}"},"query-input":{"@type":"PropertyValueSpecification","valueRequired":true,"valueName":"search_term_string"}}],"inLanguage":"fr-FR"},{"@type":"Organization","@id":"https:\/\/adearlimousin.com\/#organization","name":"Adear Limousin","url":"https:\/\/adearlimousin.com\/","logo":{"@type":"ImageObject","inLanguage":"fr-FR","@id":"https:\/\/adearlimousin.com\/#\/schema\/logo\/image\/","url":"https:\/\/adearlimousin.com\/wp-content\/uploads\/2017\/04\/ADEARLimousin-RAP_V14cm.jpg","contentUrl":"https:\/\/adearlimousin.com\/wp-content\/uploads\/2017\/04\/ADEARLimousin-RAP_V14cm.jpg","width":142,"height":118,"caption":"Adear Limousin"},"image":{"@id":"https:\/\/adearlimousin.com\/#\/schema\/logo\/image\/"},"sameAs":["https:\/\/www.facebook.com\/adearlimousin"]}]}},"uagb_featured_image_src":{"full":false,"thumbnail":false,"medium":false,"medium_large":false,"large":false,"1536x1536":false,"2048x2048":false,"post-thumbnail":false,"sela-hero-thumbnail":false,"sela-page-thumbnail":false,"sela-grid-thumbnail":false,"sela-testimonial-thumbnail":false,"sela-logo":false},"uagb_author_info":{"display_name":"Adearlim","author_link":"https:\/\/adearlimousin.com\/index.php\/author\/admin3869\/"},"uagb_comment_info":0,"uagb_excerpt":"A la demande des paysan\u00b7ne\u00b7s et porteur\u00b7euse\u00b7s de projets agricoles, nous avons form\u00e9 en 2023 un groupe d&rsquo;\u00e9change technique sur les cultures de petits fruits (fraises, frambroises, cassis, groseilles, etc). &hellip; Lire la suite Petits fruits","jetpack_sharing_enabled":true,"jetpack_shortlink":"https:\/\/wp.me\/P8DPFj-1Ur","jetpack_likes_enabled":false,"_links":{"self":[{"href":"https:\/\/adearlimousin.com\/index.php\/wp-json\/wp\/v2\/pages\/7343","targetHints":{"allow":["GET"]}}],"collection":[{"href":"https:\/\/adearlimousin.com\/index.php\/wp-json\/wp\/v2\/pages"}],"about":[{"href":"https:\/\/adearlimousin.com\/index.php\/wp-json\/wp\/v2\/types\/page"}],"author":[{"embeddable":true,"href":"https:\/\/adearlimousin.com\/index.php\/wp-json\/wp\/v2\/users\/1"}],"replies":[{"embeddable":true,"href":"https:\/\/adearlimousin.com\/index.php\/wp-json\/wp\/v2\/comments?post=7343"}],"version-history":[{"count":31,"href":"https:\/\/adearlimousin.com\/index.php\/wp-json\/wp\/v2\/pages\/7343\/revisions"}],"predecessor-version":[{"id":8742,"href":"https:\/\/adearlimousin.com\/index.php\/wp-json\/wp\/v2\/pages\/7343\/revisions\/8742"}],"wp:attachment":[{"href":"https:\/\/adearlimousin.com\/index.php\/wp-json\/wp\/v2\/media?parent=7343"}],"curies":[{"name":"wp","href":"https:\/\/api.w.org\/{rel}","templated":true}]}}