{"id":7344,"date":"2024-03-07T15:00:25","date_gmt":"2024-03-07T14:00:25","guid":{"rendered":"https:\/\/adearlimousin.com\/?page_id=7344"},"modified":"2026-03-23T10:42:22","modified_gmt":"2026-03-23T09:42:22","slug":"maraichage-bio-19","status":"publish","type":"page","link":"https:\/\/adearlimousin.com\/index.php\/maraichage-bio-19\/","title":{"rendered":"Mara\u00eechage bio 19"},"content":{"rendered":"\n<p>A la demande des mara\u00eechers et mara\u00eech\u00e8res de Corr\u00e8ze, nous avons form\u00e9 en 2023 un groupe d&rsquo;\u00e9change technique sur le mara\u00eechage en agriculture biologique. <br>Nous nous rencontrons r\u00e9guli\u00e8rement sur les fermes des un.e.s et des autres. <\/p>\n\n\n\n<p>Pour rejoindre le groupe et recevoir ses actualit\u00e9s, merci de <strong>vous inscrire <a href=\"https:\/\/8b81c599.sibforms.com\/serve\/MUIFADB7JXjIJuqhhLEWfU4TDANVTiMF_vz5PIippPXOtAmtwESEV_ex5UMy5Y-KoQWBDMQoufdaXmZ2Uhzm840GsyQ5JHjNhPbMSTsEPRpwJrx5WSrOdsTTwz6GLNztwEPNEdlt4Ng_YFNdEl46raEKwtCHO-8GT5iKfWkxft6G-pDynqXuBCs7G2jsJsnZ5KtBUGR0iGRJm2yo\">en cliquant sur ce lien<\/a>.<\/strong><\/p>\n\n\n\n<h2 class=\"wp-block-heading\">Prochaines rencontres :<\/h2>\n\n\n\n<p><strong><mark style=\"background-color:rgba(0, 0, 0, 0);color:#90c12d\" class=\"has-inline-color\">Rencontres mara\u00eechage bio<\/mark><\/strong><\/p>\n\n\n\n<p><\/p>\n\n\n\n<p><strong>Mardi 14 avril 14h<\/strong> &#8211; Albussac (19) chez Pierre et Manon<br>Inscriptions : juliettev@adearlimousin.com<\/p>\n\n\n\n<div class=\"wp-block-uagb-image uagb-block-f09c03e7 wp-block-uagb-image--layout-default wp-block-uagb-image--effect-static wp-block-uagb-image--align-none\"><figure class=\"wp-block-uagb-image__figure\"><img decoding=\"async\" srcset=\"https:\/\/adearlimousin.com\/wp-content\/uploads\/2026\/03\/2026.04.15-AFF-1024x1024.png ,https:\/\/adearlimousin.com\/wp-content\/uploads\/2026\/03\/2026.04.15-AFF.png 780w, https:\/\/adearlimousin.com\/wp-content\/uploads\/2026\/03\/2026.04.15-AFF.png 360w\" sizes=\"auto, (max-width: 480px) 150px\" src=\"https:\/\/adearlimousin.com\/wp-content\/uploads\/2026\/03\/2026.04.15-AFF-1024x1024.png\" alt=\"\" class=\"uag-image-8675\" width=\"441\" height=\"441\" title=\"2026.04.15-AFF\" loading=\"lazy\" role=\"img\"\/><\/figure><\/div>\n\n\n\n<p><\/p>\n\n\n\n<p><strong>Lundi 4 mai \u00e0 15h<\/strong> &#8211; Le Lonzac (19) chez Thibaud Guerch<br>Inscriptions : juliettev@adearlimousin.com<\/p>\n\n\n\n<div class=\"wp-block-uagb-image uagb-block-34e3d77b wp-block-uagb-image--layout-default wp-block-uagb-image--effect-static wp-block-uagb-image--align-none\"><figure class=\"wp-block-uagb-image__figure\"><img decoding=\"async\" srcset=\"https:\/\/adearlimousin.com\/wp-content\/uploads\/2026\/02\/2026.05.04_AFF-1024x1024.png ,https:\/\/adearlimousin.com\/wp-content\/uploads\/2026\/02\/2026.05.04_AFF.png 780w, https:\/\/adearlimousin.com\/wp-content\/uploads\/2026\/02\/2026.05.04_AFF.png 360w\" sizes=\"auto, (max-width: 480px) 150px\" src=\"https:\/\/adearlimousin.com\/wp-content\/uploads\/2026\/02\/2026.05.04_AFF-1024x1024.png\" alt=\"\" class=\"uag-image-8641\" width=\"431\" height=\"431\" title=\"2026.05.04_AFF\" loading=\"lazy\" role=\"img\"\/><\/figure><\/div>\n\n\n\n<hr class=\"wp-block-separator has-alpha-channel-opacity\"\/>\n\n\n\n<h2 class=\"wp-block-heading\">Actions pass\u00e9es :<\/h2>\n\n\n\n<div class=\"wp-block-uagb-image uagb-block-39ef0b55 wp-block-uagb-image--layout-default wp-block-uagb-image--effect-static wp-block-uagb-image--align-none\"><figure class=\"wp-block-uagb-image__figure\"><img decoding=\"async\" srcset=\"https:\/\/adearlimousin.com\/wp-content\/uploads\/2025\/11\/Flyer_Magnat_lEtrange-1024x1024.png ,https:\/\/adearlimousin.com\/wp-content\/uploads\/2025\/11\/Flyer_Magnat_lEtrange.png 780w, https:\/\/adearlimousin.com\/wp-content\/uploads\/2025\/11\/Flyer_Magnat_lEtrange.png 360w\" sizes=\"auto, (max-width: 480px) 150px\" src=\"https:\/\/adearlimousin.com\/wp-content\/uploads\/2025\/11\/Flyer_Magnat_lEtrange-1024x1024.png\" alt=\"\" class=\"uag-image-8496\" width=\"438\" height=\"438\" title=\"Flyer_Magnat_l'Etrange\" loading=\"lazy\" role=\"img\"\/><\/figure><\/div>\n\n\n\n<div class=\"wp-block-uagb-image uagb-block-9533079a wp-block-uagb-image--layout-default wp-block-uagb-image--effect-static wp-block-uagb-image--align-none\"><figure class=\"wp-block-uagb-image__figure\"><img decoding=\"async\" srcset=\"https:\/\/adearlimousin.com\/wp-content\/uploads\/2025\/11\/2025.11.20_Sainte-Fortunade_Affiche-1024x1024.png ,https:\/\/adearlimousin.com\/wp-content\/uploads\/2025\/11\/2025.11.20_Sainte-Fortunade_Affiche.png 780w, https:\/\/adearlimousin.com\/wp-content\/uploads\/2025\/11\/2025.11.20_Sainte-Fortunade_Affiche.png 360w\" sizes=\"auto, (max-width: 480px) 150px\" src=\"https:\/\/adearlimousin.com\/wp-content\/uploads\/2025\/11\/2025.11.20_Sainte-Fortunade_Affiche-1024x1024.png\" alt=\"\" class=\"uag-image-8498\" width=\"436\" height=\"436\" title=\"2025.11.20_Sainte-Fortunade_Affiche\" loading=\"lazy\" role=\"img\"\/><\/figure><\/div>\n\n\n\n<div class=\"wp-block-uagb-image uagb-block-534a3d0b wp-block-uagb-image--layout-default wp-block-uagb-image--effect-static wp-block-uagb-image--align-none\"><figure class=\"wp-block-uagb-image__figure\"><img decoding=\"async\" srcset=\"https:\/\/adearlimousin.com\/wp-content\/uploads\/2025\/09\/2025.10.28_Cornil_Affiche-1024x1024.png ,https:\/\/adearlimousin.com\/wp-content\/uploads\/2025\/09\/2025.10.28_Cornil_Affiche.png 780w, https:\/\/adearlimousin.com\/wp-content\/uploads\/2025\/09\/2025.10.28_Cornil_Affiche.png 360w\" sizes=\"auto, (max-width: 480px) 150px\" src=\"https:\/\/adearlimousin.com\/wp-content\/uploads\/2025\/09\/2025.10.28_Cornil_Affiche-1024x1024.png\" alt=\"\" class=\"uag-image-8428\" width=\"440\" height=\"440\" title=\"2025.10.28_Cornil_Affiche\" loading=\"lazy\" role=\"img\"\/><\/figure><\/div>\n\n\n<div class=\"wp-block-image\">\n<figure class=\"aligncenter is-resized\"><img loading=\"lazy\" decoding=\"async\" width=\"1080\" height=\"1080\" src=\"https:\/\/adearlimousin.com\/wp-content\/uploads\/2025\/08\/19-sept.png\" alt=\"\" class=\"wp-image-8377\" style=\"width:432px;height:auto\" srcset=\"https:\/\/adearlimousin.com\/wp-content\/uploads\/2025\/08\/19-sept.png 1080w, https:\/\/adearlimousin.com\/wp-content\/uploads\/2025\/08\/19-sept-300x300.png 300w, https:\/\/adearlimousin.com\/wp-content\/uploads\/2025\/08\/19-sept-1024x1024.png 1024w, https:\/\/adearlimousin.com\/wp-content\/uploads\/2025\/08\/19-sept-150x150.png 150w, https:\/\/adearlimousin.com\/wp-content\/uploads\/2025\/08\/19-sept-768x768.png 768w, https:\/\/adearlimousin.com\/wp-content\/uploads\/2025\/08\/19-sept-90x90.png 90w, https:\/\/adearlimousin.com\/wp-content\/uploads\/2025\/08\/19-sept-380x380.png 380w\" sizes=\"auto, (max-width: 1080px) 100vw, 1080px\" \/><\/figure>\n<\/div>\n\n\n<div class=\"wp-block-uagb-container uagb-block-4a0cec80 alignfull uagb-is-root-container\"><div class=\"uagb-container-inner-blocks-wrap\">\n<div class=\"wp-block-uagb-container uagb-block-f9cc7685\">\n<div class=\"wp-block-uagb-image uagb-block-dd710635 wp-block-uagb-image--layout-default wp-block-uagb-image--effect-static wp-block-uagb-image--align-none\"><figure class=\"wp-block-uagb-image__figure\"><img decoding=\"async\" srcset=\"https:\/\/adearlimousin.com\/wp-content\/uploads\/2024\/09\/IMG_1723-1024x768.jpg ,https:\/\/adearlimousin.com\/wp-content\/uploads\/2024\/09\/IMG_1723-scaled.jpg 780w, https:\/\/adearlimousin.com\/wp-content\/uploads\/2024\/09\/IMG_1723-scaled.jpg 360w\" sizes=\"auto, (max-width: 480px) 150px\" src=\"https:\/\/adearlimousin.com\/wp-content\/uploads\/2024\/09\/IMG_1723-1024x768.jpg\" alt=\"\" class=\"uag-image-7725\" width=\"4608\" height=\"3456\" title=\"IMG_1723\" loading=\"lazy\" role=\"img\"\/><\/figure><\/div>\n<\/div>\n\n\n\n<div class=\"wp-block-uagb-container uagb-block-866cf38e\">\n<div class=\"wp-block-uagb-image uagb-block-ec575034 wp-block-uagb-image--layout-default wp-block-uagb-image--effect-static wp-block-uagb-image--align-none\"><figure class=\"wp-block-uagb-image__figure\"><img decoding=\"async\" srcset=\"https:\/\/adearlimousin.com\/wp-content\/uploads\/2024\/09\/WhatsApp-Image-2024-08-06-at-17.25.28-1024x771.jpeg ,https:\/\/adearlimousin.com\/wp-content\/uploads\/2024\/09\/WhatsApp-Image-2024-08-06-at-17.25.28.jpeg 780w, https:\/\/adearlimousin.com\/wp-content\/uploads\/2024\/09\/WhatsApp-Image-2024-08-06-at-17.25.28.jpeg 360w\" sizes=\"auto, (max-width: 480px) 150px\" src=\"https:\/\/adearlimousin.com\/wp-content\/uploads\/2024\/09\/WhatsApp-Image-2024-08-06-at-17.25.28-1024x771.jpeg\" alt=\"\" class=\"uag-image-7726\" width=\"1600\" height=\"1204\" title=\"WhatsApp Image 2024-08-06 at 17.25.28\" loading=\"lazy\" role=\"img\"\/><\/figure><\/div>\n<\/div>\n<\/div><\/div>\n","protected":false},"excerpt":{"rendered":"<p>A la demande des mara\u00eechers et mara\u00eech\u00e8res de Corr\u00e8ze, nous avons form\u00e9 en 2023 un groupe d&rsquo;\u00e9change technique sur le mara\u00eechage en agriculture biologique. Nous nous rencontrons r\u00e9guli\u00e8rement sur les &hellip; <a href=\"https:\/\/adearlimousin.com\/index.php\/maraichage-bio-19\/\" class=\"more-link\">Lire la suite <span class=\"screen-reader-text\">Mara\u00eechage bio 19<\/span><\/a><\/p>\n","protected":false},"author":1,"featured_media":0,"parent":0,"menu_order":0,"comment_status":"closed","ping_status":"closed","template":"","meta":{"_uag_custom_page_level_css":"","_EventAllDay":false,"_EventTimezone":"","_EventStartDate":"","_EventEndDate":"","_EventStartDateUTC":"","_EventEndDateUTC":"","_EventShowMap":false,"_EventShowMapLink":false,"_EventURL":"","_EventCost":"","_EventCostDescription":"","_EventCurrencySymbol":"","_EventCurrencyCode":"","_EventCurrencyPosition":"","_EventDateTimeSeparator":"","_EventTimeRangeSeparator":"","_EventOrganizerID":[],"_EventVenueID":[],"_OrganizerEmail":"","_OrganizerPhone":"","_OrganizerWebsite":"","_VenueAddress":"","_VenueCity":"","_VenueCountry":"","_VenueProvince":"","_VenueState":"","_VenueZip":"","_VenuePhone":"","_VenueURL":"","_VenueStateProvince":"","_VenueLat":"","_VenueLng":"","_VenueShowMap":false,"_VenueShowMapLink":false,"footnotes":""},"class_list":["post-7344","page","type-page","status-publish","hentry","without-featured-image"],"yoast_head":"<!-- This site is optimized with the Yoast SEO plugin v27.1.1 - https:\/\/yoast.com\/product\/yoast-seo-wordpress\/ -->\n<title>Mara\u00eechage bio 19 - ADEAR Limousin<\/title>\n<meta name=\"robots\" content=\"index, follow, max-snippet:-1, max-image-preview:large, max-video-preview:-1\" \/>\n<link rel=\"canonical\" href=\"https:\/\/adearlimousin.com\/index.php\/maraichage-bio-19\/\" \/>\n<meta property=\"og:locale\" content=\"fr_FR\" \/>\n<meta property=\"og:type\" content=\"article\" \/>\n<meta property=\"og:title\" content=\"Mara\u00eechage bio 19 - ADEAR Limousin\" \/>\n<meta property=\"og:description\" content=\"A la demande des mara\u00eechers et mara\u00eech\u00e8res de Corr\u00e8ze, nous avons form\u00e9 en 2023 un groupe d&rsquo;\u00e9change technique sur le mara\u00eechage en agriculture biologique. Nous nous rencontrons r\u00e9guli\u00e8rement sur les &hellip; Lire la suite Mara\u00eechage bio 19\" \/>\n<meta property=\"og:url\" content=\"https:\/\/adearlimousin.com\/index.php\/maraichage-bio-19\/\" \/>\n<meta property=\"og:site_name\" content=\"ADEAR Limousin\" \/>\n<meta property=\"article:publisher\" content=\"https:\/\/www.facebook.com\/adearlimousin\" \/>\n<meta property=\"article:modified_time\" content=\"2026-03-23T09:42:22+00:00\" \/>\n<meta property=\"og:image\" content=\"https:\/\/adearlimousin.com\/wp-content\/uploads\/2026\/03\/2026.04.15-AFF-1024x1024.png\" \/>\n<meta name=\"twitter:card\" content=\"summary_large_image\" \/>\n<meta name=\"twitter:label1\" content=\"Dur\u00e9e de lecture estim\u00e9e\" \/>\n\t<meta name=\"twitter:data1\" content=\"3 minutes\" \/>\n<script type=\"application\/ld+json\" class=\"yoast-schema-graph\">{\"@context\":\"https:\/\/schema.org\",\"@graph\":[{\"@type\":\"WebPage\",\"@id\":\"https:\/\/adearlimousin.com\/index.php\/maraichage-bio-19\/\",\"url\":\"https:\/\/adearlimousin.com\/index.php\/maraichage-bio-19\/\",\"name\":\"Mara\u00eechage bio 19 - ADEAR Limousin\",\"isPartOf\":{\"@id\":\"https:\/\/adearlimousin.com\/#website\"},\"primaryImageOfPage\":{\"@id\":\"https:\/\/adearlimousin.com\/index.php\/maraichage-bio-19\/#primaryimage\"},\"image\":{\"@id\":\"https:\/\/adearlimousin.com\/index.php\/maraichage-bio-19\/#primaryimage\"},\"thumbnailUrl\":\"https:\/\/adearlimousin.com\/wp-content\/uploads\/2026\/03\/2026.04.15-AFF-1024x1024.png\",\"datePublished\":\"2024-03-07T14:00:25+00:00\",\"dateModified\":\"2026-03-23T09:42:22+00:00\",\"breadcrumb\":{\"@id\":\"https:\/\/adearlimousin.com\/index.php\/maraichage-bio-19\/#breadcrumb\"},\"inLanguage\":\"fr-FR\",\"potentialAction\":[{\"@type\":\"ReadAction\",\"target\":[\"https:\/\/adearlimousin.com\/index.php\/maraichage-bio-19\/\"]}]},{\"@type\":\"ImageObject\",\"inLanguage\":\"fr-FR\",\"@id\":\"https:\/\/adearlimousin.com\/index.php\/maraichage-bio-19\/#primaryimage\",\"url\":\"https:\/\/adearlimousin.com\/wp-content\/uploads\/2026\/03\/2026.04.15-AFF.png\",\"contentUrl\":\"https:\/\/adearlimousin.com\/wp-content\/uploads\/2026\/03\/2026.04.15-AFF.png\",\"width\":1080,\"height\":1080},{\"@type\":\"BreadcrumbList\",\"@id\":\"https:\/\/adearlimousin.com\/index.php\/maraichage-bio-19\/#breadcrumb\",\"itemListElement\":[{\"@type\":\"ListItem\",\"position\":1,\"name\":\"Accueil\",\"item\":\"https:\/\/adearlimousin.com\/\"},{\"@type\":\"ListItem\",\"position\":2,\"name\":\"Mara\u00eechage bio 19\"}]},{\"@type\":\"WebSite\",\"@id\":\"https:\/\/adearlimousin.com\/#website\",\"url\":\"https:\/\/adearlimousin.com\/\",\"name\":\"ADEAR Limousin\",\"description\":\"\u00catre paysan\u00b7ne en Limousin\",\"publisher\":{\"@id\":\"https:\/\/adearlimousin.com\/#organization\"},\"potentialAction\":[{\"@type\":\"SearchAction\",\"target\":{\"@type\":\"EntryPoint\",\"urlTemplate\":\"https:\/\/adearlimousin.com\/?s={search_term_string}\"},\"query-input\":{\"@type\":\"PropertyValueSpecification\",\"valueRequired\":true,\"valueName\":\"search_term_string\"}}],\"inLanguage\":\"fr-FR\"},{\"@type\":\"Organization\",\"@id\":\"https:\/\/adearlimousin.com\/#organization\",\"name\":\"Adear Limousin\",\"url\":\"https:\/\/adearlimousin.com\/\",\"logo\":{\"@type\":\"ImageObject\",\"inLanguage\":\"fr-FR\",\"@id\":\"https:\/\/adearlimousin.com\/#\/schema\/logo\/image\/\",\"url\":\"https:\/\/adearlimousin.com\/wp-content\/uploads\/2017\/04\/ADEARLimousin-RAP_V14cm.jpg\",\"contentUrl\":\"https:\/\/adearlimousin.com\/wp-content\/uploads\/2017\/04\/ADEARLimousin-RAP_V14cm.jpg\",\"width\":142,\"height\":118,\"caption\":\"Adear Limousin\"},\"image\":{\"@id\":\"https:\/\/adearlimousin.com\/#\/schema\/logo\/image\/\"},\"sameAs\":[\"https:\/\/www.facebook.com\/adearlimousin\"]}]}<\/script>\n<!-- \/ Yoast SEO plugin. -->","yoast_head_json":{"title":"Mara\u00eechage bio 19 - ADEAR Limousin","robots":{"index":"index","follow":"follow","max-snippet":"max-snippet:-1","max-image-preview":"max-image-preview:large","max-video-preview":"max-video-preview:-1"},"canonical":"https:\/\/adearlimousin.com\/index.php\/maraichage-bio-19\/","og_locale":"fr_FR","og_type":"article","og_title":"Mara\u00eechage bio 19 - ADEAR Limousin","og_description":"A la demande des mara\u00eechers et mara\u00eech\u00e8res de Corr\u00e8ze, nous avons form\u00e9 en 2023 un groupe d&rsquo;\u00e9change technique sur le mara\u00eechage en agriculture biologique. Nous nous rencontrons r\u00e9guli\u00e8rement sur les &hellip; Lire la suite Mara\u00eechage bio 19","og_url":"https:\/\/adearlimousin.com\/index.php\/maraichage-bio-19\/","og_site_name":"ADEAR Limousin","article_publisher":"https:\/\/www.facebook.com\/adearlimousin","article_modified_time":"2026-03-23T09:42:22+00:00","og_image":[{"url":"https:\/\/adearlimousin.com\/wp-content\/uploads\/2026\/03\/2026.04.15-AFF-1024x1024.png","type":"","width":"","height":""}],"twitter_card":"summary_large_image","twitter_misc":{"Dur\u00e9e de lecture estim\u00e9e":"3 minutes"},"schema":{"@context":"https:\/\/schema.org","@graph":[{"@type":"WebPage","@id":"https:\/\/adearlimousin.com\/index.php\/maraichage-bio-19\/","url":"https:\/\/adearlimousin.com\/index.php\/maraichage-bio-19\/","name":"Mara\u00eechage bio 19 - ADEAR Limousin","isPartOf":{"@id":"https:\/\/adearlimousin.com\/#website"},"primaryImageOfPage":{"@id":"https:\/\/adearlimousin.com\/index.php\/maraichage-bio-19\/#primaryimage"},"image":{"@id":"https:\/\/adearlimousin.com\/index.php\/maraichage-bio-19\/#primaryimage"},"thumbnailUrl":"https:\/\/adearlimousin.com\/wp-content\/uploads\/2026\/03\/2026.04.15-AFF-1024x1024.png","datePublished":"2024-03-07T14:00:25+00:00","dateModified":"2026-03-23T09:42:22+00:00","breadcrumb":{"@id":"https:\/\/adearlimousin.com\/index.php\/maraichage-bio-19\/#breadcrumb"},"inLanguage":"fr-FR","potentialAction":[{"@type":"ReadAction","target":["https:\/\/adearlimousin.com\/index.php\/maraichage-bio-19\/"]}]},{"@type":"ImageObject","inLanguage":"fr-FR","@id":"https:\/\/adearlimousin.com\/index.php\/maraichage-bio-19\/#primaryimage","url":"https:\/\/adearlimousin.com\/wp-content\/uploads\/2026\/03\/2026.04.15-AFF.png","contentUrl":"https:\/\/adearlimousin.com\/wp-content\/uploads\/2026\/03\/2026.04.15-AFF.png","width":1080,"height":1080},{"@type":"BreadcrumbList","@id":"https:\/\/adearlimousin.com\/index.php\/maraichage-bio-19\/#breadcrumb","itemListElement":[{"@type":"ListItem","position":1,"name":"Accueil","item":"https:\/\/adearlimousin.com\/"},{"@type":"ListItem","position":2,"name":"Mara\u00eechage bio 19"}]},{"@type":"WebSite","@id":"https:\/\/adearlimousin.com\/#website","url":"https:\/\/adearlimousin.com\/","name":"ADEAR Limousin","description":"\u00catre paysan\u00b7ne en Limousin","publisher":{"@id":"https:\/\/adearlimousin.com\/#organization"},"potentialAction":[{"@type":"SearchAction","target":{"@type":"EntryPoint","urlTemplate":"https:\/\/adearlimousin.com\/?s={search_term_string}"},"query-input":{"@type":"PropertyValueSpecification","valueRequired":true,"valueName":"search_term_string"}}],"inLanguage":"fr-FR"},{"@type":"Organization","@id":"https:\/\/adearlimousin.com\/#organization","name":"Adear Limousin","url":"https:\/\/adearlimousin.com\/","logo":{"@type":"ImageObject","inLanguage":"fr-FR","@id":"https:\/\/adearlimousin.com\/#\/schema\/logo\/image\/","url":"https:\/\/adearlimousin.com\/wp-content\/uploads\/2017\/04\/ADEARLimousin-RAP_V14cm.jpg","contentUrl":"https:\/\/adearlimousin.com\/wp-content\/uploads\/2017\/04\/ADEARLimousin-RAP_V14cm.jpg","width":142,"height":118,"caption":"Adear Limousin"},"image":{"@id":"https:\/\/adearlimousin.com\/#\/schema\/logo\/image\/"},"sameAs":["https:\/\/www.facebook.com\/adearlimousin"]}]}},"uagb_featured_image_src":{"full":false,"thumbnail":false,"medium":false,"medium_large":false,"large":false,"1536x1536":false,"2048x2048":false,"post-thumbnail":false,"sela-hero-thumbnail":false,"sela-page-thumbnail":false,"sela-grid-thumbnail":false,"sela-testimonial-thumbnail":false,"sela-logo":false},"uagb_author_info":{"display_name":"Adearlim","author_link":"https:\/\/adearlimousin.com\/index.php\/author\/admin3869\/"},"uagb_comment_info":0,"uagb_excerpt":"A la demande des mara\u00eechers et mara\u00eech\u00e8res de Corr\u00e8ze, nous avons form\u00e9 en 2023 un groupe d&rsquo;\u00e9change technique sur le mara\u00eechage en agriculture biologique. Nous nous rencontrons r\u00e9guli\u00e8rement sur les &hellip; Lire la suite Mara\u00eechage bio 19","jetpack_sharing_enabled":true,"jetpack_shortlink":"https:\/\/wp.me\/P8DPFj-1Us","jetpack_likes_enabled":false,"_links":{"self":[{"href":"https:\/\/adearlimousin.com\/index.php\/wp-json\/wp\/v2\/pages\/7344","targetHints":{"allow":["GET"]}}],"collection":[{"href":"https:\/\/adearlimousin.com\/index.php\/wp-json\/wp\/v2\/pages"}],"about":[{"href":"https:\/\/adearlimousin.com\/index.php\/wp-json\/wp\/v2\/types\/page"}],"author":[{"embeddable":true,"href":"https:\/\/adearlimousin.com\/index.php\/wp-json\/wp\/v2\/users\/1"}],"replies":[{"embeddable":true,"href":"https:\/\/adearlimousin.com\/index.php\/wp-json\/wp\/v2\/comments?post=7344"}],"version-history":[{"count":30,"href":"https:\/\/adearlimousin.com\/index.php\/wp-json\/wp\/v2\/pages\/7344\/revisions"}],"predecessor-version":[{"id":8677,"href":"https:\/\/adearlimousin.com\/index.php\/wp-json\/wp\/v2\/pages\/7344\/revisions\/8677"}],"wp:attachment":[{"href":"https:\/\/adearlimousin.com\/index.php\/wp-json\/wp\/v2\/media?parent=7344"}],"curies":[{"name":"wp","href":"https:\/\/api.w.org\/{rel}","templated":true}]}}