{"id":7346,"date":"2024-02-28T17:23:58","date_gmt":"2024-02-28T16:23:58","guid":{"rendered":"https:\/\/adearlimousin.com\/?page_id=7346"},"modified":"2026-03-12T12:25:14","modified_gmt":"2026-03-12T11:25:14","slug":"installation","status":"publish","type":"page","link":"https:\/\/adearlimousin.com\/index.php\/installation\/","title":{"rendered":"Formations courtes \u00e0 l&rsquo;installation"},"content":{"rendered":"\n<p>L&rsquo;ADEAR Limousin propose des formations \u00e0 la cr\u00e9ation d&rsquo;entreprise en agriculture dites \u00ab\u00a0\u00e0 l&rsquo;installation\u00a0\u00bb. Ces formations sont \u00e0 destination des personnes portant un projet agricole.<br>Que vous soyez en reconversion professionnelle, cotisant\u00b7e solidaire ou chef\u00b7fe d&rsquo;exploitation et que votre projet agricole change, nous vous conseillons de faire ces formations afin d&rsquo;\u00eatre serein\u00b7e dans vos d\u00e9cisions.<br><br>Ces formations sont le plus souvent inscrites dans votre PPP, obligatoires dans le cadre d&rsquo;un accompagnement avec l&rsquo;ADEAR Limousin et\/ou demand\u00e9es pour \u00eatre \u00e9ligibles \u00e0 la DNJA.<\/p>\n\n\n\n<h2 class=\"wp-block-heading\">Calendrier et dates de formations<\/h2>\n\n\n\n<figure class=\"wp-block-table\"><table class=\"has-background\" style=\"background-color:#5fc5ed00\"><tbody><tr><td class=\"has-text-align-center\" data-align=\"center\">Dates<\/td><td class=\"has-text-align-center\" data-align=\"center\">Formations<\/td><td class=\"has-text-align-center\" data-align=\"center\">Lieu<\/td><\/tr><tr><td class=\"has-text-align-center\" data-align=\"center\">22, 23 et 30 janvier 2026<br>&#8211; 2, 3 et 23 juillet 2026<\/td><td class=\"has-text-align-center\" data-align=\"center\"><a href=\"https:\/\/www.canva.com\/design\/DAFmXe-5h-I\/REF2b-AFlQ2yXwXxMA2CVg\/view?utm_content=DAFmXe-5h-I&amp;utm_campaign=designshare&amp;utm_medium=link2&amp;utm_source=uniquelinks&amp;utlId=hdc7b422608\" target=\"_blank\" rel=\"noreferrer noopener\">R\u00e9aliser son \u00e9tude de march\u00e9 et d\u00e9finir sa strat\u00e9gie de communication &#8211; <em>circuits courts<\/em><\/a><\/td><td class=\"has-text-align-center\" data-align=\"center\">Limoges (87)<\/td><\/tr><tr><td class=\"has-text-align-center\" data-align=\"center\">&#8211; 23, 24 f\u00e9vrier et 5, 6 mars 2026<br>&#8211; 15, 16, 26, 27 octobre 2026<\/td><td class=\"has-text-align-center\" data-align=\"center\"><a href=\"https:\/\/www.canva.com\/design\/DAFtlzmRw8M\/WnUdAC7WQRKe0UuB1dVlvw\/view?utm_content=DAFtlzmRw8M&amp;utm_campaign=designshare&amp;utm_medium=link2&amp;utm_source=uniquelinks&amp;utlId=h7e13a1a7ae\" target=\"_blank\" rel=\"noreferrer noopener\">S&rsquo;associer, travailler en collectif (agr\u00e9ment GAEC)<\/a><\/td><td class=\"has-text-align-center\" data-align=\"center\">Limoges (87)<\/td><\/tr><tr><td class=\"has-text-align-center\" data-align=\"center\">&#8211; 16, 17, 30, 31 mars 2026<br>&#8211; 1, 2, 15, 16 juin 2026<br>&#8211; 5, 6, 12, 13 octobre 2026<\/td><td class=\"has-text-align-center\" data-align=\"center\"><a href=\"https:\/\/www.canva.com\/design\/DAFn3TEwmH8\/dOt7bxnESQpqKAGwLikBTw\/view?utm_content=DAFn3TEwmH8&amp;utm_campaign=designshare&amp;utm_medium=link2&amp;utm_source=uniquelinks&amp;utlId=ha3eeb063f8\">Apprendre \u00e0 chiffrer son projet et choisir ses statuts<\/a><\/td><td class=\"has-text-align-center\" data-align=\"center\">Limoges (87)<\/td><\/tr><\/tbody><\/table><\/figure>\n\n\n\n<p><strong><strong>Conna\u00eetre les modalit\u00e9s d&rsquo;inscriptions :<\/strong> <\/strong> estherp[at]adearlimousin.com<\/p>\n\n\n\n<h2 class=\"wp-block-heading\">Financements :<\/h2>\n\n\n\n<p>En fonction de votre statut, vos possibilit\u00e9s de financements ne seront pas les m\u00eames. Nous vous conseillons avant toute inscription de vous renseigner sur <a href=\"https:\/\/adearlimousin.com\/index.php\/financer-sa-formation-2\/\" target=\"_blank\" rel=\"noreferrer noopener\">les modalit\u00e9s de financements<\/a> et de participer \u00e0 nos <a href=\"https:\/\/adearlimousin.com\/index.php\/installation-agriculture-limousin\/rencontres-collectives\/\" target=\"_blank\" rel=\"noreferrer noopener\">rendez-vous collectifs sur l&rsquo;installation<\/a> pour nous rencontrer.<\/p>\n\n\n\n<p><\/p>\n","protected":false},"excerpt":{"rendered":"<p>L&rsquo;ADEAR Limousin propose des formations \u00e0 la cr\u00e9ation d&rsquo;entreprise en agriculture dites \u00ab\u00a0\u00e0 l&rsquo;installation\u00a0\u00bb. Ces formations sont \u00e0 destination des personnes portant un projet agricole.Que vous soyez en reconversion professionnelle, &hellip; <a href=\"https:\/\/adearlimousin.com\/index.php\/installation\/\" class=\"more-link\">Lire la suite <span class=\"screen-reader-text\">Formations courtes \u00e0 l&rsquo;installation<\/span><\/a><\/p>\n","protected":false},"author":1,"featured_media":0,"parent":0,"menu_order":0,"comment_status":"closed","ping_status":"closed","template":"","meta":{"_uag_custom_page_level_css":"","_EventAllDay":false,"_EventTimezone":"","_EventStartDate":"","_EventEndDate":"","_EventStartDateUTC":"","_EventEndDateUTC":"","_EventShowMap":false,"_EventShowMapLink":false,"_EventURL":"","_EventCost":"","_EventCostDescription":"","_EventCurrencySymbol":"","_EventCurrencyCode":"","_EventCurrencyPosition":"","_EventDateTimeSeparator":"","_EventTimeRangeSeparator":"","_EventOrganizerID":[],"_EventVenueID":[],"_OrganizerEmail":"","_OrganizerPhone":"","_OrganizerWebsite":"","_VenueAddress":"","_VenueCity":"","_VenueCountry":"","_VenueProvince":"","_VenueState":"","_VenueZip":"","_VenuePhone":"","_VenueURL":"","_VenueStateProvince":"","_VenueLat":"","_VenueLng":"","_VenueShowMap":false,"_VenueShowMapLink":false,"footnotes":""},"class_list":["post-7346","page","type-page","status-publish","hentry","without-featured-image"],"yoast_head":"<!-- This site is optimized with the Yoast SEO plugin v27.1.1 - https:\/\/yoast.com\/product\/yoast-seo-wordpress\/ -->\n<title>Formations courtes \u00e0 l&#039;installation - ADEAR Limousin<\/title>\n<meta name=\"description\" content=\"Pour votre installation agricole, choisissez nos formations \u00e0 l&#039;installation pour gagner en autonomie : statuts, chiffrage, \u00e9tude de march\u00e9\" \/>\n<meta name=\"robots\" content=\"index, follow, max-snippet:-1, max-image-preview:large, max-video-preview:-1\" \/>\n<link rel=\"canonical\" href=\"https:\/\/adearlimousin.com\/index.php\/installation\/\" \/>\n<meta property=\"og:locale\" content=\"fr_FR\" \/>\n<meta property=\"og:type\" content=\"article\" \/>\n<meta property=\"og:title\" content=\"Formations courtes \u00e0 l&#039;installation - ADEAR Limousin\" \/>\n<meta property=\"og:description\" content=\"Pour votre installation agricole, choisissez nos formations \u00e0 l&#039;installation pour gagner en autonomie : statuts, chiffrage, \u00e9tude de march\u00e9\" \/>\n<meta property=\"og:url\" content=\"https:\/\/adearlimousin.com\/index.php\/installation\/\" \/>\n<meta property=\"og:site_name\" content=\"ADEAR Limousin\" \/>\n<meta property=\"article:publisher\" content=\"https:\/\/www.facebook.com\/adearlimousin\" \/>\n<meta property=\"article:modified_time\" content=\"2026-03-12T11:25:14+00:00\" \/>\n<meta property=\"og:image\" content=\"https:\/\/adearlimousin.com\/wp-content\/uploads\/2017\/04\/ADEARLimousin-RAP_V14cm.jpg\" \/>\n\t<meta property=\"og:image:width\" content=\"142\" \/>\n\t<meta property=\"og:image:height\" content=\"118\" \/>\n\t<meta property=\"og:image:type\" content=\"image\/jpeg\" \/>\n<meta name=\"twitter:card\" content=\"summary_large_image\" \/>\n<meta name=\"twitter:label1\" content=\"Dur\u00e9e de lecture estim\u00e9e\" \/>\n\t<meta name=\"twitter:data1\" content=\"2 minutes\" \/>\n<script type=\"application\/ld+json\" class=\"yoast-schema-graph\">{\"@context\":\"https:\/\/schema.org\",\"@graph\":[{\"@type\":\"WebPage\",\"@id\":\"https:\/\/adearlimousin.com\/index.php\/installation\/\",\"url\":\"https:\/\/adearlimousin.com\/index.php\/installation\/\",\"name\":\"Formations courtes \u00e0 l'installation - ADEAR Limousin\",\"isPartOf\":{\"@id\":\"https:\/\/adearlimousin.com\/#website\"},\"datePublished\":\"2024-02-28T16:23:58+00:00\",\"dateModified\":\"2026-03-12T11:25:14+00:00\",\"description\":\"Pour votre installation agricole, choisissez nos formations \u00e0 l'installation pour gagner en autonomie : statuts, chiffrage, \u00e9tude de march\u00e9\",\"breadcrumb\":{\"@id\":\"https:\/\/adearlimousin.com\/index.php\/installation\/#breadcrumb\"},\"inLanguage\":\"fr-FR\",\"potentialAction\":[{\"@type\":\"ReadAction\",\"target\":[\"https:\/\/adearlimousin.com\/index.php\/installation\/\"]}]},{\"@type\":\"BreadcrumbList\",\"@id\":\"https:\/\/adearlimousin.com\/index.php\/installation\/#breadcrumb\",\"itemListElement\":[{\"@type\":\"ListItem\",\"position\":1,\"name\":\"Accueil\",\"item\":\"https:\/\/adearlimousin.com\/\"},{\"@type\":\"ListItem\",\"position\":2,\"name\":\"Formations courtes \u00e0 l&rsquo;installation\"}]},{\"@type\":\"WebSite\",\"@id\":\"https:\/\/adearlimousin.com\/#website\",\"url\":\"https:\/\/adearlimousin.com\/\",\"name\":\"ADEAR Limousin\",\"description\":\"\u00catre paysan\u00b7ne en Limousin\",\"publisher\":{\"@id\":\"https:\/\/adearlimousin.com\/#organization\"},\"potentialAction\":[{\"@type\":\"SearchAction\",\"target\":{\"@type\":\"EntryPoint\",\"urlTemplate\":\"https:\/\/adearlimousin.com\/?s={search_term_string}\"},\"query-input\":{\"@type\":\"PropertyValueSpecification\",\"valueRequired\":true,\"valueName\":\"search_term_string\"}}],\"inLanguage\":\"fr-FR\"},{\"@type\":\"Organization\",\"@id\":\"https:\/\/adearlimousin.com\/#organization\",\"name\":\"Adear Limousin\",\"url\":\"https:\/\/adearlimousin.com\/\",\"logo\":{\"@type\":\"ImageObject\",\"inLanguage\":\"fr-FR\",\"@id\":\"https:\/\/adearlimousin.com\/#\/schema\/logo\/image\/\",\"url\":\"https:\/\/adearlimousin.com\/wp-content\/uploads\/2017\/04\/ADEARLimousin-RAP_V14cm.jpg\",\"contentUrl\":\"https:\/\/adearlimousin.com\/wp-content\/uploads\/2017\/04\/ADEARLimousin-RAP_V14cm.jpg\",\"width\":142,\"height\":118,\"caption\":\"Adear Limousin\"},\"image\":{\"@id\":\"https:\/\/adearlimousin.com\/#\/schema\/logo\/image\/\"},\"sameAs\":[\"https:\/\/www.facebook.com\/adearlimousin\"]}]}<\/script>\n<!-- \/ Yoast SEO plugin. -->","yoast_head_json":{"title":"Formations courtes \u00e0 l'installation - ADEAR Limousin","description":"Pour votre installation agricole, choisissez nos formations \u00e0 l'installation pour gagner en autonomie : statuts, chiffrage, \u00e9tude de march\u00e9","robots":{"index":"index","follow":"follow","max-snippet":"max-snippet:-1","max-image-preview":"max-image-preview:large","max-video-preview":"max-video-preview:-1"},"canonical":"https:\/\/adearlimousin.com\/index.php\/installation\/","og_locale":"fr_FR","og_type":"article","og_title":"Formations courtes \u00e0 l'installation - ADEAR Limousin","og_description":"Pour votre installation agricole, choisissez nos formations \u00e0 l'installation pour gagner en autonomie : statuts, chiffrage, \u00e9tude de march\u00e9","og_url":"https:\/\/adearlimousin.com\/index.php\/installation\/","og_site_name":"ADEAR Limousin","article_publisher":"https:\/\/www.facebook.com\/adearlimousin","article_modified_time":"2026-03-12T11:25:14+00:00","og_image":[{"width":142,"height":118,"url":"https:\/\/adearlimousin.com\/wp-content\/uploads\/2017\/04\/ADEARLimousin-RAP_V14cm.jpg","type":"image\/jpeg"}],"twitter_card":"summary_large_image","twitter_misc":{"Dur\u00e9e de lecture estim\u00e9e":"2 minutes"},"schema":{"@context":"https:\/\/schema.org","@graph":[{"@type":"WebPage","@id":"https:\/\/adearlimousin.com\/index.php\/installation\/","url":"https:\/\/adearlimousin.com\/index.php\/installation\/","name":"Formations courtes \u00e0 l'installation - ADEAR Limousin","isPartOf":{"@id":"https:\/\/adearlimousin.com\/#website"},"datePublished":"2024-02-28T16:23:58+00:00","dateModified":"2026-03-12T11:25:14+00:00","description":"Pour votre installation agricole, choisissez nos formations \u00e0 l'installation pour gagner en autonomie : statuts, chiffrage, \u00e9tude de march\u00e9","breadcrumb":{"@id":"https:\/\/adearlimousin.com\/index.php\/installation\/#breadcrumb"},"inLanguage":"fr-FR","potentialAction":[{"@type":"ReadAction","target":["https:\/\/adearlimousin.com\/index.php\/installation\/"]}]},{"@type":"BreadcrumbList","@id":"https:\/\/adearlimousin.com\/index.php\/installation\/#breadcrumb","itemListElement":[{"@type":"ListItem","position":1,"name":"Accueil","item":"https:\/\/adearlimousin.com\/"},{"@type":"ListItem","position":2,"name":"Formations courtes \u00e0 l&rsquo;installation"}]},{"@type":"WebSite","@id":"https:\/\/adearlimousin.com\/#website","url":"https:\/\/adearlimousin.com\/","name":"ADEAR Limousin","description":"\u00catre paysan\u00b7ne en Limousin","publisher":{"@id":"https:\/\/adearlimousin.com\/#organization"},"potentialAction":[{"@type":"SearchAction","target":{"@type":"EntryPoint","urlTemplate":"https:\/\/adearlimousin.com\/?s={search_term_string}"},"query-input":{"@type":"PropertyValueSpecification","valueRequired":true,"valueName":"search_term_string"}}],"inLanguage":"fr-FR"},{"@type":"Organization","@id":"https:\/\/adearlimousin.com\/#organization","name":"Adear Limousin","url":"https:\/\/adearlimousin.com\/","logo":{"@type":"ImageObject","inLanguage":"fr-FR","@id":"https:\/\/adearlimousin.com\/#\/schema\/logo\/image\/","url":"https:\/\/adearlimousin.com\/wp-content\/uploads\/2017\/04\/ADEARLimousin-RAP_V14cm.jpg","contentUrl":"https:\/\/adearlimousin.com\/wp-content\/uploads\/2017\/04\/ADEARLimousin-RAP_V14cm.jpg","width":142,"height":118,"caption":"Adear Limousin"},"image":{"@id":"https:\/\/adearlimousin.com\/#\/schema\/logo\/image\/"},"sameAs":["https:\/\/www.facebook.com\/adearlimousin"]}]}},"uagb_featured_image_src":{"full":false,"thumbnail":false,"medium":false,"medium_large":false,"large":false,"1536x1536":false,"2048x2048":false,"post-thumbnail":false,"sela-hero-thumbnail":false,"sela-page-thumbnail":false,"sela-grid-thumbnail":false,"sela-testimonial-thumbnail":false,"sela-logo":false},"uagb_author_info":{"display_name":"Adearlim","author_link":"https:\/\/adearlimousin.com\/index.php\/author\/admin3869\/"},"uagb_comment_info":0,"uagb_excerpt":"L&rsquo;ADEAR Limousin propose des formations \u00e0 la cr\u00e9ation d&rsquo;entreprise en agriculture dites \u00ab\u00a0\u00e0 l&rsquo;installation\u00a0\u00bb. Ces formations sont \u00e0 destination des personnes portant un projet agricole.Que vous soyez en reconversion professionnelle, &hellip; Lire la suite Formations courtes \u00e0 l&rsquo;installation","jetpack_sharing_enabled":true,"jetpack_shortlink":"https:\/\/wp.me\/P8DPFj-1Uu","jetpack_likes_enabled":false,"_links":{"self":[{"href":"https:\/\/adearlimousin.com\/index.php\/wp-json\/wp\/v2\/pages\/7346","targetHints":{"allow":["GET"]}}],"collection":[{"href":"https:\/\/adearlimousin.com\/index.php\/wp-json\/wp\/v2\/pages"}],"about":[{"href":"https:\/\/adearlimousin.com\/index.php\/wp-json\/wp\/v2\/types\/page"}],"author":[{"embeddable":true,"href":"https:\/\/adearlimousin.com\/index.php\/wp-json\/wp\/v2\/users\/1"}],"replies":[{"embeddable":true,"href":"https:\/\/adearlimousin.com\/index.php\/wp-json\/wp\/v2\/comments?post=7346"}],"version-history":[{"count":50,"href":"https:\/\/adearlimousin.com\/index.php\/wp-json\/wp\/v2\/pages\/7346\/revisions"}],"predecessor-version":[{"id":8667,"href":"https:\/\/adearlimousin.com\/index.php\/wp-json\/wp\/v2\/pages\/7346\/revisions\/8667"}],"wp:attachment":[{"href":"https:\/\/adearlimousin.com\/index.php\/wp-json\/wp\/v2\/media?parent=7346"}],"curies":[{"name":"wp","href":"https:\/\/api.w.org\/{rel}","templated":true}]}}