{"id":7655,"date":"2024-08-28T17:39:21","date_gmt":"2024-08-28T15:39:21","guid":{"rendered":"https:\/\/adearlimousin.com\/?page_id=7655"},"modified":"2026-01-27T16:27:31","modified_gmt":"2026-01-27T15:27:31","slug":"financer-sa-formation-2","status":"publish","type":"page","link":"https:\/\/adearlimousin.com\/index.php\/financer-sa-formation-2\/","title":{"rendered":"Financer ses formations"},"content":{"rendered":"\n<h2 class=\"wp-block-heading\"> <strong>Modalit\u00e9s de financement<\/strong> <\/h2>\n\n\n\n<p>A partir de janvier 2022, les formations sont trait\u00e9es administrativement par l&rsquo;ARDEAR Nouvelle-Aquitaine, cela <strong>ne change en rien votre prise en charge<\/strong>. <br>Pensez \u00e0 l&rsquo;indiquer \u00e0 votre conseiller r\u00e9f\u00e9rent France travail le cas \u00e9ch\u00e9ant.<\/p>\n\n\n<div class=\"wp-block-uagb-faq uagb-faq__outer-wrap uagb-block-4d52000b uagb-faq-icon-row uagb-faq-layout-accordion uagb-faq-expand-first-true uagb-faq-inactive-other-true uagb-faq__wrap uagb-buttons-layout-wrap uagb-faq-equal-height     \" data-faqtoggle=\"true\" role=\"tablist\"><div class=\"wp-block-uagb-faq-child uagb-faq-child__outer-wrap uagb-faq-item uagb-block-aa0b8d47 \" role=\"tab\" tabindex=\"0\"><div class=\"uagb-faq-questions-button uagb-faq-questions\">\t\t\t<span class=\"uagb-icon uagb-faq-icon-wrap\">\n\t\t\t\t\t\t\t\t<svg xmlns=\"https:\/\/www.w3.org\/2000\/svg\" viewBox= \"0 0 448 512\"><path d=\"M432 256c0 17.69-14.33 32.01-32 32.01H256v144c0 17.69-14.33 31.99-32 31.99s-32-14.3-32-31.99v-144H48c-17.67 0-32-14.32-32-32.01s14.33-31.99 32-31.99H192v-144c0-17.69 14.33-32.01 32-32.01s32 14.32 32 32.01v144h144C417.7 224 432 238.3 432 256z\"><\/path><\/svg>\n\t\t\t\t\t\t\t<\/span>\n\t\t\t\t\t\t<span class=\"uagb-icon-active uagb-faq-icon-wrap\">\n\t\t\t\t\t\t\t\t<svg xmlns=\"https:\/\/www.w3.org\/2000\/svg\" viewBox= \"0 0 448 512\"><path d=\"M400 288h-352c-17.69 0-32-14.32-32-32.01s14.31-31.99 32-31.99h352c17.69 0 32 14.3 32 31.99S417.7 288 400 288z\"><\/path><\/svg>\n\t\t\t\t\t\t\t<\/span>\n\t\t\t<span class=\"uagb-question\"><strong>Je suis agriculteur\u00b7rice, conjoint\u00b7e collaborateur\u00b7rice, aidant\u00b7e familial<\/strong><\/span><\/div><div class=\"uagb-faq-content\"><p><strong>VIVEA<\/strong><br>Vous \u00eates <strong>install\u00e9\u00b7e\u00b7s \u00e0 titre principal<\/strong>, le fonds de formation <strong>Viv\u00e9a <\/strong>finance votre formation.<br>V\u00e9rifiez <strong>votre solde de cr\u00e9dit formation<\/strong> <a href=\"https:\/\/vivea.fr\/ressources\/contributeur-comment-connaitre-le-montant-du-credit-disponible-sur-mon-compte\/\" target=\"_blank\" rel=\"noreferrer noopener\">en cliquant ici<\/a>.<br><br><strong>CPF<\/strong><br>Chaque paysan ou paysanne actif, contributeur \u00e0 VIVEA au-del\u00e0 de son solde de 3 000\u20ac annuel, dispose d\u2019un compte CPF, au m\u00eame titre que les salari\u00e9\u00b7e\u00b7s, qui est abond\u00e9 de 500 euros par an jusqu\u2019\u00e0 5\u00a0000\u20ac.<br>Il lui suffit de cr\u00e9er son compte en allant sur <a href=\"https:\/\/www.moncompteformation.gouv.fr\/espace-prive\/html\/\" target=\"_blank\" rel=\"noreferrer noopener\">moncompteformation.gouv.fr<\/a><\/p><\/div><\/div><div class=\"wp-block-uagb-faq-child uagb-faq-child__outer-wrap uagb-faq-item uagb-block-1ce04a3a \" role=\"tab\" tabindex=\"0\"><div class=\"uagb-faq-questions-button uagb-faq-questions\">\t\t\t<span class=\"uagb-icon uagb-faq-icon-wrap\">\n\t\t\t\t\t\t\t\t<svg xmlns=\"https:\/\/www.w3.org\/2000\/svg\" viewBox= \"0 0 448 512\"><path d=\"M432 256c0 17.69-14.33 32.01-32 32.01H256v144c0 17.69-14.33 31.99-32 31.99s-32-14.3-32-31.99v-144H48c-17.67 0-32-14.32-32-32.01s14.33-31.99 32-31.99H192v-144c0-17.69 14.33-32.01 32-32.01s32 14.32 32 32.01v144h144C417.7 224 432 238.3 432 256z\"><\/path><\/svg>\n\t\t\t\t\t\t\t<\/span>\n\t\t\t\t\t\t<span class=\"uagb-icon-active uagb-faq-icon-wrap\">\n\t\t\t\t\t\t\t\t<svg xmlns=\"https:\/\/www.w3.org\/2000\/svg\" viewBox= \"0 0 448 512\"><path d=\"M400 288h-352c-17.69 0-32-14.32-32-32.01s14.31-31.99 32-31.99h352c17.69 0 32 14.3 32 31.99S417.7 288 400 288z\"><\/path><\/svg>\n\t\t\t\t\t\t\t<\/span>\n\t\t\t<span class=\"uagb-question\"><strong>Je suis cotisant\u00b7e solidaire<\/strong><\/span><\/div><div class=\"uagb-faq-content\"><p><strong>VIVEA<\/strong><br>Si vous \u00eates install\u00e9s avant 2024, votre droit \u00e0 la formation VIVEA d\u00e9pendait de votre revenu.<br>Votre financement par VIVEA \u00e9tait soumis \u00e0 une condition\u00a0: <strong>votre revenu devait \u00eatre sup\u00e9rieur \u00e0 305\u20ac<\/strong>, c\u2019est-\u00e0-dire que votre chiffre d&rsquo;affaires devait \u00eatre au minimum de 2 346 \u20ac car en dessous de ce seuil la cotisation VIVEA n\u2019\u00e9tait pas due et vous ne pouviez donc pas b\u00e9n\u00e9ficier de la prise en charge par VIVEA.<br>\u00c0 partir de l&rsquo;ann\u00e9e 2024, la r\u00e8gle change. Vous avez \u00e9t\u00e9 appel\u00e9 \u00e0 payer en septembre 2024 votre cotisation formation m\u00eame si vos revenus 2023 \u00e9taient en dessous du seuil. Apr\u00e8s paiement, vous devenez finan\u00e7able au fonds de formation VIVEA. Vous pouvez appeler la MSA pour demander une <a href=\"https:\/\/aide.msa.fr\/lfp\/demader-mes-attestations-professionnelles\" target=\"_blank\" rel=\"noreferrer noopener\">Attestation de R\u00e9gularit\u00e9 de Situation au Regard du Fonds d&rsquo;Assurance Formation Viv\u00e9a<\/a> ou attendre le 1er f\u00e9vrier 2025 que la mise \u00e0 jour se fasse automatiquement.<br>V\u00e9rifiez votre droit \u00e0 la formation aupr\u00e8s de la MSA en demandant une <a href=\"https:\/\/aide.msa.fr\/lfp\/demader-mes-attestations-professionnelles\" target=\"_blank\" rel=\"noreferrer noopener\">Attestation de R\u00e9gularit\u00e9 de Situation au Regard du Fonds d&rsquo;Assurance Formation Viv\u00e9a<\/a>.<br>Vous pouvez aussi v\u00e9rifier sur <a href=\"https:\/\/vivea.fr\/ressources\/contributeur-comment-connaitre-le-montant-du-credit-disponible-sur-mon-compte\/\">votre compte extranet Viv\u00e9a<\/a>.<br><br><em>Toutes les formations sont prises en charge par viv\u00e9a au m\u00eame titre que les chef\u00b7fes d&rsquo;exploitation<\/em><br><br><strong>CPF<\/strong><br>Peut-\u00eatre avez-vous cotis\u00e9 sur votre <strong>CPF<\/strong> (Compte Personnel de Formation) ? V\u00e9rifiez directement <a href=\"https:\/\/www.moncompteformation.gouv.fr\/espace-prive\/html\/#\/\">en ligne ici<\/a>.<\/p><\/div><\/div><div class=\"wp-block-uagb-faq-child uagb-faq-child__outer-wrap uagb-faq-item uagb-block-3bcba5f9 \" role=\"tab\" tabindex=\"0\"><div class=\"uagb-faq-questions-button uagb-faq-questions\">\t\t\t<span class=\"uagb-icon uagb-faq-icon-wrap\">\n\t\t\t\t\t\t\t\t<svg xmlns=\"https:\/\/www.w3.org\/2000\/svg\" viewBox= \"0 0 448 512\"><path d=\"M432 256c0 17.69-14.33 32.01-32 32.01H256v144c0 17.69-14.33 31.99-32 31.99s-32-14.3-32-31.99v-144H48c-17.67 0-32-14.32-32-32.01s14.33-31.99 32-31.99H192v-144c0-17.69 14.33-32.01 32-32.01s32 14.32 32 32.01v144h144C417.7 224 432 238.3 432 256z\"><\/path><\/svg>\n\t\t\t\t\t\t\t<\/span>\n\t\t\t\t\t\t<span class=\"uagb-icon-active uagb-faq-icon-wrap\">\n\t\t\t\t\t\t\t\t<svg xmlns=\"https:\/\/www.w3.org\/2000\/svg\" viewBox= \"0 0 448 512\"><path d=\"M400 288h-352c-17.69 0-32-14.32-32-32.01s14.31-31.99 32-31.99h352c17.69 0 32 14.3 32 31.99S417.7 288 400 288z\"><\/path><\/svg>\n\t\t\t\t\t\t\t<\/span>\n\t\t\t<span class=\"uagb-question\"><strong>Je suis salari\u00e9\u00b7e agricole<\/strong><\/span><\/div><div class=\"uagb-faq-content\"><p>Votre employeur\u00b7euse cotise tr\u00e8s certainement au fonds de formation professionnel OCAPIAT. Contactez-nous et transmettez nous les coordonn\u00e9es de votre employeur\u00b7euse apr\u00e8s lui avoir parl\u00e9 de la formation qui vous int\u00e9resse !<\/p><\/div><\/div><div class=\"wp-block-uagb-faq-child uagb-faq-child__outer-wrap uagb-faq-item uagb-block-1e395b1d \" role=\"tab\" tabindex=\"0\"><div class=\"uagb-faq-questions-button uagb-faq-questions\">\t\t\t<span class=\"uagb-icon uagb-faq-icon-wrap\">\n\t\t\t\t\t\t\t\t<svg xmlns=\"https:\/\/www.w3.org\/2000\/svg\" viewBox= \"0 0 448 512\"><path d=\"M432 256c0 17.69-14.33 32.01-32 32.01H256v144c0 17.69-14.33 31.99-32 31.99s-32-14.3-32-31.99v-144H48c-17.67 0-32-14.32-32-32.01s14.33-31.99 32-31.99H192v-144c0-17.69 14.33-32.01 32-32.01s32 14.32 32 32.01v144h144C417.7 224 432 238.3 432 256z\"><\/path><\/svg>\n\t\t\t\t\t\t\t<\/span>\n\t\t\t\t\t\t<span class=\"uagb-icon-active uagb-faq-icon-wrap\">\n\t\t\t\t\t\t\t\t<svg xmlns=\"https:\/\/www.w3.org\/2000\/svg\" viewBox= \"0 0 448 512\"><path d=\"M400 288h-352c-17.69 0-32-14.32-32-32.01s14.31-31.99 32-31.99h352c17.69 0 32 14.3 32 31.99S417.7 288 400 288z\"><\/path><\/svg>\n\t\t\t\t\t\t\t<\/span>\n\t\t\t<span class=\"uagb-question\"><strong>Je suis porteur\u00b7euse de projet (dit \u00ab\u00a0en cours d&rsquo;installation\u00a0\u00bb)<\/strong><\/span><\/div><div class=\"uagb-faq-content\"><p><em><strong>Si je suis cotisant\u00b7e solidaire, voir l&rsquo;onglet \u00ab\u00a0Je suis cotisant\u00b7e solidaire\u00a0\u00bb<\/strong><\/em><br><br><strong>France Travail<\/strong><br>Si vous \u00eates suivis dans le cadre d&rsquo;une cr\u00e9ation d&rsquo;activit\u00e9, certaines conditions sont \u00e0 remplir. Rapprochez-vous de votre conseiller\u00b7e France Travail pour conna\u00eetre vos droits \u00e0 la formation.<br><br><strong>VIVEA<\/strong><br>La plupart des formations peuvent \u00eatre prises en charge par VIVEA, elles doivent apparaitre sur votre <a href=\"https:\/\/mesdemarches.agriculture.gouv.fr\/demarches\/exploitation-agricole\/creer-ou-ceder-une-exploitation\/article\/preparer-son-installation-en-562\" target=\"_blank\" rel=\"noreferrer noopener\">PPP<\/a> (Plan de Professionnalisation Personnalis\u00e9), avant de vous rapprocher de la responsable de la formation : <a href=\"https:\/\/adearlimousin.com\/index.php\/2025\/01\/22\/porteur-euse-de-projet-vivea\/\">lire l&rsquo;article sur les conditions de prises en charge par VIVEA.<\/a><br><br><strong>Documents n\u00e9cessaires, 1\u00e8re ann\u00e9e de PPP<\/strong><br>Tous ces documents doivent nous \u00eatre transmis <strong>avant la formation<\/strong>, ils sont d\u00e9livr\u00e9s par le Conseiller PPP lors\/apr\u00e8s le 2nd rendez-vous PPP en PAIT :<br>1 &#8211; <em>Attestation des conditions d\u2019\u00e9ligibilit\u00e9 au financement de VIVEA pour les cr\u00e9ateurs ou repreneurs d\u2019exploitation agricole<\/em> d\u00e9livr\u00e9 par le\u00a0 CEPPP sign\u00e9 et tamponn\u00e9 par le CEPPP<br>2 &#8211; Formulaire <em>Engagement du cr\u00e9ateur ou repreneur d\u2019exploitation agricole<\/em><br>3 &#8211; La <strong>copie<\/strong> du <em>PPP sign\u00e9<\/em> des 2 conseillers et du cr\u00e9ateur ou repreneur d\u2019exploitation agricole<br>4 &#8211; La <strong>copie d\u2019\u00e9cran<\/strong> du <em>CPF<\/em> (Compte Personnel de Formation) nominatif du.de la porteur.euse de projet avec le d\u00e9tail de l\u2019historique du plan de financement des formations des 12 derniers mois.<br><br><strong>Documents n\u00e9cessaires, 2\u00e8me et 3\u00e8me ann\u00e9e de PPP<\/strong><br>1 &#8211; Attestation de renouvellement des conditions d\u2019\u00e9ligibilit\u00e9 au financement de VIVEA pour les cr\u00e9ateurs et repreneurs d\u2019exploitation agricole d\u00e9livr\u00e9e par votre CEPP, sign\u00e9e, tamponn\u00e9e et dat\u00e9e de l\u2019ann\u00e9e en cours<\/p><\/div><\/div><\/div>\n\n\n<hr class=\"wp-block-separator has-alpha-channel-opacity is-style-dots\"\/>\n\n\n\n<h2 class=\"wp-block-heading\"><strong>Pour vous inscrire :<\/strong><\/h2>\n\n\n\n<p>1 . <strong>Remplissez le bulletin<\/strong> de demande d&rsquo;inscription que vous pouvez <a href=\"https:\/\/adearlimousin.com\/wp-content\/uploads\/2024\/08\/Bulletin_inscription_formation.pdf\">t\u00e9l\u00e9charger<\/a>.<br>2 . <strong>Retournez le bulletin renseign\u00e9<\/strong>, par email ou par la poste, aux coordonn\u00e9es pr\u00e9sentes dans le bulletin.<br>3. L&rsquo;animatrice responsable de la formation prendra contact avec vous.<\/p>\n\n\n\n<p class=\"has-text-align-center\"><strong>Un nombre minimum de stagiaire est n\u00e9cessaire pour ouvrir une formation, nous vous invitons donc \u00e0 vous inscrire le plus t\u00f4t possible.<\/strong><\/p>\n\n\n\n<p>L&rsquo;inscription d\u00e9finitive sera effective \u00e0 r\u00e9ception du ch\u00e8que de caution.<\/p>\n\n\n\n<p>L&rsquo;ADEAR Limousin se r\u00e9serve la possibilit\u00e9 d&rsquo;annuler une formation au cas o\u00f9 le nombre d&rsquo;inscrit\u00b7es serait insuffisant ou si les organismes financeurs de formations ne donnaient pas leur accord concernant le financement pr\u00e9vu.<\/p>\n\n\n\n<p>Vous recevrez une convocation en formation par email, une semaine avant le d\u00e9but de la formation<\/p>\n\n\n\n<p>A l&rsquo;issue de la formation, vous recevrez une attestation de fin de formation<\/p>\n\n\n\n<hr class=\"wp-block-separator has-alpha-channel-opacity is-style-dots\"\/>\n\n\n\n<h2 class=\"wp-block-heading\"><strong>Conditions G\u00e9n\u00e9rales de Service <\/strong><\/h2>\n\n\n\n<p>Retrouvez nos <strong>Conditions G\u00e9n\u00e9rales<\/strong> de <strong>Service <\/strong><a href=\"https:\/\/adearlimousin.com\/wp-content\/uploads\/2025\/12\/CGS_ARDEAR-NA.pdf\">dans ce document<\/a><a href=\"https:\/\/adearlimousin.com\/wp-content\/uploads\/2024\/08\/CGS-ADEAR-Limousin.pdf\">.<\/a><br>Nous sommes \u00e0 votre \u00e9coute pour toute question.<\/p>\n\n\n<div class=\"wp-block-image\">\n<figure class=\"aligncenter size-large is-resized\"><img loading=\"lazy\" decoding=\"async\" width=\"1024\" height=\"614\" src=\"https:\/\/adearlimousin.com\/wp-content\/uploads\/2025\/05\/20250219_VIVEA_logo_BM_RVB_SRGB_Vert-1024x614.png\" alt=\"\" class=\"wp-image-8219\" style=\"width:240px;height:auto\" srcset=\"https:\/\/adearlimousin.com\/wp-content\/uploads\/2025\/05\/20250219_VIVEA_logo_BM_RVB_SRGB_Vert-1024x614.png 1024w, https:\/\/adearlimousin.com\/wp-content\/uploads\/2025\/05\/20250219_VIVEA_logo_BM_RVB_SRGB_Vert-300x180.png 300w, https:\/\/adearlimousin.com\/wp-content\/uploads\/2025\/05\/20250219_VIVEA_logo_BM_RVB_SRGB_Vert-768x461.png 768w, https:\/\/adearlimousin.com\/wp-content\/uploads\/2025\/05\/20250219_VIVEA_logo_BM_RVB_SRGB_Vert-1536x922.png 1536w, https:\/\/adearlimousin.com\/wp-content\/uploads\/2025\/05\/20250219_VIVEA_logo_BM_RVB_SRGB_Vert-2048x1229.png 2048w, https:\/\/adearlimousin.com\/wp-content\/uploads\/2025\/05\/20250219_VIVEA_logo_BM_RVB_SRGB_Vert-633x380.png 633w\" sizes=\"auto, (max-width: 1024px) 100vw, 1024px\" \/><\/figure>\n<\/div>","protected":false},"excerpt":{"rendered":"<p>Modalit\u00e9s de financement A partir de janvier 2022, les formations sont trait\u00e9es administrativement par l&rsquo;ARDEAR Nouvelle-Aquitaine, cela ne change en rien votre prise en charge. Pensez \u00e0 l&rsquo;indiquer \u00e0 votre &hellip; <a href=\"https:\/\/adearlimousin.com\/index.php\/financer-sa-formation-2\/\" class=\"more-link\">Lire la suite <span class=\"screen-reader-text\">Financer ses formations<\/span><\/a><\/p>\n","protected":false},"author":1,"featured_media":0,"parent":0,"menu_order":0,"comment_status":"closed","ping_status":"closed","template":"","meta":{"_uag_custom_page_level_css":"","_EventAllDay":false,"_EventTimezone":"","_EventStartDate":"","_EventEndDate":"","_EventStartDateUTC":"","_EventEndDateUTC":"","_EventShowMap":false,"_EventShowMapLink":false,"_EventURL":"","_EventCost":"","_EventCostDescription":"","_EventCurrencySymbol":"","_EventCurrencyCode":"","_EventCurrencyPosition":"","_EventDateTimeSeparator":"","_EventTimeRangeSeparator":"","_EventOrganizerID":[],"_EventVenueID":[],"_OrganizerEmail":"","_OrganizerPhone":"","_OrganizerWebsite":"","_VenueAddress":"","_VenueCity":"","_VenueCountry":"","_VenueProvince":"","_VenueState":"","_VenueZip":"","_VenuePhone":"","_VenueURL":"","_VenueStateProvince":"","_VenueLat":"","_VenueLng":"","_VenueShowMap":false,"_VenueShowMapLink":false,"footnotes":""},"class_list":["post-7655","page","type-page","status-publish","hentry","without-featured-image"],"yoast_head":"<!-- This site is optimized with the Yoast SEO plugin v27.1.1 - https:\/\/yoast.com\/product\/yoast-seo-wordpress\/ -->\n<title>Financer ses formations - ADEAR Limousin<\/title>\n<meta name=\"description\" content=\"Tout conna\u00eetre sur les \u00e9tapes de l&#039;inscription, sur les modalit\u00e9s de financements pour les formations que vous souhaitez suivre\" \/>\n<meta name=\"robots\" content=\"index, follow, max-snippet:-1, max-image-preview:large, max-video-preview:-1\" \/>\n<link rel=\"canonical\" href=\"https:\/\/adearlimousin.com\/index.php\/financer-sa-formation-2\/\" \/>\n<meta property=\"og:locale\" content=\"fr_FR\" \/>\n<meta property=\"og:type\" content=\"article\" \/>\n<meta property=\"og:title\" content=\"Financer ses formations - ADEAR Limousin\" \/>\n<meta property=\"og:description\" content=\"Tout conna\u00eetre sur les \u00e9tapes de l&#039;inscription, sur les modalit\u00e9s de financements pour les formations que vous souhaitez suivre\" \/>\n<meta property=\"og:url\" content=\"https:\/\/adearlimousin.com\/index.php\/financer-sa-formation-2\/\" \/>\n<meta property=\"og:site_name\" content=\"ADEAR Limousin\" \/>\n<meta property=\"article:publisher\" content=\"https:\/\/www.facebook.com\/adearlimousin\" \/>\n<meta property=\"article:modified_time\" content=\"2026-01-27T15:27:31+00:00\" \/>\n<meta property=\"og:image\" content=\"https:\/\/adearlimousin.com\/wp-content\/uploads\/2025\/05\/20250219_VIVEA_logo_BM_RVB_SRGB_Vert.png\" \/>\n\t<meta property=\"og:image:width\" content=\"2400\" \/>\n\t<meta property=\"og:image:height\" content=\"1440\" \/>\n\t<meta property=\"og:image:type\" content=\"image\/png\" \/>\n<meta name=\"twitter:card\" content=\"summary_large_image\" \/>\n<meta name=\"twitter:label1\" content=\"Dur\u00e9e de lecture estim\u00e9e\" \/>\n\t<meta name=\"twitter:data1\" content=\"2 minutes\" \/>\n<script type=\"application\/ld+json\" class=\"yoast-schema-graph\">{\"@context\":\"https:\/\/schema.org\",\"@graph\":[{\"@type\":\"WebPage\",\"@id\":\"https:\/\/adearlimousin.com\/index.php\/financer-sa-formation-2\/\",\"url\":\"https:\/\/adearlimousin.com\/index.php\/financer-sa-formation-2\/\",\"name\":\"Financer ses formations - ADEAR Limousin\",\"isPartOf\":{\"@id\":\"https:\/\/adearlimousin.com\/#website\"},\"primaryImageOfPage\":{\"@id\":\"https:\/\/adearlimousin.com\/index.php\/financer-sa-formation-2\/#primaryimage\"},\"image\":{\"@id\":\"https:\/\/adearlimousin.com\/index.php\/financer-sa-formation-2\/#primaryimage\"},\"thumbnailUrl\":\"https:\/\/adearlimousin.com\/wp-content\/uploads\/2025\/05\/20250219_VIVEA_logo_BM_RVB_SRGB_Vert-1024x614.png\",\"datePublished\":\"2024-08-28T15:39:21+00:00\",\"dateModified\":\"2026-01-27T15:27:31+00:00\",\"description\":\"Tout conna\u00eetre sur les \u00e9tapes de l'inscription, sur les modalit\u00e9s de financements pour les formations que vous souhaitez suivre\",\"breadcrumb\":{\"@id\":\"https:\/\/adearlimousin.com\/index.php\/financer-sa-formation-2\/#breadcrumb\"},\"inLanguage\":\"fr-FR\",\"potentialAction\":[{\"@type\":\"ReadAction\",\"target\":[\"https:\/\/adearlimousin.com\/index.php\/financer-sa-formation-2\/\"]}]},{\"@type\":\"ImageObject\",\"inLanguage\":\"fr-FR\",\"@id\":\"https:\/\/adearlimousin.com\/index.php\/financer-sa-formation-2\/#primaryimage\",\"url\":\"https:\/\/adearlimousin.com\/wp-content\/uploads\/2025\/05\/20250219_VIVEA_logo_BM_RVB_SRGB_Vert.png\",\"contentUrl\":\"https:\/\/adearlimousin.com\/wp-content\/uploads\/2025\/05\/20250219_VIVEA_logo_BM_RVB_SRGB_Vert.png\",\"width\":2400,\"height\":1440},{\"@type\":\"BreadcrumbList\",\"@id\":\"https:\/\/adearlimousin.com\/index.php\/financer-sa-formation-2\/#breadcrumb\",\"itemListElement\":[{\"@type\":\"ListItem\",\"position\":1,\"name\":\"Accueil\",\"item\":\"https:\/\/adearlimousin.com\/\"},{\"@type\":\"ListItem\",\"position\":2,\"name\":\"Financer ses formations\"}]},{\"@type\":\"WebSite\",\"@id\":\"https:\/\/adearlimousin.com\/#website\",\"url\":\"https:\/\/adearlimousin.com\/\",\"name\":\"ADEAR Limousin\",\"description\":\"\u00catre paysan\u00b7ne en Limousin\",\"publisher\":{\"@id\":\"https:\/\/adearlimousin.com\/#organization\"},\"potentialAction\":[{\"@type\":\"SearchAction\",\"target\":{\"@type\":\"EntryPoint\",\"urlTemplate\":\"https:\/\/adearlimousin.com\/?s={search_term_string}\"},\"query-input\":{\"@type\":\"PropertyValueSpecification\",\"valueRequired\":true,\"valueName\":\"search_term_string\"}}],\"inLanguage\":\"fr-FR\"},{\"@type\":\"Organization\",\"@id\":\"https:\/\/adearlimousin.com\/#organization\",\"name\":\"Adear Limousin\",\"url\":\"https:\/\/adearlimousin.com\/\",\"logo\":{\"@type\":\"ImageObject\",\"inLanguage\":\"fr-FR\",\"@id\":\"https:\/\/adearlimousin.com\/#\/schema\/logo\/image\/\",\"url\":\"https:\/\/adearlimousin.com\/wp-content\/uploads\/2017\/04\/ADEARLimousin-RAP_V14cm.jpg\",\"contentUrl\":\"https:\/\/adearlimousin.com\/wp-content\/uploads\/2017\/04\/ADEARLimousin-RAP_V14cm.jpg\",\"width\":142,\"height\":118,\"caption\":\"Adear Limousin\"},\"image\":{\"@id\":\"https:\/\/adearlimousin.com\/#\/schema\/logo\/image\/\"},\"sameAs\":[\"https:\/\/www.facebook.com\/adearlimousin\"]}]}<\/script>\n<!-- \/ Yoast SEO plugin. -->","yoast_head_json":{"title":"Financer ses formations - ADEAR Limousin","description":"Tout conna\u00eetre sur les \u00e9tapes de l'inscription, sur les modalit\u00e9s de financements pour les formations que vous souhaitez suivre","robots":{"index":"index","follow":"follow","max-snippet":"max-snippet:-1","max-image-preview":"max-image-preview:large","max-video-preview":"max-video-preview:-1"},"canonical":"https:\/\/adearlimousin.com\/index.php\/financer-sa-formation-2\/","og_locale":"fr_FR","og_type":"article","og_title":"Financer ses formations - ADEAR Limousin","og_description":"Tout conna\u00eetre sur les \u00e9tapes de l'inscription, sur les modalit\u00e9s de financements pour les formations que vous souhaitez suivre","og_url":"https:\/\/adearlimousin.com\/index.php\/financer-sa-formation-2\/","og_site_name":"ADEAR Limousin","article_publisher":"https:\/\/www.facebook.com\/adearlimousin","article_modified_time":"2026-01-27T15:27:31+00:00","og_image":[{"width":2400,"height":1440,"url":"https:\/\/adearlimousin.com\/wp-content\/uploads\/2025\/05\/20250219_VIVEA_logo_BM_RVB_SRGB_Vert.png","type":"image\/png"}],"twitter_card":"summary_large_image","twitter_misc":{"Dur\u00e9e de lecture estim\u00e9e":"2 minutes"},"schema":{"@context":"https:\/\/schema.org","@graph":[{"@type":"WebPage","@id":"https:\/\/adearlimousin.com\/index.php\/financer-sa-formation-2\/","url":"https:\/\/adearlimousin.com\/index.php\/financer-sa-formation-2\/","name":"Financer ses formations - ADEAR Limousin","isPartOf":{"@id":"https:\/\/adearlimousin.com\/#website"},"primaryImageOfPage":{"@id":"https:\/\/adearlimousin.com\/index.php\/financer-sa-formation-2\/#primaryimage"},"image":{"@id":"https:\/\/adearlimousin.com\/index.php\/financer-sa-formation-2\/#primaryimage"},"thumbnailUrl":"https:\/\/adearlimousin.com\/wp-content\/uploads\/2025\/05\/20250219_VIVEA_logo_BM_RVB_SRGB_Vert-1024x614.png","datePublished":"2024-08-28T15:39:21+00:00","dateModified":"2026-01-27T15:27:31+00:00","description":"Tout conna\u00eetre sur les \u00e9tapes de l'inscription, sur les modalit\u00e9s de financements pour les formations que vous souhaitez suivre","breadcrumb":{"@id":"https:\/\/adearlimousin.com\/index.php\/financer-sa-formation-2\/#breadcrumb"},"inLanguage":"fr-FR","potentialAction":[{"@type":"ReadAction","target":["https:\/\/adearlimousin.com\/index.php\/financer-sa-formation-2\/"]}]},{"@type":"ImageObject","inLanguage":"fr-FR","@id":"https:\/\/adearlimousin.com\/index.php\/financer-sa-formation-2\/#primaryimage","url":"https:\/\/adearlimousin.com\/wp-content\/uploads\/2025\/05\/20250219_VIVEA_logo_BM_RVB_SRGB_Vert.png","contentUrl":"https:\/\/adearlimousin.com\/wp-content\/uploads\/2025\/05\/20250219_VIVEA_logo_BM_RVB_SRGB_Vert.png","width":2400,"height":1440},{"@type":"BreadcrumbList","@id":"https:\/\/adearlimousin.com\/index.php\/financer-sa-formation-2\/#breadcrumb","itemListElement":[{"@type":"ListItem","position":1,"name":"Accueil","item":"https:\/\/adearlimousin.com\/"},{"@type":"ListItem","position":2,"name":"Financer ses formations"}]},{"@type":"WebSite","@id":"https:\/\/adearlimousin.com\/#website","url":"https:\/\/adearlimousin.com\/","name":"ADEAR Limousin","description":"\u00catre paysan\u00b7ne en Limousin","publisher":{"@id":"https:\/\/adearlimousin.com\/#organization"},"potentialAction":[{"@type":"SearchAction","target":{"@type":"EntryPoint","urlTemplate":"https:\/\/adearlimousin.com\/?s={search_term_string}"},"query-input":{"@type":"PropertyValueSpecification","valueRequired":true,"valueName":"search_term_string"}}],"inLanguage":"fr-FR"},{"@type":"Organization","@id":"https:\/\/adearlimousin.com\/#organization","name":"Adear Limousin","url":"https:\/\/adearlimousin.com\/","logo":{"@type":"ImageObject","inLanguage":"fr-FR","@id":"https:\/\/adearlimousin.com\/#\/schema\/logo\/image\/","url":"https:\/\/adearlimousin.com\/wp-content\/uploads\/2017\/04\/ADEARLimousin-RAP_V14cm.jpg","contentUrl":"https:\/\/adearlimousin.com\/wp-content\/uploads\/2017\/04\/ADEARLimousin-RAP_V14cm.jpg","width":142,"height":118,"caption":"Adear Limousin"},"image":{"@id":"https:\/\/adearlimousin.com\/#\/schema\/logo\/image\/"},"sameAs":["https:\/\/www.facebook.com\/adearlimousin"]}]}},"uagb_featured_image_src":{"full":false,"thumbnail":false,"medium":false,"medium_large":false,"large":false,"1536x1536":false,"2048x2048":false,"post-thumbnail":false,"sela-hero-thumbnail":false,"sela-page-thumbnail":false,"sela-grid-thumbnail":false,"sela-testimonial-thumbnail":false,"sela-logo":false},"uagb_author_info":{"display_name":"Adearlim","author_link":"https:\/\/adearlimousin.com\/index.php\/author\/admin3869\/"},"uagb_comment_info":0,"uagb_excerpt":"Modalit\u00e9s de financement A partir de janvier 2022, les formations sont trait\u00e9es administrativement par l&rsquo;ARDEAR Nouvelle-Aquitaine, cela ne change en rien votre prise en charge. Pensez \u00e0 l&rsquo;indiquer \u00e0 votre &hellip; Lire la suite Financer ses formations","jetpack_sharing_enabled":true,"jetpack_shortlink":"https:\/\/wp.me\/P8DPFj-1Zt","jetpack_likes_enabled":false,"_links":{"self":[{"href":"https:\/\/adearlimousin.com\/index.php\/wp-json\/wp\/v2\/pages\/7655","targetHints":{"allow":["GET"]}}],"collection":[{"href":"https:\/\/adearlimousin.com\/index.php\/wp-json\/wp\/v2\/pages"}],"about":[{"href":"https:\/\/adearlimousin.com\/index.php\/wp-json\/wp\/v2\/types\/page"}],"author":[{"embeddable":true,"href":"https:\/\/adearlimousin.com\/index.php\/wp-json\/wp\/v2\/users\/1"}],"replies":[{"embeddable":true,"href":"https:\/\/adearlimousin.com\/index.php\/wp-json\/wp\/v2\/comments?post=7655"}],"version-history":[{"count":17,"href":"https:\/\/adearlimousin.com\/index.php\/wp-json\/wp\/v2\/pages\/7655\/revisions"}],"predecessor-version":[{"id":8596,"href":"https:\/\/adearlimousin.com\/index.php\/wp-json\/wp\/v2\/pages\/7655\/revisions\/8596"}],"wp:attachment":[{"href":"https:\/\/adearlimousin.com\/index.php\/wp-json\/wp\/v2\/media?parent=7655"}],"curies":[{"name":"wp","href":"https:\/\/api.w.org\/{rel}","templated":true}]}}