{"id":8719,"date":"2026-04-15T18:12:21","date_gmt":"2026-04-15T16:12:21","guid":{"rendered":"https:\/\/adearlimousin.com\/?page_id=8719"},"modified":"2026-04-15T18:12:22","modified_gmt":"2026-04-15T16:12:22","slug":"questions-de-genre-en-agriculture","status":"publish","type":"page","link":"https:\/\/adearlimousin.com\/index.php\/questions-de-genre-en-agriculture\/","title":{"rendered":"Questions de genre en agriculture"},"content":{"rendered":"\n<p>Convaincue de la place essentielle des femmes dans la lutte contre les changements climatiques, l\u2019ADEAR Limousin d\u00e9veloppe depuis 2023 ses actions pour former, accompagner, soutenir les paysannes dans leurs pratiques agricoles respectueuses de l\u2019environnement, former les futures agriculteur\u00b7ice\u00b7s aux questions de genre en agriculture et sensibiliser le grand public au r\u00f4le des paysannes dans la transition \u00e9cologique. <\/p>\n\n\n\n<div class=\"wp-block-uagb-container uagb-block-9f7ef321 alignfull uagb-is-root-container\"><div class=\"uagb-container-inner-blocks-wrap\">\n<div class=\"wp-block-uagb-container uagb-block-f3be578f\">\n<div class=\"wp-block-uagb-advanced-heading uagb-block-9dc41350\"><h2 class=\"uagb-heading-text\">Formations techniques<\/h2><\/div>\n\n\n\n<p class=\"has-text-align-center\">Pour soutenir les paysan\u00b7ne\u00b7s dans leur autonomie sur les fermes, nous proposons des formations techniques en non-mixit\u00e9 de genre, pour apprendre dans un cadre s\u00e9curisant.<\/p>\n<\/div>\n\n\n\n<div class=\"wp-block-uagb-container uagb-block-4e28a540\">\n<figure class=\"wp-block-image size-large\"><img loading=\"lazy\" decoding=\"async\" width=\"1024\" height=\"768\" src=\"https:\/\/adearlimousin.com\/wp-content\/uploads\/2026\/04\/IMG_1311-1024x768.jpg\" alt=\"\" class=\"wp-image-8721\" srcset=\"https:\/\/adearlimousin.com\/wp-content\/uploads\/2026\/04\/IMG_1311-1024x768.jpg 1024w, https:\/\/adearlimousin.com\/wp-content\/uploads\/2026\/04\/IMG_1311-300x225.jpg 300w, https:\/\/adearlimousin.com\/wp-content\/uploads\/2026\/04\/IMG_1311-768x576.jpg 768w, https:\/\/adearlimousin.com\/wp-content\/uploads\/2026\/04\/IMG_1311-1536x1152.jpg 1536w, https:\/\/adearlimousin.com\/wp-content\/uploads\/2026\/04\/IMG_1311-2048x1536.jpg 2048w, https:\/\/adearlimousin.com\/wp-content\/uploads\/2026\/04\/IMG_1311-507x380.jpg 507w\" sizes=\"auto, (max-width: 1024px) 100vw, 1024px\" \/><\/figure>\n<\/div>\n<\/div><\/div>\n\n\n\n<div class=\"wp-block-uagb-container uagb-block-74cf1170 alignfull uagb-is-root-container\"><div class=\"uagb-container-inner-blocks-wrap\">\n<div class=\"wp-block-uagb-container uagb-block-1009e96b\">\n<div class=\"wp-block-uagb-image uagb-block-68273a4d wp-block-uagb-image--layout-default wp-block-uagb-image--effect-static wp-block-uagb-image--align-none\"><figure class=\"wp-block-uagb-image__figure\"><img decoding=\"async\" srcset=\"https:\/\/adearlimousin.com\/wp-content\/uploads\/2026\/04\/WhatsApp-Image-2024-07-24-at-10.20.303-1024x768.jpeg ,https:\/\/adearlimousin.com\/wp-content\/uploads\/2026\/04\/WhatsApp-Image-2024-07-24-at-10.20.303.jpeg 780w, https:\/\/adearlimousin.com\/wp-content\/uploads\/2026\/04\/WhatsApp-Image-2024-07-24-at-10.20.303.jpeg 360w\" sizes=\"auto, (max-width: 480px) 150px\" src=\"https:\/\/adearlimousin.com\/wp-content\/uploads\/2026\/04\/WhatsApp-Image-2024-07-24-at-10.20.303-1024x768.jpeg\" alt=\"\" class=\"uag-image-8723\" width=\"568\" height=\"426\" title=\"WhatsApp Image 2024-07-24 at 10.20.30(3)\" loading=\"lazy\" role=\"img\"\/><\/figure><\/div>\n<\/div>\n\n\n\n<div class=\"wp-block-uagb-container uagb-block-501e31e7\">\n<div class=\"wp-block-uagb-advanced-heading uagb-block-4d246287\"><h2 class=\"uagb-heading-text\">Formation genre et VHSS<\/h2><\/div>\n\n\n\n<p class=\"has-text-align-center\">Pour former les (futur\u00b7e\u00b7s) paysan\u00b7ne\u00b7s aux questions de genre en agriculture et aux VHSS, l&rsquo;ADEAR Limousin propose un module de formation sur cette th\u00e9matique aux stagiaires en formation longue EAP, ainsi qu&rsquo;aux membres du r\u00e9seau qui le demande.<\/p>\n<\/div>\n<\/div><\/div>\n\n\n\n<p><\/p>\n\n\n\n<h2 class=\"wp-block-heading has-text-align-center\">Sensibilisation<\/h2>\n\n\n\n<div class=\"wp-block-uagb-container uagb-block-e84f19d8 alignfull uagb-is-root-container\"><div class=\"uagb-container-inner-blocks-wrap\">\n<div class=\"wp-block-uagb-container uagb-block-3f2418cb\">\n<div class=\"wp-block-uagb-advanced-heading uagb-block-04666419\"><h2 class=\"uagb-heading-text\">Public agricole<\/h2><\/div>\n\n\n\n<p>En partenariat avec les associations locales du Planning Familial, l&rsquo;ADEAR d\u00e9veloppe des modules de sensibilisation aux questions de genre en agriculture aupr\u00e8s des publics en formation agricole (lyc\u00e9e agricole, BPREA&#8230;)<\/p>\n<\/div>\n\n\n\n<div class=\"wp-block-uagb-container uagb-block-b27c0be9\">\n<div class=\"wp-block-uagb-advanced-heading uagb-block-1c6199ab\"><h2 class=\"uagb-heading-text\">Grand public<\/h2><\/div>\n\n\n\n<p>En lien avec d&rsquo;autres associations locales, l&rsquo;ADEAR Limousin organise des moments de rencontre grand public autour de productions documentaires audiovisuelles au sujet des paysannes et de leur place dans la transition agricole.<\/p>\n<\/div>\n<\/div><\/div>\n\n\n\n<p><\/p>\n\n\n\n<div class=\"wp-block-uagb-separator uagb-block-e78376c5\"><div class=\"wp-block-uagb-separator__inner\" style=\"--my-background-image:\"><\/div><\/div>\n\n\n\n<p><\/p>\n\n\n\n<h2 class=\"wp-block-heading has-text-align-center\">Ressources<\/h2>\n\n\n\n<div class=\"wp-block-uagb-slider uagb-block-534d32a5 uagb-slider-container\"><div class=\"uagb-slides uagb-swiper\"><div class=\"swiper-wrapper\">\n<div class=\"wp-block-uagb-slider-child uagb-slider-child-wrap swiper-slide uagb-block-2a588d14\"><div class=\"swiper-content\">\n<div class=\"wp-block-uagb-container uagb-block-3598ce38 alignfull uagb-is-root-container\"><div class=\"uagb-container-inner-blocks-wrap\">\n<div class=\"wp-block-uagb-info-box uagb-block-8e05723b uagb-infobox__content-wrap  uagb-infobox-icon-above-title uagb-infobox-image-valign-top\"><div class=\"uagb-ifb-content\"><div class=\"uagb-ifb-title-wrap\"><h3 class=\"uagb-ifb-title\">Kit FADEAR de pr\u00e9vention des violences sexistes et sexuelles<\/h3><\/div><p class=\"uagb-ifb-desc\">Un guide co-construit et co-r\u00e9dig\u00e9 entre la FADEAR et la Conf\u00e9d\u00e9ration Paysanne.<\/p><div class=\"uagb-ifb-button-wrapper wp-block-button\"><a href=\"https:\/\/www.agriculturepaysanne.org\/IMG\/pdf\/guide_vss-2.pdf\" class=\"uagb-infobox-cta-link wp-block-button__link\" target=\"_self\" rel=\"noopener noreferrer\" ><span class=\"uagb-inline-editing\">Disponible ici<\/span><\/a><\/div><\/div><\/div>\n<\/div><\/div>\n<\/div><\/div>\n\n\n\n<div class=\"wp-block-uagb-slider-child uagb-slider-child-wrap swiper-slide uagb-block-73968b2a\"><div class=\"swiper-content\">\n<div class=\"wp-block-uagb-container uagb-block-16c946c6 alignfull uagb-is-root-container\"><div class=\"uagb-container-inner-blocks-wrap\">\n<div class=\"wp-block-uagb-info-box uagb-block-223d7fa2 uagb-infobox__content-wrap  uagb-infobox-icon-above-title uagb-infobox-image-valign-top\"><div class=\"uagb-ifb-content\"><div class=\"uagb-ifb-title-wrap\"><h3 class=\"uagb-ifb-title\">R\u00e9seau CIVAM : femmes et milieu rural<\/h3><\/div><p class=\"uagb-ifb-desc\">Explorer et r\u00e9fl\u00e9chir de mani\u00e8re collective aux r\u00f4les et \u00e0 la place des femmes en milieu rural\u2026Questionner nos repr\u00e9sentations, partager des initiatives, faire bouger les lignes : une approche \u00ab d\u00e9genr\u00e9e \u00bb des questions tr\u00e8s diverses trait\u00e9es par le r\u00e9seau des CIVAM.<\/p><div class=\"uagb-ifb-button-wrapper wp-block-button\"><a href=\"https:\/\/www.civam.org\/femmes-et-milieu-rural\/\" class=\"uagb-infobox-cta-link wp-block-button__link\" target=\"_self\" rel=\"noopener noreferrer\" ><span class=\"uagb-inline-editing\">Plus d&rsquo;infos ici<\/span><\/a><\/div><\/div><\/div>\n<\/div><\/div>\n<\/div><\/div>\n\n\n\n<div class=\"wp-block-uagb-slider-child uagb-slider-child-wrap swiper-slide uagb-block-18d2518e\"><div class=\"swiper-content\">\n<div class=\"wp-block-uagb-container uagb-block-dffc3abc alignfull uagb-is-root-container\"><div class=\"uagb-container-inner-blocks-wrap\">\n<div class=\"wp-block-uagb-info-box uagb-block-84d16a58 uagb-infobox__content-wrap  uagb-infobox-icon-above-title uagb-infobox-image-valign-top\"><div class=\"uagb-ifb-content\"><div class=\"uagb-ifb-title-wrap\"><h3 class=\"uagb-ifb-title\">Paysannes en lutte<\/h3><\/div><p class=\"uagb-ifb-desc\">Un podcast Arte Radio en 2 \u00e9pisodes<\/p><div class=\"uagb-ifb-button-wrapper wp-block-button\"><a href=\"https:\/\/www.arteradio.com\/son\/paysannes_en_lutte_1_2\" class=\"uagb-infobox-cta-link wp-block-button__link\" target=\"_self\" rel=\"noopener noreferrer\" ><span class=\"uagb-inline-editing\">Disponible ici<\/span><\/a><\/div><\/div><\/div>\n<\/div><\/div>\n<\/div><\/div>\n<\/div><\/div><div class=\"swiper-pagination\"><\/div><div class=\"swiper-button-prev\"><\/div><div class=\"swiper-button-next\"><\/div><\/div>\n","protected":false},"excerpt":{"rendered":"<p>Convaincue de la place essentielle des femmes dans la lutte contre les changements climatiques, l\u2019ADEAR Limousin d\u00e9veloppe depuis 2023 ses actions pour former, accompagner, soutenir les paysannes dans leurs pratiques &hellip; <a href=\"https:\/\/adearlimousin.com\/index.php\/questions-de-genre-en-agriculture\/\" class=\"more-link\">Lire la suite <span class=\"screen-reader-text\">Questions de genre en agriculture<\/span><\/a><\/p>\n","protected":false},"author":1,"featured_media":0,"parent":0,"menu_order":0,"comment_status":"closed","ping_status":"closed","template":"","meta":{"_uag_custom_page_level_css":"","_EventAllDay":false,"_EventTimezone":"","_EventStartDate":"","_EventEndDate":"","_EventStartDateUTC":"","_EventEndDateUTC":"","_EventShowMap":false,"_EventShowMapLink":false,"_EventURL":"","_EventCost":"","_EventCostDescription":"","_EventCurrencySymbol":"","_EventCurrencyCode":"","_EventCurrencyPosition":"","_EventDateTimeSeparator":"","_EventTimeRangeSeparator":"","_EventOrganizerID":[],"_EventVenueID":[],"_OrganizerEmail":"","_OrganizerPhone":"","_OrganizerWebsite":"","_VenueAddress":"","_VenueCity":"","_VenueCountry":"","_VenueProvince":"","_VenueState":"","_VenueZip":"","_VenuePhone":"","_VenueURL":"","_VenueStateProvince":"","_VenueLat":"","_VenueLng":"","_VenueShowMap":false,"_VenueShowMapLink":false,"footnotes":""},"class_list":["post-8719","page","type-page","status-publish","hentry","without-featured-image"],"yoast_head":"<!-- This site is optimized with the Yoast SEO plugin v27.1.1 - https:\/\/yoast.com\/product\/yoast-seo-wordpress\/ -->\n<title>Questions de genre en agriculture - ADEAR Limousin<\/title>\n<meta name=\"robots\" content=\"index, follow, max-snippet:-1, max-image-preview:large, max-video-preview:-1\" \/>\n<link rel=\"canonical\" href=\"https:\/\/adearlimousin.com\/index.php\/questions-de-genre-en-agriculture\/\" \/>\n<meta property=\"og:locale\" content=\"fr_FR\" \/>\n<meta property=\"og:type\" content=\"article\" \/>\n<meta property=\"og:title\" content=\"Questions de genre en agriculture - ADEAR Limousin\" \/>\n<meta property=\"og:description\" content=\"Convaincue de la place essentielle des femmes dans la lutte contre les changements climatiques, l\u2019ADEAR Limousin d\u00e9veloppe depuis 2023 ses actions pour former, accompagner, soutenir les paysannes dans leurs pratiques &hellip; Lire la suite Questions de genre en agriculture\" \/>\n<meta property=\"og:url\" content=\"https:\/\/adearlimousin.com\/index.php\/questions-de-genre-en-agriculture\/\" \/>\n<meta property=\"og:site_name\" content=\"ADEAR Limousin\" \/>\n<meta property=\"article:publisher\" content=\"https:\/\/www.facebook.com\/adearlimousin\" \/>\n<meta property=\"article:modified_time\" content=\"2026-04-15T16:12:22+00:00\" \/>\n<meta property=\"og:image\" content=\"https:\/\/adearlimousin.com\/wp-content\/uploads\/2026\/04\/IMG_1311-scaled.jpg\" \/>\n\t<meta property=\"og:image:width\" content=\"2560\" \/>\n\t<meta property=\"og:image:height\" content=\"1920\" \/>\n\t<meta property=\"og:image:type\" content=\"image\/jpeg\" \/>\n<meta name=\"twitter:card\" content=\"summary_large_image\" \/>\n<meta name=\"twitter:label1\" content=\"Dur\u00e9e de lecture estim\u00e9e\" \/>\n\t<meta name=\"twitter:data1\" content=\"2 minutes\" \/>\n<script type=\"application\/ld+json\" class=\"yoast-schema-graph\">{\"@context\":\"https:\/\/schema.org\",\"@graph\":[{\"@type\":\"WebPage\",\"@id\":\"https:\/\/adearlimousin.com\/index.php\/questions-de-genre-en-agriculture\/\",\"url\":\"https:\/\/adearlimousin.com\/index.php\/questions-de-genre-en-agriculture\/\",\"name\":\"Questions de genre en agriculture - ADEAR Limousin\",\"isPartOf\":{\"@id\":\"https:\/\/adearlimousin.com\/#website\"},\"primaryImageOfPage\":{\"@id\":\"https:\/\/adearlimousin.com\/index.php\/questions-de-genre-en-agriculture\/#primaryimage\"},\"image\":{\"@id\":\"https:\/\/adearlimousin.com\/index.php\/questions-de-genre-en-agriculture\/#primaryimage\"},\"thumbnailUrl\":\"https:\/\/adearlimousin.com\/wp-content\/uploads\/2026\/04\/IMG_1311-1024x768.jpg\",\"datePublished\":\"2026-04-15T16:12:21+00:00\",\"dateModified\":\"2026-04-15T16:12:22+00:00\",\"breadcrumb\":{\"@id\":\"https:\/\/adearlimousin.com\/index.php\/questions-de-genre-en-agriculture\/#breadcrumb\"},\"inLanguage\":\"fr-FR\",\"potentialAction\":[{\"@type\":\"ReadAction\",\"target\":[\"https:\/\/adearlimousin.com\/index.php\/questions-de-genre-en-agriculture\/\"]}]},{\"@type\":\"ImageObject\",\"inLanguage\":\"fr-FR\",\"@id\":\"https:\/\/adearlimousin.com\/index.php\/questions-de-genre-en-agriculture\/#primaryimage\",\"url\":\"https:\/\/adearlimousin.com\/wp-content\/uploads\/2026\/04\/IMG_1311-scaled.jpg\",\"contentUrl\":\"https:\/\/adearlimousin.com\/wp-content\/uploads\/2026\/04\/IMG_1311-scaled.jpg\",\"width\":2560,\"height\":1920},{\"@type\":\"BreadcrumbList\",\"@id\":\"https:\/\/adearlimousin.com\/index.php\/questions-de-genre-en-agriculture\/#breadcrumb\",\"itemListElement\":[{\"@type\":\"ListItem\",\"position\":1,\"name\":\"Accueil\",\"item\":\"https:\/\/adearlimousin.com\/\"},{\"@type\":\"ListItem\",\"position\":2,\"name\":\"Questions de genre en agriculture\"}]},{\"@type\":\"WebSite\",\"@id\":\"https:\/\/adearlimousin.com\/#website\",\"url\":\"https:\/\/adearlimousin.com\/\",\"name\":\"ADEAR Limousin\",\"description\":\"\u00catre paysan\u00b7ne en Limousin\",\"publisher\":{\"@id\":\"https:\/\/adearlimousin.com\/#organization\"},\"potentialAction\":[{\"@type\":\"SearchAction\",\"target\":{\"@type\":\"EntryPoint\",\"urlTemplate\":\"https:\/\/adearlimousin.com\/?s={search_term_string}\"},\"query-input\":{\"@type\":\"PropertyValueSpecification\",\"valueRequired\":true,\"valueName\":\"search_term_string\"}}],\"inLanguage\":\"fr-FR\"},{\"@type\":\"Organization\",\"@id\":\"https:\/\/adearlimousin.com\/#organization\",\"name\":\"Adear Limousin\",\"url\":\"https:\/\/adearlimousin.com\/\",\"logo\":{\"@type\":\"ImageObject\",\"inLanguage\":\"fr-FR\",\"@id\":\"https:\/\/adearlimousin.com\/#\/schema\/logo\/image\/\",\"url\":\"https:\/\/adearlimousin.com\/wp-content\/uploads\/2017\/04\/ADEARLimousin-RAP_V14cm.jpg\",\"contentUrl\":\"https:\/\/adearlimousin.com\/wp-content\/uploads\/2017\/04\/ADEARLimousin-RAP_V14cm.jpg\",\"width\":142,\"height\":118,\"caption\":\"Adear Limousin\"},\"image\":{\"@id\":\"https:\/\/adearlimousin.com\/#\/schema\/logo\/image\/\"},\"sameAs\":[\"https:\/\/www.facebook.com\/adearlimousin\"]}]}<\/script>\n<!-- \/ Yoast SEO plugin. -->","yoast_head_json":{"title":"Questions de genre en agriculture - ADEAR Limousin","robots":{"index":"index","follow":"follow","max-snippet":"max-snippet:-1","max-image-preview":"max-image-preview:large","max-video-preview":"max-video-preview:-1"},"canonical":"https:\/\/adearlimousin.com\/index.php\/questions-de-genre-en-agriculture\/","og_locale":"fr_FR","og_type":"article","og_title":"Questions de genre en agriculture - ADEAR Limousin","og_description":"Convaincue de la place essentielle des femmes dans la lutte contre les changements climatiques, l\u2019ADEAR Limousin d\u00e9veloppe depuis 2023 ses actions pour former, accompagner, soutenir les paysannes dans leurs pratiques &hellip; Lire la suite Questions de genre en agriculture","og_url":"https:\/\/adearlimousin.com\/index.php\/questions-de-genre-en-agriculture\/","og_site_name":"ADEAR Limousin","article_publisher":"https:\/\/www.facebook.com\/adearlimousin","article_modified_time":"2026-04-15T16:12:22+00:00","og_image":[{"width":2560,"height":1920,"url":"https:\/\/adearlimousin.com\/wp-content\/uploads\/2026\/04\/IMG_1311-scaled.jpg","type":"image\/jpeg"}],"twitter_card":"summary_large_image","twitter_misc":{"Dur\u00e9e de lecture estim\u00e9e":"2 minutes"},"schema":{"@context":"https:\/\/schema.org","@graph":[{"@type":"WebPage","@id":"https:\/\/adearlimousin.com\/index.php\/questions-de-genre-en-agriculture\/","url":"https:\/\/adearlimousin.com\/index.php\/questions-de-genre-en-agriculture\/","name":"Questions de genre en agriculture - ADEAR Limousin","isPartOf":{"@id":"https:\/\/adearlimousin.com\/#website"},"primaryImageOfPage":{"@id":"https:\/\/adearlimousin.com\/index.php\/questions-de-genre-en-agriculture\/#primaryimage"},"image":{"@id":"https:\/\/adearlimousin.com\/index.php\/questions-de-genre-en-agriculture\/#primaryimage"},"thumbnailUrl":"https:\/\/adearlimousin.com\/wp-content\/uploads\/2026\/04\/IMG_1311-1024x768.jpg","datePublished":"2026-04-15T16:12:21+00:00","dateModified":"2026-04-15T16:12:22+00:00","breadcrumb":{"@id":"https:\/\/adearlimousin.com\/index.php\/questions-de-genre-en-agriculture\/#breadcrumb"},"inLanguage":"fr-FR","potentialAction":[{"@type":"ReadAction","target":["https:\/\/adearlimousin.com\/index.php\/questions-de-genre-en-agriculture\/"]}]},{"@type":"ImageObject","inLanguage":"fr-FR","@id":"https:\/\/adearlimousin.com\/index.php\/questions-de-genre-en-agriculture\/#primaryimage","url":"https:\/\/adearlimousin.com\/wp-content\/uploads\/2026\/04\/IMG_1311-scaled.jpg","contentUrl":"https:\/\/adearlimousin.com\/wp-content\/uploads\/2026\/04\/IMG_1311-scaled.jpg","width":2560,"height":1920},{"@type":"BreadcrumbList","@id":"https:\/\/adearlimousin.com\/index.php\/questions-de-genre-en-agriculture\/#breadcrumb","itemListElement":[{"@type":"ListItem","position":1,"name":"Accueil","item":"https:\/\/adearlimousin.com\/"},{"@type":"ListItem","position":2,"name":"Questions de genre en agriculture"}]},{"@type":"WebSite","@id":"https:\/\/adearlimousin.com\/#website","url":"https:\/\/adearlimousin.com\/","name":"ADEAR Limousin","description":"\u00catre paysan\u00b7ne en Limousin","publisher":{"@id":"https:\/\/adearlimousin.com\/#organization"},"potentialAction":[{"@type":"SearchAction","target":{"@type":"EntryPoint","urlTemplate":"https:\/\/adearlimousin.com\/?s={search_term_string}"},"query-input":{"@type":"PropertyValueSpecification","valueRequired":true,"valueName":"search_term_string"}}],"inLanguage":"fr-FR"},{"@type":"Organization","@id":"https:\/\/adearlimousin.com\/#organization","name":"Adear Limousin","url":"https:\/\/adearlimousin.com\/","logo":{"@type":"ImageObject","inLanguage":"fr-FR","@id":"https:\/\/adearlimousin.com\/#\/schema\/logo\/image\/","url":"https:\/\/adearlimousin.com\/wp-content\/uploads\/2017\/04\/ADEARLimousin-RAP_V14cm.jpg","contentUrl":"https:\/\/adearlimousin.com\/wp-content\/uploads\/2017\/04\/ADEARLimousin-RAP_V14cm.jpg","width":142,"height":118,"caption":"Adear Limousin"},"image":{"@id":"https:\/\/adearlimousin.com\/#\/schema\/logo\/image\/"},"sameAs":["https:\/\/www.facebook.com\/adearlimousin"]}]}},"uagb_featured_image_src":{"full":false,"thumbnail":false,"medium":false,"medium_large":false,"large":false,"1536x1536":false,"2048x2048":false,"post-thumbnail":false,"sela-hero-thumbnail":false,"sela-page-thumbnail":false,"sela-grid-thumbnail":false,"sela-testimonial-thumbnail":false,"sela-logo":false},"uagb_author_info":{"display_name":"Adearlim","author_link":"https:\/\/adearlimousin.com\/index.php\/author\/admin3869\/"},"uagb_comment_info":0,"uagb_excerpt":"Convaincue de la place essentielle des femmes dans la lutte contre les changements climatiques, l\u2019ADEAR Limousin d\u00e9veloppe depuis 2023 ses actions pour former, accompagner, soutenir les paysannes dans leurs pratiques &hellip; Lire la suite Questions de genre en agriculture","jetpack_sharing_enabled":true,"jetpack_shortlink":"https:\/\/wp.me\/P8DPFj-2gD","jetpack_likes_enabled":false,"_links":{"self":[{"href":"https:\/\/adearlimousin.com\/index.php\/wp-json\/wp\/v2\/pages\/8719","targetHints":{"allow":["GET"]}}],"collection":[{"href":"https:\/\/adearlimousin.com\/index.php\/wp-json\/wp\/v2\/pages"}],"about":[{"href":"https:\/\/adearlimousin.com\/index.php\/wp-json\/wp\/v2\/types\/page"}],"author":[{"embeddable":true,"href":"https:\/\/adearlimousin.com\/index.php\/wp-json\/wp\/v2\/users\/1"}],"replies":[{"embeddable":true,"href":"https:\/\/adearlimousin.com\/index.php\/wp-json\/wp\/v2\/comments?post=8719"}],"version-history":[{"count":8,"href":"https:\/\/adearlimousin.com\/index.php\/wp-json\/wp\/v2\/pages\/8719\/revisions"}],"predecessor-version":[{"id":8731,"href":"https:\/\/adearlimousin.com\/index.php\/wp-json\/wp\/v2\/pages\/8719\/revisions\/8731"}],"wp:attachment":[{"href":"https:\/\/adearlimousin.com\/index.php\/wp-json\/wp\/v2\/media?parent=8719"}],"curies":[{"name":"wp","href":"https:\/\/api.w.org\/{rel}","templated":true}]}}